{"id":7656,"date":"2022-11-07T15:29:32","date_gmt":"2022-11-07T14:29:32","guid":{"rendered":"https:\/\/fcaresystems.com\/produkte\/consumables\/"},"modified":"2023-10-10T15:02:58","modified_gmt":"2023-10-10T13:02:58","slug":"verbrauchsmaterialien","status":"publish","type":"page","link":"https:\/\/fcaresystems.com\/de\/produkte\/verbrauchsmaterialien\/","title":{"rendered":"Verbrauchsmaterialien"},"content":{"rendered":"\n<div class=\"wp-block-fcs-core-container o-container\">\n<div class=\"wp-block-fcs-core-spacer u-padding-md-lg u-padding-md\"><\/div>\n\n\n\n<div class=\"wp-block-group c-breadcrumb\"><div class=\"wp-block-group__inner-container is-layout-flow wp-block-group-is-layout-flow\"><span><span><a href=\"https:\/\/fcaresystems.com\/de\/\">Home<\/a><\/span><\/span>\n<\/div><\/div>\n\n\n\n<div class=\"wp-block-fcs-core-spacer u-padding-xs-lg u-padding-xs\"><\/div>\n\n\n\n<h1 class=\"wp-block-heading has-secondary-color has-text-color\">Grundlegendes Einweg-Behandlungszubeh\u00f6r <\/h1>\n\n\n\n<div class=\"wp-block-fcs-core-spacer u-padding-sm-lg u-padding-sm\"><\/div>\n\n\n\n<div class=\"wp-block-fcs-core-icon-buttons c-buttons--icon\">\n<a href=\"#haemorrhoids\" class=\"wp-block-fcs-core-icon-button c-button c-button--icon-inline\"><img loading=\"lazy\" decoding=\"async\" src=\"https:\/\/fcaresystems.com\/wp-content\/uploads\/2022\/11\/icon-proctology.svg\" width=\"34\" height=\"32\"\/>H\u00e4morrhoiden<\/a>\n\n\n\n<a href=\"#analfistulas\" class=\"wp-block-fcs-core-icon-button c-button c-button--icon-inline\"><img loading=\"lazy\" decoding=\"async\" src=\"https:\/\/fcaresystems.com\/wp-content\/uploads\/2022\/11\/icon-proctology.svg\" width=\"34\" height=\"32\"\/>Analfisteln <\/a>\n\n\n\n<a href=\"#varicoseveins\" class=\"wp-block-fcs-core-icon-button c-button c-button--icon-inline\"><img loading=\"lazy\" decoding=\"async\" src=\"https:\/\/fcaresystems.com\/wp-content\/uploads\/2022\/11\/icon-phlebology.svg\" width=\"13\" height=\"32\"\/>Krampfadern<\/a>\n\n\n\n<a href=\"#skindisorders\" class=\"wp-block-fcs-core-icon-button c-button c-button--icon-inline\"><img loading=\"lazy\" decoding=\"async\" src=\"https:\/\/fcaresystems.com\/wp-content\/uploads\/2022\/11\/icon-aesthetic-dermatology.svg\" width=\"22\" height=\"32\"\/>Hauterkrankungen<\/a>\n<\/div>\n\n\n\n<div class=\"wp-block-fcs-core-spacer u-padding-lg-lg u-padding-md\"><\/div>\n\n\n\n<div class=\"wp-block-columns is-style-smallgap is-layout-flex wp-container-core-columns-is-layout-9d6595d7 wp-block-columns-is-layout-flex\">\n<div class=\"wp-block-column is-layout-flow wp-block-column-is-layout-flow\">\n<h2 class=\"wp-block-heading has-primary-color has-text-color\" id=\"haemorrhoids\">f\u00fcr H\u00e4morrhoiden<\/h2>\n<\/div>\n\n\n\n<div class=\"wp-block-column is-layout-flow wp-block-column-is-layout-flow\"><div class=\"c-card__wrapper\">\n    <a href=\"https:\/\/fcaresystems.com\/de\/produkte\/verbrauchsmaterialien\/rf-sonden\/\" class=\"c-card c-card--product\">\n    <figure>\n    <img decoding=\"async\" src=\"https:\/\/fcaresystems.com\/wp-content\/uploads\/2022\/11\/radiofrequency-probe-HPR45i.jpg\" alt=\"\" title=\"\" width=\"1080\" height=\"810\" loading=\"lazy\" \/>\n    <\/figure>\n        <div class=\"u-padding-sm o-flex o-flex-column o-flex-justify-content-between o-flex-grow\">\n            <div>\n                <h3>RF-Sonden<\/h3>\n                <p>W\u00e4hlen Sie zwischen der HPR45i-Nadelsonde f\u00fcr das Einf\u00fchren in die H\u00e4morrhoiden oder der Kugelsonde Sphera f\u00fcr die Koagulation nur an der Oberfl\u00e4che.<\/p>\n            <\/div>\n            <p class=\"c-button-link c-button-link--icon u-margin-none\">Weiterlesen<\/p>\n        <\/div>\n    <\/a>\n<\/div><\/div>\n\n\n\n<div class=\"wp-block-column is-layout-flow wp-block-column-is-layout-flow\"><\/div>\n<\/div>\n\n\n\n<div class=\"wp-block-fcs-core-spacer u-padding-md-lg u-padding-md\"><\/div>\n\n\n\n<div class=\"wp-block-columns is-style-smallgap is-layout-flex wp-container-core-columns-is-layout-9d6595d7 wp-block-columns-is-layout-flex\">\n<div class=\"wp-block-column is-layout-flow wp-block-column-is-layout-flow\">\n<h2 class=\"wp-block-heading has-primary-color has-text-color\" id=\"haemorrhoids\"><\/h2>\n<\/div>\n\n\n\n<div class=\"wp-block-column is-layout-flow wp-block-column-is-layout-flow\"><div class=\"c-card__wrapper\">\n    <a href=\"https:\/\/fcaresystems.com\/de\/produkte\/verbrauchsmaterialien\/anoskope\/\" class=\"c-card c-card--product\">\n    <figure>\n    <img decoding=\"async\" src=\"https:\/\/fcaresystems.com\/wp-content\/uploads\/2023\/09\/05ANOL_Anoscope-96xO23mm_01-1.jpg\" alt=\"\" title=\"\" width=\"1080\" height=\"810\" loading=\"lazy\" \/>\n    <\/figure>\n        <div class=\"u-padding-sm o-flex o-flex-column o-flex-justify-content-between o-flex-grow\">\n            <div>\n                <h3>Anoskope<\/h3>\n                <p>Unsere Schlitz-Anoskopsets bieten ausgezeichnete Sicht und Man\u00f6vrierf\u00e4higkeit.<\/p>\n            <\/div>\n            <p class=\"c-button-link c-button-link--icon u-margin-none\">Weiterlesen<\/p>\n        <\/div>\n    <\/a>\n<\/div><\/div>\n\n\n\n<div class=\"wp-block-column is-layout-flow wp-block-column-is-layout-flow\"><div class=\"c-card__wrapper\">\n    <a href=\"https:\/\/fcaresystems.com\/de\/produkte\/verbrauchsmaterialien\/rafaelo-pack\/\" class=\"c-card c-card--product\">\n    <figure>\n    <img decoding=\"async\" src=\"https:\/\/fcaresystems.com\/wp-content\/uploads\/2023\/09\/06RAFAELOPACK_Rafaelo-Pack_Content-and-box_03.jpg\" alt=\"\" title=\"\" width=\"1080\" height=\"810\" loading=\"lazy\" \/>\n    <\/figure>\n        <div class=\"u-padding-sm o-flex o-flex-column o-flex-justify-content-between o-flex-grow\">\n            <div>\n                <h3>Rafaelo-Pack<\/h3>\n                <p>Ein komplettes Set mit Einwegzubeh\u00f6r f\u00fcr die Durchf\u00fchrung des Rafaelo\u00ae-Verfahrens.<\/p>\n            <\/div>\n            <p class=\"c-button-link c-button-link--icon u-margin-none\">Weiterlesen<\/p>\n        <\/div>\n    <\/a>\n<\/div><\/div>\n<\/div>\n\n\n\n<div class=\"wp-block-fcs-core-spacer u-padding-xl-lg u-padding-md\"><\/div>\n\n\n\n<div class=\"wp-block-columns is-style-smallgap is-layout-flex wp-container-core-columns-is-layout-9d6595d7 wp-block-columns-is-layout-flex\">\n<div class=\"wp-block-column is-layout-flow wp-block-column-is-layout-flow\">\n<h2 class=\"wp-block-heading has-primary-color has-text-color\" id=\"analfistulas\">f\u00fcr Analfisteln<\/h2>\n<\/div>\n\n\n\n<div class=\"wp-block-column is-layout-flow wp-block-column-is-layout-flow\"><div class=\"c-card__wrapper\">\n    <a href=\"https:\/\/fcaresystems.com\/de\/produkte\/verbrauchsmaterialien\/fistura-rf-ablationskatheter\/\" class=\"c-card c-card--product\">\n    <figure>\n    <img decoding=\"async\" src=\"https:\/\/fcaresystems.com\/wp-content\/uploads\/2022\/11\/fistula-catheter-6F.jpg\" alt=\"\" title=\"\" width=\"1080\" height=\"810\" loading=\"lazy\" \/>\n    <\/figure>\n        <div class=\"u-padding-sm o-flex o-flex-column o-flex-justify-content-between o-flex-grow\">\n            <div>\n                <h3>RF-Katheter Fistura<\/h3>\n                <p>Erh\u00e4ltlich in verschiedenen Gr\u00f6\u00dfen f\u00fcr die Behandlung von Fisteln mit unterschiedlichem Durchmesser.<\/p>\n            <\/div>\n            <p class=\"c-button-link c-button-link--icon u-margin-none\">Weiterlesen<\/p>\n        <\/div>\n    <\/a>\n<\/div><\/div>\n\n\n\n<div class=\"wp-block-column is-layout-flow wp-block-column-is-layout-flow\"><div class=\"c-card__wrapper\">\n    <a href=\"https:\/\/fcaresystems.com\/de\/produkte\/verbrauchsmaterialien\/fistura-pack\/\" class=\"c-card c-card--product\">\n    <figure>\n    <img decoding=\"async\" src=\"https:\/\/fcaresystems.com\/wp-content\/uploads\/2023\/01\/Fistura-pack-1.jpg\" alt=\"\" title=\"\" width=\"1080\" height=\"810\" loading=\"lazy\" \/>\n    <\/figure>\n        <div class=\"u-padding-sm o-flex o-flex-column o-flex-justify-content-between o-flex-grow\">\n            <div>\n                <h3>Fistura-Pack<\/h3>\n                <p>Ein komplettes Set mit Einwegzubeh\u00f6r f\u00fcr die Durchf\u00fchrung des Fistura\u00ae-Verfahrens.<\/p>\n            <\/div>\n            <p class=\"c-button-link c-button-link--icon u-margin-none\">Weiterlesen<\/p>\n        <\/div>\n    <\/a>\n<\/div><\/div>\n<\/div>\n\n\n\n<div class=\"wp-block-fcs-core-spacer u-padding-xl-lg u-padding-md\"><\/div>\n\n\n\n<div class=\"wp-block-columns is-style-smallgap is-layout-flex wp-container-core-columns-is-layout-9d6595d7 wp-block-columns-is-layout-flex\">\n<div class=\"wp-block-column is-layout-flow wp-block-column-is-layout-flow\">\n<h2 class=\"wp-block-heading has-primary-color has-text-color\" id=\"varicoseveins\">f\u00fcr Krampfadern<\/h2>\n<\/div>\n\n\n\n<div class=\"wp-block-column is-layout-flow wp-block-column-is-layout-flow\"><div class=\"c-card__wrapper\">\n    <a href=\"https:\/\/fcaresystems.com\/de\/produkte\/verbrauchsmaterialien\/veineo-rf-katheter\/\" class=\"c-card c-card--product\">\n    <figure>\n    <img decoding=\"async\" src=\"https:\/\/fcaresystems.com\/wp-content\/uploads\/2022\/11\/Veineo-thermal-ablation-catheters.jpg\" alt=\"\" title=\"\" width=\"1080\" height=\"810\" loading=\"lazy\" \/>\n    <\/figure>\n        <div class=\"u-padding-sm o-flex o-flex-column o-flex-justify-content-between o-flex-grow\">\n            <div>\n                <h3>RF-Katheter Veineo<\/h3>\n                <p>Unzerbrechlich und dennoch au\u00dferordentlich flexibel \u2013 folgen  m\u00fchelos auch den gewundensten Venen.<\/p>\n            <\/div>\n            <p class=\"c-button-link c-button-link--icon u-margin-none\">Weiterlesen<\/p>\n        <\/div>\n    <\/a>\n<\/div><\/div>\n\n\n\n<div class=\"wp-block-column is-layout-flow wp-block-column-is-layout-flow\"><div class=\"c-card__wrapper\">\n    <a href=\"https:\/\/fcaresystems.com\/de\/produkte\/verbrauchsmaterialien\/cr45i-packs\/\" class=\"c-card c-card--product\">\n    <figure>\n    <img decoding=\"async\" src=\"https:\/\/fcaresystems.com\/wp-content\/uploads\/2023\/02\/06CR45iPACK-S_CR45i-S-Pack-with-6F-introducer-set_02.jpg\" alt=\"\" title=\"\" width=\"1080\" height=\"810\" loading=\"lazy\" \/>\n    <\/figure>\n        <div class=\"u-padding-sm o-flex o-flex-column o-flex-justify-content-between o-flex-grow\">\n            <div>\n                <h3>CR45i Packs<\/h3>\n                <p>Alles, was Gef\u00e4\u00dfspezialisten f\u00fcr die RF-Ablation von Stammvenen ben\u00f6tigen.<\/p>\n            <\/div>\n            <p class=\"c-button-link c-button-link--icon u-margin-none\">Weiterlesen<\/p>\n        <\/div>\n    <\/a>\n<\/div><\/div>\n<\/div>\n\n\n\n<div class=\"wp-block-fcs-core-spacer u-padding-md-lg u-padding-md\"><\/div>\n\n\n\n<div class=\"wp-block-columns is-style-smallgap is-layout-flex wp-container-core-columns-is-layout-9d6595d7 wp-block-columns-is-layout-flex\">\n<div class=\"wp-block-column is-layout-flow wp-block-column-is-layout-flow\">\n<h2 class=\"wp-block-heading has-primary-color has-text-color\" id=\"varicoseveins\"><\/h2>\n<\/div>\n\n\n\n<div class=\"wp-block-column is-layout-flow wp-block-column-is-layout-flow\"><\/div>\n\n\n\n<div class=\"wp-block-column is-layout-flow wp-block-column-is-layout-flow\"><\/div>\n<\/div>\n\n\n\n<div class=\"wp-block-fcs-core-spacer u-padding-xl-lg u-padding-md\"><\/div>\n\n\n\n<div class=\"wp-block-columns is-style-smallgap is-layout-flex wp-container-core-columns-is-layout-9d6595d7 wp-block-columns-is-layout-flex\">\n<div class=\"wp-block-column is-layout-flow wp-block-column-is-layout-flow\">\n<h2 class=\"wp-block-heading has-primary-color has-text-color\" id=\"skindisorders\">f\u00fcr Hauterkrankungen<\/h2>\n<\/div>\n\n\n\n<div class=\"wp-block-column is-layout-flow wp-block-column-is-layout-flow\"><div class=\"c-card__wrapper\">\n    <a href=\"https:\/\/fcaresystems.com\/de\/produkte\/verbrauchsmaterialien\/rf-nadeln\/\" class=\"c-card c-card--product\">\n    <figure>\n    <img decoding=\"async\" src=\"https:\/\/fcaresystems.com\/wp-content\/uploads\/2022\/11\/needle-holder-skin-therapy.jpg\" alt=\"\" title=\"\" width=\"1080\" height=\"810\" loading=\"lazy\" \/>\n    <\/figure>\n        <div class=\"u-padding-sm o-flex o-flex-column o-flex-justify-content-between o-flex-grow\">\n            <div>\n                <h3>RF-Nadeln und Nadelhalterung<\/h3>\n                <p>Ultrafeine Nadeln f\u00fcr die Durchf\u00fchrung filigraner dermatologischer Eingriffe.<\/p>\n            <\/div>\n            <p class=\"c-button-link c-button-link--icon u-margin-none\">Weiterlesen<\/p>\n        <\/div>\n    <\/a>\n<\/div><\/div>\n\n\n\n<div class=\"wp-block-column is-layout-flow wp-block-column-is-layout-flow\"><\/div>\n<\/div>\n\n\n\n<div class=\"wp-block-fcs-core-spacer u-padding-xl-lg u-padding-md\"><\/div>\n<\/div>\n","protected":false},"excerpt":{"rendered":"","protected":false},"author":1,"featured_media":0,"parent":7650,"menu_order":0,"comment_status":"closed","ping_status":"closed","template":"","meta":{"_color_hex":"","_color_slug":"","footnotes":""},"class_list":["post-7656","page","type-page","status-publish","hentry"],"yoast_head":"<!-- This site is optimized with the Yoast SEO plugin v27.0 - https:\/\/yoast.com\/product\/yoast-seo-wordpress\/ -->\n<title>Medizinische Verbrauchsmaterialien | F Care Systems<\/title>\n<meta name=\"description\" content=\"Ein \u00dcberblick \u00fcber unsere Einwegkatheter, Behandlungszubeh\u00f6r und Kits.\" \/>\n<meta name=\"robots\" content=\"index, follow, max-snippet:-1, max-image-preview:large, max-video-preview:-1\" \/>\n<link rel=\"canonical\" href=\"https:\/\/fcaresystems.com\/de\/produkte\/verbrauchsmaterialien\/\" \/>\n<meta property=\"og:locale\" content=\"de_DE\" \/>\n<meta property=\"og:type\" content=\"article\" \/>\n<meta property=\"og:title\" content=\"Medizinische Verbrauchsmaterialien | F Care Systems\" \/>\n<meta property=\"og:description\" content=\"Ein \u00dcberblick \u00fcber unsere Einwegkatheter, Behandlungszubeh\u00f6r und Kits.\" \/>\n<meta property=\"og:url\" content=\"https:\/\/fcaresystems.com\/de\/produkte\/verbrauchsmaterialien\/\" \/>\n<meta property=\"og:site_name\" content=\"F Care Systems\" \/>\n<meta property=\"article:modified_time\" content=\"2023-10-10T13:02:58+00:00\" \/>\n<meta property=\"og:image\" content=\"https:\/\/fcaresystems.com\/wp-content\/uploads\/2022\/11\/icon-proctology.svg\" \/>\n<meta name=\"twitter:card\" content=\"summary_large_image\" \/>\n<meta name=\"twitter:label1\" content=\"Gesch\u00e4tzte Lesezeit\" \/>\n\t<meta name=\"twitter:data1\" content=\"1\u00a0Minute\" \/>\n<script type=\"application\/ld+json\" class=\"yoast-schema-graph\">{\"@context\":\"https:\/\/schema.org\",\"@graph\":[{\"@type\":\"WebPage\",\"@id\":\"https:\/\/fcaresystems.com\/de\/produkte\/verbrauchsmaterialien\/\",\"url\":\"https:\/\/fcaresystems.com\/de\/produkte\/verbrauchsmaterialien\/\",\"name\":\"Medizinische Verbrauchsmaterialien | F Care Systems\",\"isPartOf\":{\"@id\":\"https:\/\/fcaresystems.com\/de\/#website\"},\"primaryImageOfPage\":{\"@id\":\"https:\/\/fcaresystems.com\/de\/produkte\/verbrauchsmaterialien\/#primaryimage\"},\"image\":{\"@id\":\"https:\/\/fcaresystems.com\/de\/produkte\/verbrauchsmaterialien\/#primaryimage\"},\"thumbnailUrl\":\"https:\/\/fcaresystems.com\/wp-content\/uploads\/2022\/11\/icon-proctology.svg\",\"datePublished\":\"2022-11-07T14:29:32+00:00\",\"dateModified\":\"2023-10-10T13:02:58+00:00\",\"description\":\"Ein \u00dcberblick \u00fcber unsere Einwegkatheter, Behandlungszubeh\u00f6r und Kits.\",\"breadcrumb\":{\"@id\":\"https:\/\/fcaresystems.com\/de\/produkte\/verbrauchsmaterialien\/#breadcrumb\"},\"inLanguage\":\"de\",\"potentialAction\":[{\"@type\":\"ReadAction\",\"target\":[\"https:\/\/fcaresystems.com\/de\/produkte\/verbrauchsmaterialien\/\"]}]},{\"@type\":\"ImageObject\",\"inLanguage\":\"de\",\"@id\":\"https:\/\/fcaresystems.com\/de\/produkte\/verbrauchsmaterialien\/#primaryimage\",\"url\":\"https:\/\/fcaresystems.com\/wp-content\/uploads\/2022\/11\/icon-proctology.svg\",\"contentUrl\":\"https:\/\/fcaresystems.com\/wp-content\/uploads\/2022\/11\/icon-proctology.svg\"},{\"@type\":\"BreadcrumbList\",\"@id\":\"https:\/\/fcaresystems.com\/de\/produkte\/verbrauchsmaterialien\/#breadcrumb\",\"itemListElement\":[{\"@type\":\"ListItem\",\"position\":1,\"name\":\"Home\",\"item\":\"https:\/\/fcaresystems.com\/de\/\"},{\"@type\":\"ListItem\",\"position\":2,\"name\":\"Produkte\",\"item\":\"https:\/\/fcaresystems.com\/de\/produkte\/\"},{\"@type\":\"ListItem\",\"position\":3,\"name\":\"Verbrauchsmaterialien\"}]},{\"@type\":\"WebSite\",\"@id\":\"https:\/\/fcaresystems.com\/de\/#website\",\"url\":\"https:\/\/fcaresystems.com\/de\/\",\"name\":\"F Care Systems\",\"description\":\"\",\"publisher\":{\"@id\":\"https:\/\/fcaresystems.com\/de\/#organization\"},\"potentialAction\":[{\"@type\":\"SearchAction\",\"target\":{\"@type\":\"EntryPoint\",\"urlTemplate\":\"https:\/\/fcaresystems.com\/de\/?s={search_term_string}\"},\"query-input\":{\"@type\":\"PropertyValueSpecification\",\"valueRequired\":true,\"valueName\":\"search_term_string\"}}],\"inLanguage\":\"de\"},{\"@type\":\"Organization\",\"@id\":\"https:\/\/fcaresystems.com\/de\/#organization\",\"name\":\"F Care Systems\",\"url\":\"https:\/\/fcaresystems.com\/de\/\",\"logo\":{\"@type\":\"ImageObject\",\"inLanguage\":\"de\",\"@id\":\"https:\/\/fcaresystems.com\/de\/#\/schema\/logo\/image\/\",\"url\":\"https:\/\/fcaresystems.com\/wp-content\/uploads\/2022\/11\/logo-2.svg\",\"contentUrl\":\"https:\/\/fcaresystems.com\/wp-content\/uploads\/2022\/11\/logo-2.svg\",\"caption\":\"F Care Systems\"},\"image\":{\"@id\":\"https:\/\/fcaresystems.com\/de\/#\/schema\/logo\/image\/\"}}]}<\/script>\n<!-- \/ Yoast SEO plugin. -->","yoast_head_json":{"title":"Medizinische Verbrauchsmaterialien | F Care Systems","description":"Ein \u00dcberblick \u00fcber unsere Einwegkatheter, Behandlungszubeh\u00f6r und Kits.","robots":{"index":"index","follow":"follow","max-snippet":"max-snippet:-1","max-image-preview":"max-image-preview:large","max-video-preview":"max-video-preview:-1"},"canonical":"https:\/\/fcaresystems.com\/de\/produkte\/verbrauchsmaterialien\/","og_locale":"de_DE","og_type":"article","og_title":"Medizinische Verbrauchsmaterialien | F Care Systems","og_description":"Ein \u00dcberblick \u00fcber unsere Einwegkatheter, Behandlungszubeh\u00f6r und Kits.","og_url":"https:\/\/fcaresystems.com\/de\/produkte\/verbrauchsmaterialien\/","og_site_name":"F Care Systems","article_modified_time":"2023-10-10T13:02:58+00:00","og_image":[{"url":"https:\/\/fcaresystems.com\/wp-content\/uploads\/2022\/11\/icon-proctology.svg","type":"","width":"","height":""}],"twitter_card":"summary_large_image","twitter_misc":{"Gesch\u00e4tzte Lesezeit":"1\u00a0Minute"},"schema":{"@context":"https:\/\/schema.org","@graph":[{"@type":"WebPage","@id":"https:\/\/fcaresystems.com\/de\/produkte\/verbrauchsmaterialien\/","url":"https:\/\/fcaresystems.com\/de\/produkte\/verbrauchsmaterialien\/","name":"Medizinische Verbrauchsmaterialien | F Care Systems","isPartOf":{"@id":"https:\/\/fcaresystems.com\/de\/#website"},"primaryImageOfPage":{"@id":"https:\/\/fcaresystems.com\/de\/produkte\/verbrauchsmaterialien\/#primaryimage"},"image":{"@id":"https:\/\/fcaresystems.com\/de\/produkte\/verbrauchsmaterialien\/#primaryimage"},"thumbnailUrl":"https:\/\/fcaresystems.com\/wp-content\/uploads\/2022\/11\/icon-proctology.svg","datePublished":"2022-11-07T14:29:32+00:00","dateModified":"2023-10-10T13:02:58+00:00","description":"Ein \u00dcberblick \u00fcber unsere Einwegkatheter, Behandlungszubeh\u00f6r und Kits.","breadcrumb":{"@id":"https:\/\/fcaresystems.com\/de\/produkte\/verbrauchsmaterialien\/#breadcrumb"},"inLanguage":"de","potentialAction":[{"@type":"ReadAction","target":["https:\/\/fcaresystems.com\/de\/produkte\/verbrauchsmaterialien\/"]}]},{"@type":"ImageObject","inLanguage":"de","@id":"https:\/\/fcaresystems.com\/de\/produkte\/verbrauchsmaterialien\/#primaryimage","url":"https:\/\/fcaresystems.com\/wp-content\/uploads\/2022\/11\/icon-proctology.svg","contentUrl":"https:\/\/fcaresystems.com\/wp-content\/uploads\/2022\/11\/icon-proctology.svg"},{"@type":"BreadcrumbList","@id":"https:\/\/fcaresystems.com\/de\/produkte\/verbrauchsmaterialien\/#breadcrumb","itemListElement":[{"@type":"ListItem","position":1,"name":"Home","item":"https:\/\/fcaresystems.com\/de\/"},{"@type":"ListItem","position":2,"name":"Produkte","item":"https:\/\/fcaresystems.com\/de\/produkte\/"},{"@type":"ListItem","position":3,"name":"Verbrauchsmaterialien"}]},{"@type":"WebSite","@id":"https:\/\/fcaresystems.com\/de\/#website","url":"https:\/\/fcaresystems.com\/de\/","name":"F Care Systems","description":"","publisher":{"@id":"https:\/\/fcaresystems.com\/de\/#organization"},"potentialAction":[{"@type":"SearchAction","target":{"@type":"EntryPoint","urlTemplate":"https:\/\/fcaresystems.com\/de\/?s={search_term_string}"},"query-input":{"@type":"PropertyValueSpecification","valueRequired":true,"valueName":"search_term_string"}}],"inLanguage":"de"},{"@type":"Organization","@id":"https:\/\/fcaresystems.com\/de\/#organization","name":"F Care Systems","url":"https:\/\/fcaresystems.com\/de\/","logo":{"@type":"ImageObject","inLanguage":"de","@id":"https:\/\/fcaresystems.com\/de\/#\/schema\/logo\/image\/","url":"https:\/\/fcaresystems.com\/wp-content\/uploads\/2022\/11\/logo-2.svg","contentUrl":"https:\/\/fcaresystems.com\/wp-content\/uploads\/2022\/11\/logo-2.svg","caption":"F Care Systems"},"image":{"@id":"https:\/\/fcaresystems.com\/de\/#\/schema\/logo\/image\/"}}]}},"_links":{"self":[{"href":"https:\/\/fcaresystems.com\/de\/wp-json\/wp\/v2\/pages\/7656","targetHints":{"allow":["GET"]}}],"collection":[{"href":"https:\/\/fcaresystems.com\/de\/wp-json\/wp\/v2\/pages"}],"about":[{"href":"https:\/\/fcaresystems.com\/de\/wp-json\/wp\/v2\/types\/page"}],"author":[{"embeddable":true,"href":"https:\/\/fcaresystems.com\/de\/wp-json\/wp\/v2\/users\/1"}],"replies":[{"embeddable":true,"href":"https:\/\/fcaresystems.com\/de\/wp-json\/wp\/v2\/comments?post=7656"}],"version-history":[{"count":11,"href":"https:\/\/fcaresystems.com\/de\/wp-json\/wp\/v2\/pages\/7656\/revisions"}],"predecessor-version":[{"id":12820,"href":"https:\/\/fcaresystems.com\/de\/wp-json\/wp\/v2\/pages\/7656\/revisions\/12820"}],"up":[{"embeddable":true,"href":"https:\/\/fcaresystems.com\/de\/wp-json\/wp\/v2\/pages\/7650"}],"wp:attachment":[{"href":"https:\/\/fcaresystems.com\/de\/wp-json\/wp\/v2\/media?parent=7656"}],"curies":[{"name":"wp","href":"https:\/\/api.w.org\/{rel}","templated":true}]}}