{"id":7635,"date":"2022-11-18T13:46:20","date_gmt":"2022-11-18T12:46:20","guid":{"rendered":"https:\/\/fcaresystems.com\/patienteninformation\/cellulite\/"},"modified":"2023-07-06T14:51:18","modified_gmt":"2023-07-06T12:51:18","slug":"cellulite","status":"publish","type":"page","link":"https:\/\/fcaresystems.com\/de\/patienteninformation\/cellulite\/","title":{"rendered":"Cellulite"},"content":{"rendered":"\n<section class=\"wp-block-fcs-core-header is-style-gradient--patient\"><header class=\"c-header c-header-wrapper c-header-wrapper-s\"><figure class=\"c-header-img \"><img decoding=\"async\" src=\"https:\/\/fcaresystems.com\/wp-content\/uploads\/2022\/11\/hero-patient-cellulite.jpg\" class=\"c-header-img\"\/><figcaption class=\"c-header-content\"><div class=\"o-container\">\n<div class=\"wp-block-fcs-core-spacer u-padding-sm-lg u-padding-sm\"><\/div>\n\n\n\n<div class=\"wp-block-group c-breadcrumb\"><div class=\"wp-block-group__inner-container is-layout-flow wp-block-group-is-layout-flow\"><span><span><a href=\"https:\/\/fcaresystems.com\/de\/\">Home<\/a><\/span><\/span>\n<\/div><\/div>\n\n\n\n<div class=\"wp-block-fcs-core-spacer u-padding-lg-lg u-padding-md\"><\/div>\n\n\n\n<h1 class=\"wp-block-heading has-white-color has-text-color\"><strong>Behandlung von Cellulite mit Ultraschall<\/strong><\/h1>\n<\/div><\/figcaption><\/figure><\/header><\/section>\n\n\n\n<div class=\"wp-block-fcs-core-container o-container\">\n<div class=\"wp-block-fcs-core-spacer u-padding-lg-lg u-padding-md\"><\/div>\n\n\n\n<div class=\"wp-block-columns is-layout-flex wp-container-core-columns-is-layout-9d6595d7 wp-block-columns-is-layout-flex\">\n<div class=\"wp-block-column is-layout-flow wp-block-column-is-layout-flow\" style=\"flex-basis:75%\">\n<h2 class=\"wp-block-heading has-quaternary-color has-text-color\">Was ist Cellulite?<\/h2>\n\n\n\n<p>Wenn es um Cellulite geht, kann die schiere Menge an Fehlinformationen, die es dazu gibt, \u00fcberw\u00e4ltigend sein. In einer Umfrage gaben sechzig Prozent der Frauen mit Cellulite an, dass sie selbst daran Schuld seien. Aber nichts entspricht weniger der Wahrheit: Cellulite ist bei Frauen so weit verbreitet, dass viele Wissenschaftler sie als \u201esekund\u00e4res Geschlechtsmerkmal\u201c bezeichnen&nbsp;\u2013 \u00e4hnlich wie bei Br\u00fcsten oder breiteren H\u00fcften!<\/p>\n\n\n\n<p>In diesem Sinne wollen wir nicht beschreiben, was Cellulite<em> ist<\/em>, sondern dar\u00fcber sprechen, was sie<em> nicht ist.<\/em><\/p>\n\n\n\n<div class=\"wp-block-fcs-core-spacer u-padding-xs-lg\"><\/div>\n\n\n\n<div class=\"wp-block-columns is-style-smallgap is-layout-flex wp-container-core-columns-is-layout-9d6595d7 wp-block-columns-is-layout-flex\">\n<div class=\"wp-block-column is-layout-flow wp-block-column-is-layout-flow\">\n<figure class=\"wp-block-image size-full\"><img loading=\"lazy\" decoding=\"async\" width=\"364\" height=\"188\" src=\"https:\/\/fcaresystems.com\/wp-content\/uploads\/2022\/11\/treatment-protocol-ultrasound-1.jpg\" alt=\"\" class=\"wp-image-1753\" srcset=\"https:\/\/fcaresystems.com\/wp-content\/uploads\/2022\/11\/treatment-protocol-ultrasound-1.jpg 364w, https:\/\/fcaresystems.com\/wp-content\/uploads\/2022\/11\/treatment-protocol-ultrasound-1-300x155.jpg 300w\" sizes=\"auto, (max-width: 364px) 100vw, 364px\" \/><\/figure>\n\n\n\n<div class=\"wp-block-fcs-core-spacer u-padding-xxs-lg u-padding-sm\"><\/div>\n<\/div>\n\n\n\n<div class=\"wp-block-column is-layout-flow wp-block-column-is-layout-flow\">\n<figure class=\"wp-block-image size-full\"><img loading=\"lazy\" decoding=\"async\" width=\"364\" height=\"188\" src=\"https:\/\/fcaresystems.com\/wp-content\/uploads\/2022\/11\/treatment-protocol-ultrasound-3.jpg\" alt=\"\" class=\"wp-image-1755\" srcset=\"https:\/\/fcaresystems.com\/wp-content\/uploads\/2022\/11\/treatment-protocol-ultrasound-3.jpg 364w, https:\/\/fcaresystems.com\/wp-content\/uploads\/2022\/11\/treatment-protocol-ultrasound-3-300x155.jpg 300w\" sizes=\"auto, (max-width: 364px) 100vw, 364px\" \/><\/figure>\n\n\n\n<div class=\"wp-block-fcs-core-spacer u-padding-xxs-lg u-padding-sm\"><\/div>\n<\/div>\n<\/div>\n\n\n\n<div class=\"wp-block-fcs-core-spacer u-padding-sm-lg\"><\/div>\n\n\n\n<h2 class=\"wp-block-heading has-quaternary-color has-text-color\">Was ist Cellulite nicht?<\/h2>\n\n\n\n<p><strong>Cellulite ist nicht <em>nur<\/em> Fett<\/strong>. Sie h\u00e4ngt mit Gewebeb\u00e4ndern zusammen, die durch die Fettschicht verlaufen. Kreuzweise B\u00e4nder, die bei M\u00e4nnern h\u00e4ufiger vorkommen, halten das Fett besser an Ort und Stelle als parallele B\u00e4nder, die bei Frauen h\u00e4ufiger sind. Unterschiedliche Faktoren (Genetik, Alter, Hormone usw.) k\u00f6nnen dazu f\u00fchren, dass diese B\u00e4nder dicker und steifer werden, die Haut nach unten ziehen und Fett sich Richtung Haut aufw\u00f6lbt&nbsp;\u2013 ein bisschen wie eine Matratze. Diese Kollagenb\u00e4nder sind der Grund daf\u00fcr, dass Ern\u00e4hrung und Bewegung Cellulite selten beeinflussen oder zumindest nicht in dem Ma\u00dfe, wie die unter Cellulite Leidenden es sich w\u00fcnschen w\u00fcrden.<\/p>\n\n\n\n<p><strong>Auch ist Cellulite nicht <em>nur<\/em> ein Adipositas-Problem:<\/strong> Menschen aller Formen und Gr\u00f6\u00dfen entwickeln es. Einige Forschungen deuten darauf hin, dass Adipositas Hormone und Stoffwechsel in einer Weise beeintr\u00e4chtigen kann, die Cellulite verursacht. Zus\u00e4tzliches Gewicht kann zudem vorhandene Cellulite sichtbarer machen, aber die Tatsache, dass Models in Zeitschriften niemals Cellulite zu haben scheinen, hat wahrscheinlich mehr mit der Fotobearbeitung als dem K\u00f6rperbau zu tun.<\/p>\n\n\n\n<p>W\u00e4hrend wir schon dabei sind, Mythen zu entlarven: <strong>Cellulite beruht nicht <em>einfach auf<\/em> Toxinen und Wasseransammlungen.<\/strong> Au\u00dferdem ist es nicht <em>nur<\/em> eine Frage der Eitelkeit&nbsp;\u2013 obwohl sie harmlos ist, kann sie das Selbstvertrauen und Wohlbefinden einer Person dramatisch beeintr\u00e4chtigen.<\/p>\n\n\n\n<div class=\"wp-block-fcs-core-spacer u-padding-sm-lg\"><\/div>\n\n\n\n<h2 class=\"wp-block-heading has-quaternary-color has-text-color\">Kann Cellulite verhindert werden?<\/h2>\n\n\n\n<p>Leider sind sich die Wissenschaftler nicht ganz sicher. Cellulite scheint eine Reihe von Umwelt-, Hormon- und genetischen Faktoren einzubeziehen&nbsp;&#8230; einige davon sind leichter zu beeinflussen als andere:<\/p>\n\n\n\n<ul class=\"wp-block-list\">\n<li><strong>Geschlecht<\/strong>. Obwohl M\u00e4nner Cellulite entwickeln, geschieht das weitaus seltener als bei Frauen (unter 10&nbsp;% vs. \u00fcber 90&nbsp;%). Weibliche Hormone k\u00f6nnen ihre Entwicklung auch auf andere Weise beeinflussen, z. B. durch die Beeintr\u00e4chtigung des Blutflusses oder durch die Ansammlung von Fettgewebe auf bestimmte Weise.<\/li>\n<\/ul>\n\n\n\n<ul class=\"wp-block-list\">\n<li><strong>Alter.<\/strong> Cellulite tritt tendenziell bei \u00e4lteren Menschen st\u00e4rker in Erscheinung&nbsp;\u2013 eine verminderte Durchblutung, gr\u00f6\u00dfere Fettzellen und eine Erschlaffung der Haut k\u00f6nnen alle eine Rolle spielen.<\/li>\n<\/ul>\n\n\n\n<ul class=\"wp-block-list\">\n<li><strong>Ern\u00e4hrung<\/strong>. Eine Ern\u00e4hrung, die reich an Salz und Konservierungsmitteln ist, kann manchmal zu verschiedenen Stoffwechselst\u00f6rungen f\u00fchren (Probleme, wie Ihr K\u00f6rper Lebensmittel in Energie umwandelt), die Cellulite beeintr\u00e4chtigen k\u00f6nnen.<\/li>\n<\/ul>\n\n\n\n<ul class=\"wp-block-list\">\n<li><strong>Blutfluss.<\/strong> Eine verringerte Durchblutung bedeutet, dass weniger Sauerstoff und N\u00e4hrstoffe das Gewebe erreichen, wodurch es an Festigkeit verliert und Fett durchdringen kann.<\/li>\n<\/ul>\n\n\n\n<ul class=\"wp-block-list\">\n<li><strong>Bekleidung.<\/strong> Insbesondere enge Unterw\u00e4sche kann die Durchblutung beeintr\u00e4chtigen und die Wahrscheinlichkeit von Cellulite erh\u00f6hen.<\/li>\n<\/ul>\n\n\n\n<ul class=\"wp-block-list\">\n<li><strong>Wasser.<\/strong> Obwohl Cellulite nicht direkt dadurch verursacht wird, kann Dehydrierung die Haut weniger geschmeidig und Cellulite sichtbarer machen.<\/li>\n<\/ul>\n<\/div>\n\n\n\n<div class=\"wp-block-column is-layout-flow wp-block-column-is-layout-flow\" style=\"flex-basis:25%\"><\/div>\n<\/div>\n<\/div>\n\n\n\n<div class=\"wp-block-fcs-core-spacer u-padding-lg-lg u-padding-md\"><\/div>\n\n\n\n<div class=\"wp-block-group has-quaternary-light-background-color has-background\"><div class=\"wp-block-group__inner-container is-layout-constrained wp-block-group-is-layout-constrained\">\n<div class=\"wp-block-fcs-core-container o-container\">\n<div class=\"wp-block-fcs-core-spacer u-padding-lg-lg u-padding-md\"><\/div>\n\n\n\n<div class=\"wp-block-columns is-layout-flex wp-container-core-columns-is-layout-9d6595d7 wp-block-columns-is-layout-flex\">\n<div class=\"wp-block-column is-layout-flow wp-block-column-is-layout-flow\" style=\"flex-basis:50%\">\n<figure class=\"wp-block-image size-large\"><a href=\"https:\/\/youtu.be\/przMeLhuCZc\" target=\"_blank\" rel=\"noreferrer noopener\"><img loading=\"lazy\" decoding=\"async\" width=\"1024\" height=\"576\" src=\"https:\/\/fcaresystems.com\/wp-content\/uploads\/2023\/01\/Thumbn-Viridex-US-1-1024x576.jpg\" alt=\"\" class=\"wp-image-6536\" srcset=\"https:\/\/fcaresystems.com\/wp-content\/uploads\/2023\/01\/Thumbn-Viridex-US-1-1024x576.jpg 1024w, https:\/\/fcaresystems.com\/wp-content\/uploads\/2023\/01\/Thumbn-Viridex-US-1-300x169.jpg 300w, https:\/\/fcaresystems.com\/wp-content\/uploads\/2023\/01\/Thumbn-Viridex-US-1-768x432.jpg 768w, https:\/\/fcaresystems.com\/wp-content\/uploads\/2023\/01\/Thumbn-Viridex-US-1.jpg 1280w\" sizes=\"auto, (max-width: 1024px) 100vw, 1024px\" \/><\/a><\/figure>\n\n\n\n<div class=\"wp-block-fcs-core-spacer u-padding-xxs-lg u-padding-sm\"><\/div>\n<\/div>\n\n\n\n<div class=\"wp-block-column is-layout-flow wp-block-column-is-layout-flow\" style=\"flex-basis:66.66%\">\n<h2 class=\"wp-block-heading has-quaternary-color has-text-color\">Cellulite-Behandlung mit Ultraschall<\/h2>\n\n\n\n<p>Der Markt ist voll von Cremes, Salben, Nahrungserg\u00e4nzungsmitteln und Gadgets, die bei Cellulite verwendet werden. Einige konzentrieren sich darauf, die Haut aufzupolstern, um das Erscheinungsbild von Cellulite zu reduzieren, w\u00e4hrend andere darauf abzielen, die Durchblutung oder den Stoffwechsel zu unterst\u00fctzen. Medizinische Spas bieten auch zahlreiche M\u00f6glichkeiten, von der Kryotherapie (Einfrieren des Gewebes) \u00fcber die Carboxytherapie (Einspritzen von Kohlendioxid unter die Haut) bis hin zur Subzision (Trennen der Kollagenb\u00e4nder).<\/p>\n\n\n\n<p>Eine spannende Option ist die <mark style=\"background-color:rgba(0, 0, 0, 0)\" class=\"has-inline-color has-primary-color\"><a href=\"https:\/\/fcaresystems.com\/de\/minimalinvasive-behandlungen\/aesthetische-dermatologie\/ultraschallkavitation\/\">Ultraschall-Kavitation<\/a><\/mark>, zum Beispiel mit dem <mark style=\"background-color:rgba(0, 0, 0, 0)\" class=\"has-inline-color has-primary-color\"><a href=\"https:\/\/fcaresystems.com\/de\/produkte\/generatoren\/viridex-us-ultraschallgenerator\/\">Viridex\u00aeUS<\/a><\/mark>-Generator. Auf der Behandlungsfl\u00e4che werden Keramikk\u00f6pfe platziert und Ultraschallwellen werden in die Haut geleitet, wodurch die Fettzellen vibrieren und ihr Fett in das System abgeben. Von dort wird es entweder als Abfall (\u00fcber den Urin) ausgeschwemmt oder energetisch (z. B. durch Bewegung oder Elektrotherapie) verbrannt. Die Ultraschalltherapie f\u00f6rdert auch die Durchblutung und stimuliert die Produktion von Kollagen und Elastin, Proteinen, die die Haut fester und geschmeidiger machen.<\/p>\n\n\n\n<div class=\"wp-block-fcs-core-spacer u-padding-sm-lg u-padding-sm\"><\/div>\n<\/div>\n<\/div>\n\n\n\n<div class=\"wp-block-fcs-core-spacer u-padding-lg-lg u-padding-md\"><\/div>\n<\/div>\n<\/div><\/div>\n\n\n\n<div style=\"background-image:url(https:\/\/fcaresystems.com\/wp-content\/uploads\/2023\/01\/shutterstock_1549485029.jpg)\" class=\"wp-block-choflfcseur-core-parallax c-parallax\">\n<div class=\"wp-block-fcs-core-container o-container\">\n<div class=\"wp-block-fcs-core-spacer u-padding-xxl-lg u-padding-md\"><\/div>\n\n\n\n<div class=\"wp-block-columns is-layout-flex wp-container-core-columns-is-layout-9d6595d7 wp-block-columns-is-layout-flex\">\n<div class=\"wp-block-column has-white-background-color has-background is-layout-flow wp-block-column-is-layout-flow\">\n<div class=\"wp-block-group u-padding-lg\"><div class=\"wp-block-group__inner-container is-layout-constrained wp-block-group-is-layout-constrained\">\n<figure class=\"wp-block-image size-full is-resized\"><img loading=\"lazy\" decoding=\"async\" src=\"https:\/\/fcaresystems.com\/wp-content\/uploads\/2022\/11\/icon-patient.svg\" alt=\"\" class=\"wp-image-335\" width=\"32\" height=\"40\"\/><\/figure>\n\n\n\n<div class=\"wp-block-fcs-core-spacer u-padding-xs-lg u-padding-xs\"><\/div>\n\n\n\n<h2 class=\"wp-block-heading has-quaternary-color has-text-color\">Vorteile der Ultraschall-Kavitation<\/h2>\n\n\n\n<ul class=\"is-style-patient wp-block-list\">\n<li>Minimalinvasiv&nbsp;\u2013 keine Ausfallzeiten, keine An\u00e4sthesie<\/li>\n\n\n\n<li>Kann mit anderen Behandlungen kombiniert werden, um die Wirkung zu verst\u00e4rken<\/li>\n\n\n\n<li>Sicherer und schonender als invasive Verfahren (z. B. Liposuktion)<\/li>\n\n\n\n<li>Vielf\u00e4ltige Vorteile f\u00fcr die Haut<\/li>\n<\/ul>\n<\/div><\/div>\n<\/div>\n\n\n\n<div class=\"wp-block-column is-layout-flow wp-block-column-is-layout-flow\"><\/div>\n<\/div>\n\n\n\n<div class=\"wp-block-fcs-core-spacer u-padding-xxl-lg u-padding-md\"><\/div>\n<\/div>\n<\/div>\n\n\n\n<div class=\"wp-block-group has-secondary-background-color has-background\"><div class=\"wp-block-group__inner-container is-layout-constrained wp-block-group-is-layout-constrained\">\n<div class=\"wp-block-fcs-core-container o-container\">\n<div class=\"wp-block-fcs-core-spacer u-padding-xl-lg u-padding-md\"><\/div>\n\n\n\n<h2 class=\"wp-block-heading has-text-align-center has-white-color has-text-color\">Wo kann ich mich behandeln lassen?<\/h2>\n\n\n\n<div class=\"wp-block-buttons is-content-justification-center is-layout-flex wp-container-core-buttons-is-layout-16018d1d wp-block-buttons-is-layout-flex\">\n<div class=\"wp-block-button is-style-fill\"><a class=\"wp-block-button__link has-quaternary-background-color has-background wp-element-button\" href=\"https:\/\/fcaresystems.com\/de\/kontakt\/\">Kontaktieren Sie uns, um Ihren Ultraschallspezialisten zu finden<\/a><\/div>\n<\/div>\n\n\n\n<div class=\"wp-block-fcs-core-spacer u-padding-xl-lg u-padding-md\"><\/div>\n<\/div>\n<\/div><\/div>\n\n\n\n<div class=\"wp-block-group has-quaternary-background-color has-background\"><div class=\"wp-block-group__inner-container is-layout-flow wp-block-group-is-layout-flow\">\n<div class=\"wp-block-fcs-core-container o-container\">\n<div class=\"wp-block-fcs-core-spacer u-padding-md-lg u-padding-md\"><\/div>\n\n\n\n<div class=\"wp-block-fcs-core-spacer u-padding-md-lg u-padding-md\"><\/div>\n<\/div>\n<\/div><\/div>\n","protected":false},"excerpt":{"rendered":"<p>Auch wenn die Hochglanzzeitschriften es anders darstellen, hat die \u00fcberwiegende Mehrheit der Frauen (und einige M\u00e4nner) Cellulite. Obwohl die Forscher immer noch nicht wissen, wie und warum sie sich entwickelt, gibt es mehrere vielversprechende neue Ans\u00e4tze, um ihr Erscheinungsbild zu minimieren. <\/p>\n","protected":false},"author":1,"featured_media":5259,"parent":7600,"menu_order":5,"comment_status":"closed","ping_status":"closed","template":"","meta":{"_color_hex":"","_color_slug":"","footnotes":""},"class_list":["post-7635","page","type-page","status-publish","has-post-thumbnail","hentry"],"yoast_head":"<!-- This site is optimized with the Yoast SEO plugin v27.5 - https:\/\/yoast.com\/product\/yoast-seo-wordpress\/ -->\n<title>Cellulite-Behandlung mit Ultraschall | F Care Systems<\/title>\n<meta name=\"description\" content=\"Mythen und Fakten zu Cellulite, finden Sie heraus, wie Sie das Erscheinungsbild minimieren k\u00f6nnen, und entdecken Sie Viridex US, eine revolution\u00e4re Therapie mit Ultraschallenergie.\" \/>\n<meta name=\"robots\" content=\"index, follow, max-snippet:-1, max-image-preview:large, max-video-preview:-1\" \/>\n<link rel=\"canonical\" href=\"https:\/\/fcaresystems.com\/de\/patienteninformation\/cellulite\/\" \/>\n<meta property=\"og:locale\" content=\"de_DE\" \/>\n<meta property=\"og:type\" content=\"article\" \/>\n<meta property=\"og:title\" content=\"Cellulite-Behandlung mit Ultraschall | F Care Systems\" \/>\n<meta property=\"og:description\" content=\"Mythen und Fakten zu Cellulite, finden Sie heraus, wie Sie das Erscheinungsbild minimieren k\u00f6nnen, und entdecken Sie Viridex US, eine revolution\u00e4re Therapie mit Ultraschallenergie.\" \/>\n<meta property=\"og:url\" content=\"https:\/\/fcaresystems.com\/de\/patienteninformation\/cellulite\/\" \/>\n<meta property=\"og:site_name\" content=\"F Care Systems\" \/>\n<meta property=\"article:modified_time\" content=\"2023-07-06T12:51:18+00:00\" \/>\n<meta property=\"og:image\" content=\"https:\/\/fcaresystems.com\/wp-content\/uploads\/2022\/11\/teaser-patient\u2013cellulite.jpg\" \/>\n\t<meta property=\"og:image:width\" content=\"364\" \/>\n\t<meta property=\"og:image:height\" content=\"188\" \/>\n\t<meta property=\"og:image:type\" content=\"image\/jpeg\" \/>\n<meta name=\"twitter:card\" content=\"summary_large_image\" \/>\n<meta name=\"twitter:label1\" content=\"Gesch\u00e4tzte Lesezeit\" \/>\n\t<meta name=\"twitter:data1\" content=\"4\u00a0Minuten\" \/>\n<script type=\"application\/ld+json\" class=\"yoast-schema-graph\">{\"@context\":\"https:\\\/\\\/schema.org\",\"@graph\":[{\"@type\":\"WebPage\",\"@id\":\"https:\\\/\\\/fcaresystems.com\\\/de\\\/patienteninformation\\\/cellulite\\\/\",\"url\":\"https:\\\/\\\/fcaresystems.com\\\/de\\\/patienteninformation\\\/cellulite\\\/\",\"name\":\"Cellulite-Behandlung mit Ultraschall | F Care Systems\",\"isPartOf\":{\"@id\":\"https:\\\/\\\/fcaresystems.com\\\/de\\\/#website\"},\"primaryImageOfPage\":{\"@id\":\"https:\\\/\\\/fcaresystems.com\\\/de\\\/patienteninformation\\\/cellulite\\\/#primaryimage\"},\"image\":{\"@id\":\"https:\\\/\\\/fcaresystems.com\\\/de\\\/patienteninformation\\\/cellulite\\\/#primaryimage\"},\"thumbnailUrl\":\"https:\\\/\\\/fcaresystems.com\\\/wp-content\\\/uploads\\\/2022\\\/11\\\/teaser-patient\u2013cellulite.jpg\",\"datePublished\":\"2022-11-18T12:46:20+00:00\",\"dateModified\":\"2023-07-06T12:51:18+00:00\",\"description\":\"Mythen und Fakten zu Cellulite, finden Sie heraus, wie Sie das Erscheinungsbild minimieren k\u00f6nnen, und entdecken Sie Viridex US, eine revolution\u00e4re Therapie mit Ultraschallenergie.\",\"breadcrumb\":{\"@id\":\"https:\\\/\\\/fcaresystems.com\\\/de\\\/patienteninformation\\\/cellulite\\\/#breadcrumb\"},\"inLanguage\":\"de\",\"potentialAction\":[{\"@type\":\"ReadAction\",\"target\":[\"https:\\\/\\\/fcaresystems.com\\\/de\\\/patienteninformation\\\/cellulite\\\/\"]}]},{\"@type\":\"ImageObject\",\"inLanguage\":\"de\",\"@id\":\"https:\\\/\\\/fcaresystems.com\\\/de\\\/patienteninformation\\\/cellulite\\\/#primaryimage\",\"url\":\"https:\\\/\\\/fcaresystems.com\\\/wp-content\\\/uploads\\\/2022\\\/11\\\/teaser-patient\u2013cellulite.jpg\",\"contentUrl\":\"https:\\\/\\\/fcaresystems.com\\\/wp-content\\\/uploads\\\/2022\\\/11\\\/teaser-patient\u2013cellulite.jpg\",\"width\":364,\"height\":188},{\"@type\":\"BreadcrumbList\",\"@id\":\"https:\\\/\\\/fcaresystems.com\\\/de\\\/patienteninformation\\\/cellulite\\\/#breadcrumb\",\"itemListElement\":[{\"@type\":\"ListItem\",\"position\":1,\"name\":\"Home\",\"item\":\"https:\\\/\\\/fcaresystems.com\\\/de\\\/\"},{\"@type\":\"ListItem\",\"position\":2,\"name\":\"Patienteninformation\",\"item\":\"https:\\\/\\\/fcaresystems.com\\\/de\\\/patienteninformation\\\/\"},{\"@type\":\"ListItem\",\"position\":3,\"name\":\"Cellulite\"}]},{\"@type\":\"WebSite\",\"@id\":\"https:\\\/\\\/fcaresystems.com\\\/de\\\/#website\",\"url\":\"https:\\\/\\\/fcaresystems.com\\\/de\\\/\",\"name\":\"F Care Systems\",\"description\":\"\",\"publisher\":{\"@id\":\"https:\\\/\\\/fcaresystems.com\\\/de\\\/#organization\"},\"potentialAction\":[{\"@type\":\"SearchAction\",\"target\":{\"@type\":\"EntryPoint\",\"urlTemplate\":\"https:\\\/\\\/fcaresystems.com\\\/de\\\/?s={search_term_string}\"},\"query-input\":{\"@type\":\"PropertyValueSpecification\",\"valueRequired\":true,\"valueName\":\"search_term_string\"}}],\"inLanguage\":\"de\"},{\"@type\":\"Organization\",\"@id\":\"https:\\\/\\\/fcaresystems.com\\\/de\\\/#organization\",\"name\":\"F Care Systems\",\"url\":\"https:\\\/\\\/fcaresystems.com\\\/de\\\/\",\"logo\":{\"@type\":\"ImageObject\",\"inLanguage\":\"de\",\"@id\":\"https:\\\/\\\/fcaresystems.com\\\/de\\\/#\\\/schema\\\/logo\\\/image\\\/\",\"url\":\"https:\\\/\\\/fcaresystems.com\\\/wp-content\\\/uploads\\\/2022\\\/11\\\/logo-2.svg\",\"contentUrl\":\"https:\\\/\\\/fcaresystems.com\\\/wp-content\\\/uploads\\\/2022\\\/11\\\/logo-2.svg\",\"caption\":\"F Care Systems\"},\"image\":{\"@id\":\"https:\\\/\\\/fcaresystems.com\\\/de\\\/#\\\/schema\\\/logo\\\/image\\\/\"}}]}<\/script>\n<!-- \/ Yoast SEO plugin. -->","yoast_head_json":{"title":"Cellulite-Behandlung mit Ultraschall | F Care Systems","description":"Mythen und Fakten zu Cellulite, finden Sie heraus, wie Sie das Erscheinungsbild minimieren k\u00f6nnen, und entdecken Sie Viridex US, eine revolution\u00e4re Therapie mit Ultraschallenergie.","robots":{"index":"index","follow":"follow","max-snippet":"max-snippet:-1","max-image-preview":"max-image-preview:large","max-video-preview":"max-video-preview:-1"},"canonical":"https:\/\/fcaresystems.com\/de\/patienteninformation\/cellulite\/","og_locale":"de_DE","og_type":"article","og_title":"Cellulite-Behandlung mit Ultraschall | F Care Systems","og_description":"Mythen und Fakten zu Cellulite, finden Sie heraus, wie Sie das Erscheinungsbild minimieren k\u00f6nnen, und entdecken Sie Viridex US, eine revolution\u00e4re Therapie mit Ultraschallenergie.","og_url":"https:\/\/fcaresystems.com\/de\/patienteninformation\/cellulite\/","og_site_name":"F Care Systems","article_modified_time":"2023-07-06T12:51:18+00:00","og_image":[{"width":364,"height":188,"url":"https:\/\/fcaresystems.com\/wp-content\/uploads\/2022\/11\/teaser-patient\u2013cellulite.jpg","type":"image\/jpeg"}],"twitter_card":"summary_large_image","twitter_misc":{"Gesch\u00e4tzte Lesezeit":"4\u00a0Minuten"},"schema":{"@context":"https:\/\/schema.org","@graph":[{"@type":"WebPage","@id":"https:\/\/fcaresystems.com\/de\/patienteninformation\/cellulite\/","url":"https:\/\/fcaresystems.com\/de\/patienteninformation\/cellulite\/","name":"Cellulite-Behandlung mit Ultraschall | F Care Systems","isPartOf":{"@id":"https:\/\/fcaresystems.com\/de\/#website"},"primaryImageOfPage":{"@id":"https:\/\/fcaresystems.com\/de\/patienteninformation\/cellulite\/#primaryimage"},"image":{"@id":"https:\/\/fcaresystems.com\/de\/patienteninformation\/cellulite\/#primaryimage"},"thumbnailUrl":"https:\/\/fcaresystems.com\/wp-content\/uploads\/2022\/11\/teaser-patient\u2013cellulite.jpg","datePublished":"2022-11-18T12:46:20+00:00","dateModified":"2023-07-06T12:51:18+00:00","description":"Mythen und Fakten zu Cellulite, finden Sie heraus, wie Sie das Erscheinungsbild minimieren k\u00f6nnen, und entdecken Sie Viridex US, eine revolution\u00e4re Therapie mit Ultraschallenergie.","breadcrumb":{"@id":"https:\/\/fcaresystems.com\/de\/patienteninformation\/cellulite\/#breadcrumb"},"inLanguage":"de","potentialAction":[{"@type":"ReadAction","target":["https:\/\/fcaresystems.com\/de\/patienteninformation\/cellulite\/"]}]},{"@type":"ImageObject","inLanguage":"de","@id":"https:\/\/fcaresystems.com\/de\/patienteninformation\/cellulite\/#primaryimage","url":"https:\/\/fcaresystems.com\/wp-content\/uploads\/2022\/11\/teaser-patient\u2013cellulite.jpg","contentUrl":"https:\/\/fcaresystems.com\/wp-content\/uploads\/2022\/11\/teaser-patient\u2013cellulite.jpg","width":364,"height":188},{"@type":"BreadcrumbList","@id":"https:\/\/fcaresystems.com\/de\/patienteninformation\/cellulite\/#breadcrumb","itemListElement":[{"@type":"ListItem","position":1,"name":"Home","item":"https:\/\/fcaresystems.com\/de\/"},{"@type":"ListItem","position":2,"name":"Patienteninformation","item":"https:\/\/fcaresystems.com\/de\/patienteninformation\/"},{"@type":"ListItem","position":3,"name":"Cellulite"}]},{"@type":"WebSite","@id":"https:\/\/fcaresystems.com\/de\/#website","url":"https:\/\/fcaresystems.com\/de\/","name":"F Care Systems","description":"","publisher":{"@id":"https:\/\/fcaresystems.com\/de\/#organization"},"potentialAction":[{"@type":"SearchAction","target":{"@type":"EntryPoint","urlTemplate":"https:\/\/fcaresystems.com\/de\/?s={search_term_string}"},"query-input":{"@type":"PropertyValueSpecification","valueRequired":true,"valueName":"search_term_string"}}],"inLanguage":"de"},{"@type":"Organization","@id":"https:\/\/fcaresystems.com\/de\/#organization","name":"F Care Systems","url":"https:\/\/fcaresystems.com\/de\/","logo":{"@type":"ImageObject","inLanguage":"de","@id":"https:\/\/fcaresystems.com\/de\/#\/schema\/logo\/image\/","url":"https:\/\/fcaresystems.com\/wp-content\/uploads\/2022\/11\/logo-2.svg","contentUrl":"https:\/\/fcaresystems.com\/wp-content\/uploads\/2022\/11\/logo-2.svg","caption":"F Care Systems"},"image":{"@id":"https:\/\/fcaresystems.com\/de\/#\/schema\/logo\/image\/"}}]}},"_links":{"self":[{"href":"https:\/\/fcaresystems.com\/de\/wp-json\/wp\/v2\/pages\/7635","targetHints":{"allow":["GET"]}}],"collection":[{"href":"https:\/\/fcaresystems.com\/de\/wp-json\/wp\/v2\/pages"}],"about":[{"href":"https:\/\/fcaresystems.com\/de\/wp-json\/wp\/v2\/types\/page"}],"author":[{"embeddable":true,"href":"https:\/\/fcaresystems.com\/de\/wp-json\/wp\/v2\/users\/1"}],"replies":[{"embeddable":true,"href":"https:\/\/fcaresystems.com\/de\/wp-json\/wp\/v2\/comments?post=7635"}],"version-history":[{"count":6,"href":"https:\/\/fcaresystems.com\/de\/wp-json\/wp\/v2\/pages\/7635\/revisions"}],"predecessor-version":[{"id":12214,"href":"https:\/\/fcaresystems.com\/de\/wp-json\/wp\/v2\/pages\/7635\/revisions\/12214"}],"up":[{"embeddable":true,"href":"https:\/\/fcaresystems.com\/de\/wp-json\/wp\/v2\/pages\/7600"}],"wp:featuredmedia":[{"embeddable":true,"href":"https:\/\/fcaresystems.com\/de\/wp-json\/wp\/v2\/media\/5259"}],"wp:attachment":[{"href":"https:\/\/fcaresystems.com\/de\/wp-json\/wp\/v2\/media?parent=7635"}],"curies":[{"name":"wp","href":"https:\/\/api.w.org\/{rel}","templated":true}]}}