{"id":7600,"date":"2022-10-24T14:25:57","date_gmt":"2022-10-24T12:25:57","guid":{"rendered":"https:\/\/fcaresystems.com\/patient-information\/"},"modified":"2023-07-06T14:20:35","modified_gmt":"2023-07-06T12:20:35","slug":"patienteninformation","status":"publish","type":"page","link":"https:\/\/fcaresystems.com\/de\/patienteninformation\/","title":{"rendered":"Patienteninformation"},"content":{"rendered":"\n<section class=\"wp-block-fcs-core-header is-style-gradient--patient\"><header class=\"c-header c-header-wrapper c-header-wrapper-s\"><figure class=\"c-header-img \"><img decoding=\"async\" src=\"https:\/\/fcaresystems.com\/wp-content\/uploads\/2023\/01\/Hero_patients-overview-3.jpg\" class=\"c-header-img\"\/><figcaption class=\"c-header-content\"><div class=\"o-container\">\n<div class=\"wp-block-fcs-core-spacer u-padding-sm-lg u-padding-sm\"><\/div>\n\n\n\n<div class=\"wp-block-group c-breadcrumb\"><div class=\"wp-block-group__inner-container is-layout-flow wp-block-group-is-layout-flow\"><span><span><a href=\"https:\/\/fcaresystems.com\/de\/\">Home<\/a><\/span><\/span>\n<\/div><\/div>\n\n\n\n<div class=\"wp-block-fcs-core-spacer u-padding-sm-lg u-padding-md\"><\/div>\n\n\n\n<h1 class=\"wp-block-heading has-white-color has-text-color\">F\u00fcr Patienten und Pflegekr\u00e4fte<\/h1>\n<\/div><\/figcaption><\/figure><\/header><\/section>\n\n\n\n<div class=\"wp-block-group has-quaternary-light-background-color has-background\"><div class=\"wp-block-group__inner-container is-layout-constrained wp-block-group-is-layout-constrained\">\n<div class=\"wp-block-fcs-core-container o-container\">\n<div class=\"wp-block-fcs-core-spacer u-padding-md-lg u-padding-md\"><\/div>\n\n\n\n<div class=\"wp-block-columns is-layout-flex wp-container-core-columns-is-layout-9d6595d7 wp-block-columns-is-layout-flex\">\n<div class=\"wp-block-column is-layout-flow wp-block-column-is-layout-flow\" style=\"flex-basis:66.66%\">\n<h2 class=\"wp-block-heading has-quaternary-color has-text-color\">Behandlungsinformationen<\/h2>\n\n\n\n<p>Herzlich willkommen!<\/p>\n\n\n\n<div class=\"wp-block-fcs-core-spacer u-padding-xxs-lg u-padding-xs\"><\/div>\n\n\n\n<p>Wir haben einige Informationen \u00fcber die verschiedenen Erkrankungen zusammengestellt, f\u00fcr die unsere Produkte entwickelt wurden: was sie sind, wodurch sie verursacht werden, wie sie verhindert werden k\u00f6nnen und welche therapeutischen Optionen f\u00fcr sie verf\u00fcgbar sind (nat\u00fcrlich einschlie\u00dflich unserer). Wir hoffen, dass die Erkl\u00e4rungen Ihnen dabei helfen, Ihren eigenen Weg in der Gesundheitsversorgung zu meistern. <\/p>\n\n\n\n<p>Wir w\u00fcnschen Ihnen eine interessante Lekt\u00fcre!<\/p>\n<\/div>\n\n\n\n<div class=\"wp-block-column is-layout-flow wp-block-column-is-layout-flow\" style=\"flex-basis:33.33%\"><\/div>\n<\/div>\n\n\n\n<div class=\"wp-block-fcs-core-spacer u-padding-sm-lg u-padding-sm\"><\/div>\n\n\n<div class='o-grid o-grid-3-lg o-grid-gap-s c-thumbnails--patient'><a href=\"https:\/\/fcaresystems.com\/de\/patienteninformation\/haemorrhoiden\/\" class=\"c-thumbnail\">\n    <figure>\n        <img decoding=\"async\" src=\"https:\/\/fcaresystems.com\/wp-content\/uploads\/2022\/11\/teaser-patient-haemorrhoids.jpg\" alt=\"\" title=\"\" width=\"364\" height=\"188\" loading=\"lazy\" \/>\n    <\/figure>\n    <div class=\"c-thumbnail__content\">\n        <div>\n            <h3>H\u00e4morrhoiden<\/h3>\n            <p>Wenn Sie Juckreiz, Schmerzen oder Blutungen \u201eam Hintern\u201c haben, sind Sie nicht allein: H\u00e4morrhoiden sind wahrscheinlich das am weitesten verbreitete Gesundheitsproblem, \u00fcber das man auf Partys nicht spricht. Erfahren Sie, warum sie sich entwickeln \u2013 und vor allem wie Sie sie loswerden k\u00f6nnen.<\/p>\n        <\/div>\n        <p class=\"c-button-link c-button-link--icon u-margin-none\">Weiterlesen<\/p>\n    <\/div>\n<\/a><a href=\"https:\/\/fcaresystems.com\/de\/patienteninformation\/analfisteln\/\" class=\"c-thumbnail\">\n    <figure>\n        <img decoding=\"async\" src=\"https:\/\/fcaresystems.com\/wp-content\/uploads\/2023\/01\/Patient-anal-fistulas.jpg\" alt=\"\" title=\"\" width=\"364\" height=\"188\" loading=\"lazy\" \/>\n    <\/figure>\n    <div class=\"c-thumbnail__content\">\n        <div>\n            <h3>Analfisteln<\/h3>\n            <p>Die gute Nachricht: Analfisteln sind nicht auf schlechte Hygiene zur\u00fcckzuf\u00fchren. Die schlechte Nachricht: einmal gebildet, gehen sie fast nie von allein weg. Lesen Sie weiter, um zu erfahren, woher Analfisteln kommen und wie sie versiegelt werden k\u00f6nnen.<\/p>\n        <\/div>\n        <p class=\"c-button-link c-button-link--icon u-margin-none\">Weiterlesen<\/p>\n    <\/div>\n<\/a><a href=\"https:\/\/fcaresystems.com\/de\/patienteninformation\/krampfadern\/\" class=\"c-thumbnail\">\n    <figure>\n        <img decoding=\"async\" src=\"https:\/\/fcaresystems.com\/wp-content\/uploads\/2022\/11\/teaser-patient\u2013varicose-veins.jpg\" alt=\"\" title=\"\" width=\"364\" height=\"188\" loading=\"lazy\" \/>\n    <\/figure>\n    <div class=\"c-thumbnail__content\">\n        <div>\n            <h3>Krampfadern<\/h3>\n            <p>Haben Sie sich schon einmal gefragt, warum sich die Venen in den Beinen mancher Menschen ausdehnen? F\u00fchlen sich Ihre Waden und F\u00fc\u00dfe am Ende des Tages geschwollen und schwer an? F\u00fcr manche Menschen sind Krampfadern nur ein Grund, keine Shorts zu tragen, f\u00fcr andere k\u00f6nnen sie jedoch zu ernsteren Symptomen f\u00fchren. Gl\u00fccklicherweise sind sie so einfach wie nie zuvor zu behandeln.<\/p>\n        <\/div>\n        <p class=\"c-button-link c-button-link--icon u-margin-none\">Weiterlesen<\/p>\n    <\/div>\n<\/a><a href=\"https:\/\/fcaresystems.com\/de\/patienteninformation\/hautstoerungen\/\" class=\"c-thumbnail\">\n    <figure>\n        <img decoding=\"async\" src=\"https:\/\/fcaresystems.com\/wp-content\/uploads\/2022\/11\/teaser-patient\u2013skin-disorder.jpg\" alt=\"\" title=\"\" width=\"364\" height=\"188\" loading=\"lazy\" \/>\n    <\/figure>\n    <div class=\"c-thumbnail__content\">\n        <div>\n            <h3>Hautst\u00f6rungen<\/h3>\n            <p>Falten, Besenreiser, Dehnungsstreifen, Kirschangiome, Stielwarzen &#8230; obwohl sie allesamt kein gro\u00dfes gesundheitliches Problem darstellen, k\u00f6nnen sie das Selbstvertrauen einer Person beeintr\u00e4chtigen. Wir haben einige Informationen zu einer Vielzahl von Hauterkrankungen zusammengestellt, darunter wie (und ob) sie verhindert werden k\u00f6nnen und wie moderne Medizin helfen kann.<\/p>\n        <\/div>\n        <p class=\"c-button-link c-button-link--icon u-margin-none\">Weiterlesen<\/p>\n    <\/div>\n<\/a><a href=\"https:\/\/fcaresystems.com\/de\/patienteninformation\/cellulite\/\" class=\"c-thumbnail\">\n    <figure>\n        <img decoding=\"async\" src=\"https:\/\/fcaresystems.com\/wp-content\/uploads\/2022\/11\/teaser-patient\u2013cellulite.jpg\" alt=\"\" title=\"\" width=\"364\" height=\"188\" loading=\"lazy\" \/>\n    <\/figure>\n    <div class=\"c-thumbnail__content\">\n        <div>\n            <h3>Cellulite<\/h3>\n            <p>Auch wenn die Hochglanzzeitschriften es anders darstellen, hat die \u00fcberwiegende Mehrheit der Frauen (und einige M\u00e4nner) Cellulite. Obwohl die Forscher immer noch nicht wissen, wie und warum sie sich entwickelt, gibt es mehrere vielversprechende neue Ans\u00e4tze, um ihr Erscheinungsbild zu minimieren. <\/p>\n        <\/div>\n        <p class=\"c-button-link c-button-link--icon u-margin-none\">Weiterlesen<\/p>\n    <\/div>\n<\/a><\/div>\n\n\n<div class=\"wp-block-fcs-core-spacer u-padding-xl-lg u-padding-md\"><\/div>\n<\/div>\n<\/div><\/div>\n\n\n\n<div class=\"wp-block-fcs-core-spacer u-padding-lg-lg u-padding-md\"><\/div>\n\n\n\n<div class=\"wp-block-fcs-core-container o-container\">\n<div class=\"wp-block-columns is-layout-flex wp-container-core-columns-is-layout-9d6595d7 wp-block-columns-is-layout-flex\">\n<div class=\"wp-block-column is-layout-flow wp-block-column-is-layout-flow\">\n<h2 class=\"wp-block-heading has-quaternary-color has-text-color\">Radiofrequenz-Behandlungen<\/h2>\n\n\n\n<p>Wir sind auf minimalinvasive Behandlungen mit Hochfrequenzenergie (HF) spezialisiert. In vielen F\u00e4llen handelt sich um ein Verfahren namens <mark style=\"background-color:rgba(0, 0, 0, 0)\" class=\"has-inline-color has-primary-color\"><a href=\"https:\/\/fcaresystems.com\/de\/radiofrequenz-thermokoagulation\/\">Thermokoagulation<\/a><\/mark>, das durch pr\u00e4zise HF ungesundes Gewebe (z. B. H\u00e4morrhoiden oder Krampfadern) erw\u00e4rmt und zerst\u00f6rt. Die ultrafeinen Sonden und Katheter, die zur Abgabe der Energie verwendet werden, verhindern Sch\u00e4den am umliegenden gesunden Gewebe.<\/p>\n<\/div>\n\n\n\n<div class=\"wp-block-column is-layout-flow wp-block-column-is-layout-flow\">\n<div class=\"wp-block-fcs-core-spacer u-padding-xs-lg\"><\/div>\n\n\n\n<p class=\"has-medium-font-size\"><strong><mark style=\"background-color:rgba(0, 0, 0, 0)\" class=\"has-inline-color has-quaternary-color\">Vorteile von Radiofrequenz:<\/mark><\/strong><\/p>\n\n\n\n<ul class=\"is-style-patient wp-block-list\">\n<li>Keine Inzision erforderlich&nbsp;\u2013 keine Operationsrisiken&nbsp;<\/li>\n\n\n\n<li>Kann h\u00e4ufig ambulant oder in der Tagesklinik erfolgen&nbsp;<\/li>\n\n\n\n<li>Extrem sicher&nbsp;\u2013 minimales Komplikationsrisiko<\/li>\n\n\n\n<li>Erm\u00f6glicht die schnelle Wiederaufnahme regelm\u00e4\u00dfiger Aktivit\u00e4ten <\/li>\n<\/ul>\n<\/div>\n<\/div>\n<\/div>\n\n\n\n<div class=\"wp-block-fcs-core-spacer u-padding-lg-lg u-padding-md\"><\/div>\n\n\n\n<div class=\"wp-block-group has-secondary-background-color has-background\"><div class=\"wp-block-group__inner-container is-layout-constrained wp-block-group-is-layout-constrained\">\n<div class=\"wp-block-fcs-core-container o-container\">\n<div class=\"wp-block-fcs-core-spacer u-padding-xl-lg u-padding-md\"><\/div>\n\n\n\n<h2 class=\"wp-block-heading has-text-align-center has-white-color has-text-color\">M\u00f6chten Sie mehr erfahren?<\/h2>\n\n\n\n<div class=\"wp-block-buttons is-content-justification-center is-layout-flex wp-container-core-buttons-is-layout-16018d1d wp-block-buttons-is-layout-flex\">\n<div class=\"wp-block-button is-style-fill\"><a class=\"wp-block-button__link has-primary-background-color has-background wp-element-button\" href=\"https:\/\/fcaresystems.com\/de\/kontakt\/\">Kontaktieren Sie uns<\/a><\/div>\n<\/div>\n\n\n\n<div class=\"wp-block-fcs-core-spacer u-padding-xl-lg u-padding-md\"><\/div>\n<\/div>\n<\/div><\/div>\n","protected":false},"excerpt":{"rendered":"","protected":false},"author":1,"featured_media":0,"parent":0,"menu_order":0,"comment_status":"closed","ping_status":"closed","template":"","meta":{"_color_hex":"","_color_slug":"","footnotes":""},"class_list":["post-7600","page","type-page","status-publish","hentry"],"yoast_head":"<!-- This site is optimized with the Yoast SEO plugin v27.5 - https:\/\/yoast.com\/product\/yoast-seo-wordpress\/ -->\n<title>Informationen f\u00fcr Patienten und Pflegekr\u00e4fte | F Care Systems<\/title>\n<meta name=\"description\" content=\"Patienteninformationen zu Ursachen, Behandlung und Vorbeugung verschiedener Erkrankungen, einschlie\u00dflich H\u00e4morrhoiden, Analfisteln, Krampfadern und mehr.\" \/>\n<meta name=\"robots\" content=\"index, follow, max-snippet:-1, max-image-preview:large, max-video-preview:-1\" \/>\n<link rel=\"canonical\" href=\"https:\/\/fcaresystems.com\/de\/patienteninformation\/\" \/>\n<meta property=\"og:locale\" content=\"de_DE\" \/>\n<meta property=\"og:type\" content=\"article\" \/>\n<meta property=\"og:title\" content=\"Informationen f\u00fcr Patienten und Pflegekr\u00e4fte | F Care Systems\" \/>\n<meta property=\"og:description\" content=\"Patienteninformationen zu Ursachen, Behandlung und Vorbeugung verschiedener Erkrankungen, einschlie\u00dflich H\u00e4morrhoiden, Analfisteln, Krampfadern und mehr.\" \/>\n<meta property=\"og:url\" content=\"https:\/\/fcaresystems.com\/de\/patienteninformation\/\" \/>\n<meta property=\"og:site_name\" content=\"F Care Systems\" \/>\n<meta property=\"article:modified_time\" content=\"2023-07-06T12:20:35+00:00\" \/>\n<meta property=\"og:image\" content=\"https:\/\/fcaresystems.com\/wp-content\/uploads\/2023\/01\/Hero_patients-overview-3.jpg\" \/>\n<meta name=\"twitter:card\" content=\"summary_large_image\" \/>\n<meta name=\"twitter:label1\" content=\"Gesch\u00e4tzte Lesezeit\" \/>\n\t<meta name=\"twitter:data1\" content=\"1\u00a0Minute\" \/>\n<script type=\"application\/ld+json\" class=\"yoast-schema-graph\">{\"@context\":\"https:\\\/\\\/schema.org\",\"@graph\":[{\"@type\":\"WebPage\",\"@id\":\"https:\\\/\\\/fcaresystems.com\\\/de\\\/patienteninformation\\\/\",\"url\":\"https:\\\/\\\/fcaresystems.com\\\/de\\\/patienteninformation\\\/\",\"name\":\"Informationen f\u00fcr Patienten und Pflegekr\u00e4fte | F Care Systems\",\"isPartOf\":{\"@id\":\"https:\\\/\\\/fcaresystems.com\\\/de\\\/#website\"},\"primaryImageOfPage\":{\"@id\":\"https:\\\/\\\/fcaresystems.com\\\/de\\\/patienteninformation\\\/#primaryimage\"},\"image\":{\"@id\":\"https:\\\/\\\/fcaresystems.com\\\/de\\\/patienteninformation\\\/#primaryimage\"},\"thumbnailUrl\":\"https:\\\/\\\/fcaresystems.com\\\/wp-content\\\/uploads\\\/2023\\\/01\\\/Hero_patients-overview-3.jpg\",\"datePublished\":\"2022-10-24T12:25:57+00:00\",\"dateModified\":\"2023-07-06T12:20:35+00:00\",\"description\":\"Patienteninformationen zu Ursachen, Behandlung und Vorbeugung verschiedener Erkrankungen, einschlie\u00dflich H\u00e4morrhoiden, Analfisteln, Krampfadern und mehr.\",\"breadcrumb\":{\"@id\":\"https:\\\/\\\/fcaresystems.com\\\/de\\\/patienteninformation\\\/#breadcrumb\"},\"inLanguage\":\"de\",\"potentialAction\":[{\"@type\":\"ReadAction\",\"target\":[\"https:\\\/\\\/fcaresystems.com\\\/de\\\/patienteninformation\\\/\"]}]},{\"@type\":\"ImageObject\",\"inLanguage\":\"de\",\"@id\":\"https:\\\/\\\/fcaresystems.com\\\/de\\\/patienteninformation\\\/#primaryimage\",\"url\":\"https:\\\/\\\/fcaresystems.com\\\/wp-content\\\/uploads\\\/2023\\\/01\\\/Hero_patients-overview-3.jpg\",\"contentUrl\":\"https:\\\/\\\/fcaresystems.com\\\/wp-content\\\/uploads\\\/2023\\\/01\\\/Hero_patients-overview-3.jpg\"},{\"@type\":\"BreadcrumbList\",\"@id\":\"https:\\\/\\\/fcaresystems.com\\\/de\\\/patienteninformation\\\/#breadcrumb\",\"itemListElement\":[{\"@type\":\"ListItem\",\"position\":1,\"name\":\"Home\",\"item\":\"https:\\\/\\\/fcaresystems.com\\\/de\\\/\"},{\"@type\":\"ListItem\",\"position\":2,\"name\":\"Patienteninformation\"}]},{\"@type\":\"WebSite\",\"@id\":\"https:\\\/\\\/fcaresystems.com\\\/de\\\/#website\",\"url\":\"https:\\\/\\\/fcaresystems.com\\\/de\\\/\",\"name\":\"F Care Systems\",\"description\":\"\",\"publisher\":{\"@id\":\"https:\\\/\\\/fcaresystems.com\\\/de\\\/#organization\"},\"potentialAction\":[{\"@type\":\"SearchAction\",\"target\":{\"@type\":\"EntryPoint\",\"urlTemplate\":\"https:\\\/\\\/fcaresystems.com\\\/de\\\/?s={search_term_string}\"},\"query-input\":{\"@type\":\"PropertyValueSpecification\",\"valueRequired\":true,\"valueName\":\"search_term_string\"}}],\"inLanguage\":\"de\"},{\"@type\":\"Organization\",\"@id\":\"https:\\\/\\\/fcaresystems.com\\\/de\\\/#organization\",\"name\":\"F Care Systems\",\"url\":\"https:\\\/\\\/fcaresystems.com\\\/de\\\/\",\"logo\":{\"@type\":\"ImageObject\",\"inLanguage\":\"de\",\"@id\":\"https:\\\/\\\/fcaresystems.com\\\/de\\\/#\\\/schema\\\/logo\\\/image\\\/\",\"url\":\"https:\\\/\\\/fcaresystems.com\\\/wp-content\\\/uploads\\\/2022\\\/11\\\/logo-2.svg\",\"contentUrl\":\"https:\\\/\\\/fcaresystems.com\\\/wp-content\\\/uploads\\\/2022\\\/11\\\/logo-2.svg\",\"caption\":\"F Care Systems\"},\"image\":{\"@id\":\"https:\\\/\\\/fcaresystems.com\\\/de\\\/#\\\/schema\\\/logo\\\/image\\\/\"}}]}<\/script>\n<!-- \/ Yoast SEO plugin. -->","yoast_head_json":{"title":"Informationen f\u00fcr Patienten und Pflegekr\u00e4fte | F Care Systems","description":"Patienteninformationen zu Ursachen, Behandlung und Vorbeugung verschiedener Erkrankungen, einschlie\u00dflich H\u00e4morrhoiden, Analfisteln, Krampfadern und mehr.","robots":{"index":"index","follow":"follow","max-snippet":"max-snippet:-1","max-image-preview":"max-image-preview:large","max-video-preview":"max-video-preview:-1"},"canonical":"https:\/\/fcaresystems.com\/de\/patienteninformation\/","og_locale":"de_DE","og_type":"article","og_title":"Informationen f\u00fcr Patienten und Pflegekr\u00e4fte | F Care Systems","og_description":"Patienteninformationen zu Ursachen, Behandlung und Vorbeugung verschiedener Erkrankungen, einschlie\u00dflich H\u00e4morrhoiden, Analfisteln, Krampfadern und mehr.","og_url":"https:\/\/fcaresystems.com\/de\/patienteninformation\/","og_site_name":"F Care Systems","article_modified_time":"2023-07-06T12:20:35+00:00","og_image":[{"url":"https:\/\/fcaresystems.com\/wp-content\/uploads\/2023\/01\/Hero_patients-overview-3.jpg","type":"","width":"","height":""}],"twitter_card":"summary_large_image","twitter_misc":{"Gesch\u00e4tzte Lesezeit":"1\u00a0Minute"},"schema":{"@context":"https:\/\/schema.org","@graph":[{"@type":"WebPage","@id":"https:\/\/fcaresystems.com\/de\/patienteninformation\/","url":"https:\/\/fcaresystems.com\/de\/patienteninformation\/","name":"Informationen f\u00fcr Patienten und Pflegekr\u00e4fte | F Care Systems","isPartOf":{"@id":"https:\/\/fcaresystems.com\/de\/#website"},"primaryImageOfPage":{"@id":"https:\/\/fcaresystems.com\/de\/patienteninformation\/#primaryimage"},"image":{"@id":"https:\/\/fcaresystems.com\/de\/patienteninformation\/#primaryimage"},"thumbnailUrl":"https:\/\/fcaresystems.com\/wp-content\/uploads\/2023\/01\/Hero_patients-overview-3.jpg","datePublished":"2022-10-24T12:25:57+00:00","dateModified":"2023-07-06T12:20:35+00:00","description":"Patienteninformationen zu Ursachen, Behandlung und Vorbeugung verschiedener Erkrankungen, einschlie\u00dflich H\u00e4morrhoiden, Analfisteln, Krampfadern und mehr.","breadcrumb":{"@id":"https:\/\/fcaresystems.com\/de\/patienteninformation\/#breadcrumb"},"inLanguage":"de","potentialAction":[{"@type":"ReadAction","target":["https:\/\/fcaresystems.com\/de\/patienteninformation\/"]}]},{"@type":"ImageObject","inLanguage":"de","@id":"https:\/\/fcaresystems.com\/de\/patienteninformation\/#primaryimage","url":"https:\/\/fcaresystems.com\/wp-content\/uploads\/2023\/01\/Hero_patients-overview-3.jpg","contentUrl":"https:\/\/fcaresystems.com\/wp-content\/uploads\/2023\/01\/Hero_patients-overview-3.jpg"},{"@type":"BreadcrumbList","@id":"https:\/\/fcaresystems.com\/de\/patienteninformation\/#breadcrumb","itemListElement":[{"@type":"ListItem","position":1,"name":"Home","item":"https:\/\/fcaresystems.com\/de\/"},{"@type":"ListItem","position":2,"name":"Patienteninformation"}]},{"@type":"WebSite","@id":"https:\/\/fcaresystems.com\/de\/#website","url":"https:\/\/fcaresystems.com\/de\/","name":"F Care Systems","description":"","publisher":{"@id":"https:\/\/fcaresystems.com\/de\/#organization"},"potentialAction":[{"@type":"SearchAction","target":{"@type":"EntryPoint","urlTemplate":"https:\/\/fcaresystems.com\/de\/?s={search_term_string}"},"query-input":{"@type":"PropertyValueSpecification","valueRequired":true,"valueName":"search_term_string"}}],"inLanguage":"de"},{"@type":"Organization","@id":"https:\/\/fcaresystems.com\/de\/#organization","name":"F Care Systems","url":"https:\/\/fcaresystems.com\/de\/","logo":{"@type":"ImageObject","inLanguage":"de","@id":"https:\/\/fcaresystems.com\/de\/#\/schema\/logo\/image\/","url":"https:\/\/fcaresystems.com\/wp-content\/uploads\/2022\/11\/logo-2.svg","contentUrl":"https:\/\/fcaresystems.com\/wp-content\/uploads\/2022\/11\/logo-2.svg","caption":"F Care Systems"},"image":{"@id":"https:\/\/fcaresystems.com\/de\/#\/schema\/logo\/image\/"}}]}},"_links":{"self":[{"href":"https:\/\/fcaresystems.com\/de\/wp-json\/wp\/v2\/pages\/7600","targetHints":{"allow":["GET"]}}],"collection":[{"href":"https:\/\/fcaresystems.com\/de\/wp-json\/wp\/v2\/pages"}],"about":[{"href":"https:\/\/fcaresystems.com\/de\/wp-json\/wp\/v2\/types\/page"}],"author":[{"embeddable":true,"href":"https:\/\/fcaresystems.com\/de\/wp-json\/wp\/v2\/users\/1"}],"replies":[{"embeddable":true,"href":"https:\/\/fcaresystems.com\/de\/wp-json\/wp\/v2\/comments?post=7600"}],"version-history":[{"count":8,"href":"https:\/\/fcaresystems.com\/de\/wp-json\/wp\/v2\/pages\/7600\/revisions"}],"predecessor-version":[{"id":12181,"href":"https:\/\/fcaresystems.com\/de\/wp-json\/wp\/v2\/pages\/7600\/revisions\/12181"}],"wp:attachment":[{"href":"https:\/\/fcaresystems.com\/de\/wp-json\/wp\/v2\/media?parent=7600"}],"curies":[{"name":"wp","href":"https:\/\/api.w.org\/{rel}","templated":true}]}}