{"id":7553,"date":"2022-10-24T14:26:07","date_gmt":"2022-10-24T12:26:07","guid":{"rendered":"https:\/\/fcaresystems.com\/news\/"},"modified":"2023-07-06T09:43:55","modified_gmt":"2023-07-06T07:43:55","slug":"neuigkeiten","status":"publish","type":"page","link":"https:\/\/fcaresystems.com\/de\/neuigkeiten\/","title":{"rendered":"Neuigkeiten"},"content":{"rendered":"\n<section class=\"wp-block-fcs-core-header is-style-gradient\"><header class=\"c-header c-header-wrapper c-header-wrapper-s\"><figure class=\"c-header-img \"><img decoding=\"async\" src=\"https:\/\/fcaresystems.com\/wp-content\/uploads\/2023\/01\/Hero_News.jpg\" class=\"c-header-img\"\/><figcaption class=\"c-header-content\"><div class=\"o-container\">\n<div class=\"wp-block-fcs-core-spacer u-padding-sm-lg u-padding-sm\"><\/div>\n\n\n\n<div class=\"wp-block-group c-breadcrumb\"><div class=\"wp-block-group__inner-container is-layout-flow wp-block-group-is-layout-flow\"><span><span><a href=\"https:\/\/fcaresystems.com\/de\/\">Home<\/a><\/span><\/span>\n<\/div><\/div>\n\n\n\n<div class=\"wp-block-fcs-core-spacer u-padding-sm-lg u-padding-md\"><\/div>\n\n\n\n<h1 class=\"wp-block-heading has-white-color has-text-color\">Neuigkeiten<\/h1>\n\n\n\n<div class=\"wp-block-fcs-core-spacer u-padding-xs-lg u-padding-sm\"><\/div>\n<\/div><\/figcaption><\/figure><\/header><\/section>\n\n\n\n<div class=\"wp-block-fcs-core-container o-container\">\n<div class=\"wp-block-fcs-core-spacer u-padding-lg-lg u-padding-md\"><\/div>\n\n\n<div class='o-grid o-grid-3-lg o-grid-gap-xs'><a href=\"https:\/\/fcaresystems.com\/de\/erster-fall-einer-schilddruesenablation-in-portugal\/\" class=\"c-thumbnail\">\n    <figure>\n        <img decoding=\"async\" src=\"https:\/\/fcaresystems.com\/wp-content\/uploads\/2025\/03\/e.jpg\" alt=\"\" title=\"\" width=\"1517\" height=\"784\" loading=\"lazy\" \/>\n    <\/figure>\n    <div class=\"c-thumbnail__content\">\n        <div>\n            <h3>Erster Fall einer Schilddr\u00fcsenablation in Portugal.<\/h3>\n            <p>Erster Fall einer Schilddr\u00fcsenablation in Portugal und unsere Teilnahme am&#8230;<\/p>\n        <\/div>\n        <p class=\"c-button-link c-button-link--icon u-margin-none\">Weiterlesen<\/p>\n    <\/div>\n<\/a><a href=\"https:\/\/fcaresystems.com\/de\/sphera-eine-patientenfreundliche-behandlung-fuer-haemorrhoiden\/\" class=\"c-thumbnail\">\n    <figure>\n        <img decoding=\"async\" src=\"https:\/\/fcaresystems.com\/wp-content\/uploads\/2025\/02\/importante-Hersteld_c-kopie-1.png\" alt=\"The Sphera a patient friendly treatment\" title=\"The Sphera a patient friendly treatment\" width=\"1517\" height=\"784\" loading=\"lazy\" \/>\n    <\/figure>\n    <div class=\"c-thumbnail__content\">\n        <div>\n            <h3>Sphera, eine patientenfreundliche Behandlung f\u00fcr H\u00e4morrhoiden der Grade I und II.<\/h3>\n            <p>Erfahren Sie mehr \u00fcber Sphera Wir freuen uns, die Einf\u00fchrung&#8230;<\/p>\n        <\/div>\n        <p class=\"c-button-link c-button-link--icon u-margin-none\">Weiterlesen<\/p>\n    <\/div>\n<\/a><a href=\"https:\/\/fcaresystems.com\/de\/neuer-vertriebspartner-in-kanada\/\" class=\"c-thumbnail\">\n    <figure>\n        <img decoding=\"async\" src=\"https:\/\/fcaresystems.com\/wp-content\/uploads\/2024\/06\/POST-Sales-team-Southmedic-Canada.jpg\" alt=\"\" title=\"\" width=\"728\" height=\"376\" loading=\"lazy\" \/>\n    <\/figure>\n    <div class=\"c-thumbnail__content\">\n        <div>\n            <h3>Neuer Vertriebspartner in Kanada<\/h3>\n            <p>Wir freuen uns, Ihnen mitteilen zu k\u00f6nnen, dass wir einen neuen Vertriebspartner in Kanada haben. <\/p>\n        <\/div>\n        <p class=\"c-button-link c-button-link--icon u-margin-none\">Weiterlesen<\/p>\n    <\/div>\n<\/a><a href=\"https:\/\/fcaresystems.com\/de\/februar-workshops-fuellen-sich-schnell\/\" class=\"c-thumbnail\">\n    <figure>\n        <img decoding=\"async\" src=\"https:\/\/fcaresystems.com\/wp-content\/uploads\/2022\/10\/blogthumb.jpg\" alt=\"\" title=\"\" width=\"728\" height=\"376\" loading=\"lazy\" \/>\n    <\/figure>\n    <div class=\"c-thumbnail__content\">\n        <div>\n            <h3>Februar-Workshops f\u00fcllen sich schnell<\/h3>\n            <p>Unsere Workshops sind eine unsch\u00e4tzbare Gelegenheit, die Produkte von F Care Systems in einem realen Behandlungsumfeld zu erleben. Unsere Sitzung am 23. Februar ist bereits ausgebucht, aber es gibt noch Pl\u00e4tze am 12. April in K\u00f6ln. Nichts verpassen!<\/p>\n        <\/div>\n        <p class=\"c-button-link c-button-link--icon u-margin-none\">Weiterlesen<\/p>\n    <\/div>\n<\/a><a href=\"https:\/\/fcaresystems.com\/de\/rafaelo-masterclasses\/\" class=\"c-thumbnail\">\n    <figure>\n        <img decoding=\"async\" src=\"https:\/\/fcaresystems.com\/wp-content\/uploads\/2024\/01\/POST-Rafaelo-Masterclass-Delhi-1.jpg\" alt=\"\" title=\"\" width=\"728\" height=\"376\" loading=\"lazy\" \/>\n    <\/figure>\n    <div class=\"c-thumbnail__content\">\n        <div>\n            <h3>Rafaelo Masterclasses<\/h3>\n            <p>Vor kurzem wurden in Delhi und Mumbai zwei Schulungen zur Rafaelo-Methode abgehalten, an denen Experten und begeisterte Sch\u00fcler teilnahmen.<\/p>\n        <\/div>\n        <p class=\"c-button-link c-button-link--icon u-margin-none\">Weiterlesen<\/p>\n    <\/div>\n<\/a><a href=\"https:\/\/fcaresystems.com\/de\/f-care-systems-auf-der-medica-2023\/\" class=\"c-thumbnail\">\n    <figure>\n        <img decoding=\"async\" src=\"https:\/\/fcaresystems.com\/wp-content\/uploads\/2023\/11\/2023_MEDICA_728x376-website-news.jpg\" alt=\"\" title=\"\" width=\"728\" height=\"376\" loading=\"lazy\" \/>\n    <\/figure>\n    <div class=\"c-thumbnail__content\">\n        <div>\n            <h3>Besuchen Sie uns auf der Medica 2023<\/h3>\n            <p>Auch in diesem Jahr sind wir erneut auf der Medica vertreten, der f\u00fchrenden Fachmesse f\u00fcr die Medizinbranche, die vom 13. bis 16. November in D\u00fcsseldorf stattfindet.<\/p>\n        <\/div>\n        <p class=\"c-button-link c-button-link--icon u-margin-none\">Weiterlesen<\/p>\n    <\/div>\n<\/a><a href=\"https:\/\/fcaresystems.com\/de\/neues-fistura-paket-jetzt-erhaeltlich\/\" class=\"c-thumbnail\">\n    <figure>\n        <img decoding=\"async\" src=\"https:\/\/fcaresystems.com\/wp-content\/uploads\/2023\/05\/06FISTURAPACK9F_Fistura-pack-with-box.jpg\" alt=\"\" title=\"\" width=\"728\" height=\"376\" loading=\"lazy\" \/>\n    <\/figure>\n    <div class=\"c-thumbnail__content\">\n        <div>\n            <h3>Neues Fistura-Paket jetzt erh\u00e4ltlich!<\/h3>\n            <p>Ein praktisches und vollst\u00e4ndiges Set zur Behandlung von Analfisteln.<\/p>\n        <\/div>\n        <p class=\"c-button-link c-button-link--icon u-margin-none\">Weiterlesen<\/p>\n    <\/div>\n<\/a><a href=\"https:\/\/fcaresystems.com\/de\/franzoesische-prospektive-multizentrische-studie-rafaelo\/\" class=\"c-thumbnail\">\n    <figure>\n        <img decoding=\"async\" src=\"https:\/\/fcaresystems.com\/wp-content\/uploads\/2023\/01\/Clinical-study-RFA-fistels.jpg\" alt=\"\" title=\"\" width=\"728\" height=\"376\" loading=\"lazy\" \/>\n    <\/figure>\n    <div class=\"c-thumbnail__content\">\n        <div>\n            <h3>Rafaelo\u00ae erf\u00fcllt die Erwartungen an ein minimalinvasives Verfahren.<\/h3>\n            <p>Die Forscher einer franz\u00f6sischen prospektiven Multicenterstudie kamen zu dem Schluss, dass die RFA (Rafaelo\u00ae) mit einer Verbesserung der Lebensqualit\u00e4t und der Symptome einhergeht und ein gutes Sicherheitsprofil aufweist.<\/p>\n        <\/div>\n        <p class=\"c-button-link c-button-link--icon u-margin-none\">Weiterlesen<\/p>\n    <\/div>\n<\/a><a href=\"https:\/\/fcaresystems.com\/de\/fda-zulassung-fuer-hpr45i-elektrode\/\" class=\"c-thumbnail\">\n    <figure>\n        <img decoding=\"async\" src=\"https:\/\/fcaresystems.com\/wp-content\/uploads\/2023\/03\/FDA.jpg\" alt=\"\" title=\"\" width=\"728\" height=\"376\" loading=\"lazy\" \/>\n    <\/figure>\n    <div class=\"c-thumbnail__content\">\n        <div>\n            <h3>FDA-Zulassung f\u00fcr HPR45i-Elektrode<\/h3>\n            <p>F Care Systems gibt die FDA-Zulassung der elektrochirurgischen Elektrode HPR45i.<\/p>\n        <\/div>\n        <p class=\"c-button-link c-button-link--icon u-margin-none\">Weiterlesen<\/p>\n    <\/div>\n<\/a><a href=\"https:\/\/fcaresystems.com\/de\/f-care-systems-nimmt-an-der-proktologie-jahrestagung-teil\/\" class=\"c-thumbnail\">\n    <figure>\n        <img decoding=\"async\" src=\"https:\/\/fcaresystems.com\/wp-content\/uploads\/2023\/01\/Annual-proctology-event.jpg\" alt=\"\" title=\"\" width=\"728\" height=\"376\" loading=\"lazy\" \/>\n    <\/figure>\n    <div class=\"c-thumbnail__content\">\n        <div>\n            <h3>F Care Systems nimmt an der Proktologie-Jahrestagung teil<\/h3>\n            <p>Unser Veranstaltungskalender f\u00fcllt sich! N\u00e4chste Station: die 45. Jahrestagung der Deutschen Gesellschaft f\u00fcr Koloproktologie, die vom 16.-18. M\u00e4rz in M\u00fcnchen stattfindet. Bis bald!<\/p>\n        <\/div>\n        <p class=\"c-button-link c-button-link--icon u-margin-none\">Weiterlesen<\/p>\n    <\/div>\n<\/a><a href=\"https:\/\/fcaresystems.com\/de\/neue-rf-sonde-sphera\/\" class=\"c-thumbnail\">\n    <figure>\n        <img decoding=\"async\" src=\"https:\/\/fcaresystems.com\/wp-content\/uploads\/2023\/01\/News-Sphera.jpg\" alt=\"\" title=\"\" width=\"728\" height=\"376\" loading=\"lazy\" \/>\n    <\/figure>\n    <div class=\"c-thumbnail__content\">\n        <div>\n            <h3>Neue RF-Sonde Sphera<\/h3>\n            <p>F Care Systems freut sich, die Markteinf\u00fchrung von Sphera bekannt geben zu k\u00f6nnen, einer neuen abgerundeten Sonde, die f\u00fcr die oberfl\u00e4chliche Koagulation von inneren H\u00e4morrhoiden der Grade I und II entwickelt wurde. <\/p>\n        <\/div>\n        <p class=\"c-button-link c-button-link--icon u-margin-none\">Weiterlesen<\/p>\n    <\/div>\n<\/a><a href=\"https:\/\/fcaresystems.com\/de\/rafaelo-workshop\/\" class=\"c-thumbnail\">\n    <figure>\n        <img decoding=\"async\" src=\"https:\/\/fcaresystems.com\/wp-content\/uploads\/2023\/02\/Rafaelo-workshop.jpg\" alt=\"\" title=\"\" width=\"728\" height=\"376\" loading=\"lazy\" \/>\n    <\/figure>\n    <div class=\"c-thumbnail__content\">\n        <div>\n            <h3>Rafaelo\u00ae-Workshop<\/h3>\n            <p>Unser n\u00e4chster Rafaelo\u00ae-Workshop ist f\u00fcr den 21. April in K\u00f6ln geplant. Die verf\u00fcgbaren Pl\u00e4tze sind begrenzt \u2013 verpassen Sie nicht die Gelegenheit, unsere HF-Ablationstechnologie aus erster Hand zu erleben.<\/p>\n        <\/div>\n        <p class=\"c-button-link c-button-link--icon u-margin-none\">Weiterlesen<\/p>\n    <\/div>\n<\/a><\/div><div class='u-margin-top-xl o-flex o-flex-justify-content-center'><div class=\"c-pagination\"><ul><li class=\"active\"><a href=\"https:\/\/fcaresystems.com\/de\/wp-json\/wp\/v2\/pages\/7553\/\">1<\/a><\/li><li><a href=\"https:\/\/fcaresystems.com\/de\/wp-json\/wp\/v2\/pages\/7553\/page\/2\/\">2<\/a><\/li><li><a href=\"https:\/\/fcaresystems.com\/de\/wp-json\/wp\/v2\/pages\/7553\/page\/2\/\" >N\u00e4chste Seite &raquo;<\/a><\/li><\/ul><\/div><\/div>\n\n\n<div class=\"wp-block-fcs-core-spacer u-padding-xs-lg u-padding-xs\"><\/div>\n<\/div>\n\n\n\n<div class=\"wp-block-fcs-core-container o-container\">\n<div class=\"wp-block-fcs-core-spacer u-padding-xl-lg u-padding-md\"><\/div>\n<\/div>\n","protected":false},"excerpt":{"rendered":"<p>Produktank\u00fcndigungen, Neuigkeiten aus der Welt der Hochfrequenztherapie, bevorstehende Veranstaltungen von F Care Systems und mehr.<\/p>\n","protected":false},"author":1,"featured_media":14530,"parent":0,"menu_order":0,"comment_status":"closed","ping_status":"closed","template":"","meta":{"_color_hex":"","_color_slug":"","footnotes":""},"class_list":["post-7553","page","type-page","status-publish","has-post-thumbnail","hentry"],"yoast_head":"<!-- This site is optimized with the Yoast SEO plugin v27.0 - https:\/\/yoast.com\/product\/yoast-seo-wordpress\/ -->\n<title>Neuigkeiten | F Care Systems<\/title>\n<meta name=\"description\" content=\"Produktank\u00fcndigungen, Neuigkeiten aus der Welt der Hochfrequenztherapie, bevorstehende Veranstaltungen von F Care Systems und mehr.\" \/>\n<meta name=\"robots\" content=\"index, follow, max-snippet:-1, max-image-preview:large, max-video-preview:-1\" \/>\n<link rel=\"canonical\" href=\"https:\/\/fcaresystems.com\/de\/neuigkeiten\/\" \/>\n<meta property=\"og:locale\" content=\"de_DE\" \/>\n<meta property=\"og:type\" content=\"article\" \/>\n<meta property=\"og:title\" content=\"Neuigkeiten | F Care Systems\" \/>\n<meta property=\"og:description\" content=\"Produktank\u00fcndigungen, Neuigkeiten aus der Welt der Hochfrequenztherapie, bevorstehende Veranstaltungen von F Care Systems und mehr.\" \/>\n<meta property=\"og:url\" content=\"https:\/\/fcaresystems.com\/de\/neuigkeiten\/\" \/>\n<meta property=\"og:site_name\" content=\"F Care Systems\" \/>\n<meta property=\"article:modified_time\" content=\"2023-07-06T07:43:55+00:00\" \/>\n<meta property=\"og:image\" content=\"https:\/\/fcaresystems.com\/wp-content\/uploads\/2023\/01\/Hero_News.jpg\" \/>\n<meta name=\"twitter:card\" content=\"summary_large_image\" \/>\n<meta name=\"twitter:label1\" content=\"Gesch\u00e4tzte Lesezeit\" \/>\n\t<meta name=\"twitter:data1\" content=\"1\u00a0Minute\" \/>\n<script type=\"application\/ld+json\" class=\"yoast-schema-graph\">{\"@context\":\"https:\/\/schema.org\",\"@graph\":[{\"@type\":\"WebPage\",\"@id\":\"https:\/\/fcaresystems.com\/de\/neuigkeiten\/\",\"url\":\"https:\/\/fcaresystems.com\/de\/neuigkeiten\/\",\"name\":\"Neuigkeiten | F Care Systems\",\"isPartOf\":{\"@id\":\"https:\/\/fcaresystems.com\/de\/#website\"},\"primaryImageOfPage\":{\"@id\":\"https:\/\/fcaresystems.com\/de\/neuigkeiten\/#primaryimage\"},\"image\":{\"@id\":\"https:\/\/fcaresystems.com\/de\/neuigkeiten\/#primaryimage\"},\"thumbnailUrl\":\"https:\/\/fcaresystems.com\/wp-content\/uploads\/2025\/03\/Tekengebied-8-kopie.jpg\",\"datePublished\":\"2022-10-24T12:26:07+00:00\",\"dateModified\":\"2023-07-06T07:43:55+00:00\",\"description\":\"Produktank\u00fcndigungen, Neuigkeiten aus der Welt der Hochfrequenztherapie, bevorstehende Veranstaltungen von F Care Systems und mehr.\",\"breadcrumb\":{\"@id\":\"https:\/\/fcaresystems.com\/de\/neuigkeiten\/#breadcrumb\"},\"inLanguage\":\"de\",\"potentialAction\":[{\"@type\":\"ReadAction\",\"target\":[\"https:\/\/fcaresystems.com\/de\/neuigkeiten\/\"]}]},{\"@type\":\"ImageObject\",\"inLanguage\":\"de\",\"@id\":\"https:\/\/fcaresystems.com\/de\/neuigkeiten\/#primaryimage\",\"url\":\"https:\/\/fcaresystems.com\/wp-content\/uploads\/2025\/03\/Tekengebied-8-kopie.jpg\",\"contentUrl\":\"https:\/\/fcaresystems.com\/wp-content\/uploads\/2025\/03\/Tekengebied-8-kopie.jpg\",\"width\":465,\"height\":240},{\"@type\":\"BreadcrumbList\",\"@id\":\"https:\/\/fcaresystems.com\/de\/neuigkeiten\/#breadcrumb\",\"itemListElement\":[{\"@type\":\"ListItem\",\"position\":1,\"name\":\"Home\",\"item\":\"https:\/\/fcaresystems.com\/de\/\"},{\"@type\":\"ListItem\",\"position\":2,\"name\":\"Neuigkeiten\"}]},{\"@type\":\"WebSite\",\"@id\":\"https:\/\/fcaresystems.com\/de\/#website\",\"url\":\"https:\/\/fcaresystems.com\/de\/\",\"name\":\"F Care Systems\",\"description\":\"\",\"publisher\":{\"@id\":\"https:\/\/fcaresystems.com\/de\/#organization\"},\"potentialAction\":[{\"@type\":\"SearchAction\",\"target\":{\"@type\":\"EntryPoint\",\"urlTemplate\":\"https:\/\/fcaresystems.com\/de\/?s={search_term_string}\"},\"query-input\":{\"@type\":\"PropertyValueSpecification\",\"valueRequired\":true,\"valueName\":\"search_term_string\"}}],\"inLanguage\":\"de\"},{\"@type\":\"Organization\",\"@id\":\"https:\/\/fcaresystems.com\/de\/#organization\",\"name\":\"F Care Systems\",\"url\":\"https:\/\/fcaresystems.com\/de\/\",\"logo\":{\"@type\":\"ImageObject\",\"inLanguage\":\"de\",\"@id\":\"https:\/\/fcaresystems.com\/de\/#\/schema\/logo\/image\/\",\"url\":\"https:\/\/fcaresystems.com\/wp-content\/uploads\/2022\/11\/logo-2.svg\",\"contentUrl\":\"https:\/\/fcaresystems.com\/wp-content\/uploads\/2022\/11\/logo-2.svg\",\"caption\":\"F Care Systems\"},\"image\":{\"@id\":\"https:\/\/fcaresystems.com\/de\/#\/schema\/logo\/image\/\"}}]}<\/script>\n<!-- \/ Yoast SEO plugin. -->","yoast_head_json":{"title":"Neuigkeiten | F Care Systems","description":"Produktank\u00fcndigungen, Neuigkeiten aus der Welt der Hochfrequenztherapie, bevorstehende Veranstaltungen von F Care Systems und mehr.","robots":{"index":"index","follow":"follow","max-snippet":"max-snippet:-1","max-image-preview":"max-image-preview:large","max-video-preview":"max-video-preview:-1"},"canonical":"https:\/\/fcaresystems.com\/de\/neuigkeiten\/","og_locale":"de_DE","og_type":"article","og_title":"Neuigkeiten | F Care Systems","og_description":"Produktank\u00fcndigungen, Neuigkeiten aus der Welt der Hochfrequenztherapie, bevorstehende Veranstaltungen von F Care Systems und mehr.","og_url":"https:\/\/fcaresystems.com\/de\/neuigkeiten\/","og_site_name":"F Care Systems","article_modified_time":"2023-07-06T07:43:55+00:00","og_image":[{"url":"https:\/\/fcaresystems.com\/wp-content\/uploads\/2023\/01\/Hero_News.jpg","type":"","width":"","height":""}],"twitter_card":"summary_large_image","twitter_misc":{"Gesch\u00e4tzte Lesezeit":"1\u00a0Minute"},"schema":{"@context":"https:\/\/schema.org","@graph":[{"@type":"WebPage","@id":"https:\/\/fcaresystems.com\/de\/neuigkeiten\/","url":"https:\/\/fcaresystems.com\/de\/neuigkeiten\/","name":"Neuigkeiten | F Care Systems","isPartOf":{"@id":"https:\/\/fcaresystems.com\/de\/#website"},"primaryImageOfPage":{"@id":"https:\/\/fcaresystems.com\/de\/neuigkeiten\/#primaryimage"},"image":{"@id":"https:\/\/fcaresystems.com\/de\/neuigkeiten\/#primaryimage"},"thumbnailUrl":"https:\/\/fcaresystems.com\/wp-content\/uploads\/2025\/03\/Tekengebied-8-kopie.jpg","datePublished":"2022-10-24T12:26:07+00:00","dateModified":"2023-07-06T07:43:55+00:00","description":"Produktank\u00fcndigungen, Neuigkeiten aus der Welt der Hochfrequenztherapie, bevorstehende Veranstaltungen von F Care Systems und mehr.","breadcrumb":{"@id":"https:\/\/fcaresystems.com\/de\/neuigkeiten\/#breadcrumb"},"inLanguage":"de","potentialAction":[{"@type":"ReadAction","target":["https:\/\/fcaresystems.com\/de\/neuigkeiten\/"]}]},{"@type":"ImageObject","inLanguage":"de","@id":"https:\/\/fcaresystems.com\/de\/neuigkeiten\/#primaryimage","url":"https:\/\/fcaresystems.com\/wp-content\/uploads\/2025\/03\/Tekengebied-8-kopie.jpg","contentUrl":"https:\/\/fcaresystems.com\/wp-content\/uploads\/2025\/03\/Tekengebied-8-kopie.jpg","width":465,"height":240},{"@type":"BreadcrumbList","@id":"https:\/\/fcaresystems.com\/de\/neuigkeiten\/#breadcrumb","itemListElement":[{"@type":"ListItem","position":1,"name":"Home","item":"https:\/\/fcaresystems.com\/de\/"},{"@type":"ListItem","position":2,"name":"Neuigkeiten"}]},{"@type":"WebSite","@id":"https:\/\/fcaresystems.com\/de\/#website","url":"https:\/\/fcaresystems.com\/de\/","name":"F Care Systems","description":"","publisher":{"@id":"https:\/\/fcaresystems.com\/de\/#organization"},"potentialAction":[{"@type":"SearchAction","target":{"@type":"EntryPoint","urlTemplate":"https:\/\/fcaresystems.com\/de\/?s={search_term_string}"},"query-input":{"@type":"PropertyValueSpecification","valueRequired":true,"valueName":"search_term_string"}}],"inLanguage":"de"},{"@type":"Organization","@id":"https:\/\/fcaresystems.com\/de\/#organization","name":"F Care Systems","url":"https:\/\/fcaresystems.com\/de\/","logo":{"@type":"ImageObject","inLanguage":"de","@id":"https:\/\/fcaresystems.com\/de\/#\/schema\/logo\/image\/","url":"https:\/\/fcaresystems.com\/wp-content\/uploads\/2022\/11\/logo-2.svg","contentUrl":"https:\/\/fcaresystems.com\/wp-content\/uploads\/2022\/11\/logo-2.svg","caption":"F Care Systems"},"image":{"@id":"https:\/\/fcaresystems.com\/de\/#\/schema\/logo\/image\/"}}]}},"_links":{"self":[{"href":"https:\/\/fcaresystems.com\/de\/wp-json\/wp\/v2\/pages\/7553","targetHints":{"allow":["GET"]}}],"collection":[{"href":"https:\/\/fcaresystems.com\/de\/wp-json\/wp\/v2\/pages"}],"about":[{"href":"https:\/\/fcaresystems.com\/de\/wp-json\/wp\/v2\/types\/page"}],"author":[{"embeddable":true,"href":"https:\/\/fcaresystems.com\/de\/wp-json\/wp\/v2\/users\/1"}],"replies":[{"embeddable":true,"href":"https:\/\/fcaresystems.com\/de\/wp-json\/wp\/v2\/comments?post=7553"}],"version-history":[{"count":3,"href":"https:\/\/fcaresystems.com\/de\/wp-json\/wp\/v2\/pages\/7553\/revisions"}],"predecessor-version":[{"id":12163,"href":"https:\/\/fcaresystems.com\/de\/wp-json\/wp\/v2\/pages\/7553\/revisions\/12163"}],"wp:featuredmedia":[{"embeddable":true,"href":"https:\/\/fcaresystems.com\/de\/wp-json\/wp\/v2\/media\/14530"}],"wp:attachment":[{"href":"https:\/\/fcaresystems.com\/de\/wp-json\/wp\/v2\/media?parent=7553"}],"curies":[{"name":"wp","href":"https:\/\/api.w.org\/{rel}","templated":true}]}}