{"id":7542,"date":"2022-10-06T12:57:19","date_gmt":"2022-10-06T10:57:19","guid":{"rendered":"https:\/\/fcaresystems.com\/home\/"},"modified":"2023-10-10T15:14:49","modified_gmt":"2023-10-10T13:14:49","slug":"startseite","status":"publish","type":"page","link":"https:\/\/fcaresystems.com\/de\/","title":{"rendered":"Startzeite"},"content":{"rendered":"\n<section class=\"wp-block-fcs-core-header is-style-gradient\"><header class=\"c-header c-header-wrapper c-header-wrapper-l\"><figure class=\"c-header-img  o-flex o-flex-align-items-center\"><img loading=\"lazy\" decoding=\"async\" src=\"https:\/\/fcaresystems.com\/wp-content\/uploads\/2022\/10\/hero-home.jpg\" width=\"2160\" height=\"912\" class=\"c-header-img\"\/><figcaption class=\"c-header-content\"><div class=\"o-container\">\n<h1 class=\"wp-block-heading has-white-color has-text-color\">Hochwertige medizinische Ger\u00e4te <br>f\u00fcr die Radiofrequenzablation<\/h1>\n\n\n\n<p class=\"has-white-color has-text-color\">Die RFA ist ein wirksames, minimalinvasives Verfahren <br>mit weniger Unannehmlichkeiten und besserer Lebensqualit\u00e4t f\u00fcr die Patienten<\/p>\n\n\n\n<div class=\"wp-block-fcs-core-spacer u-padding-xs-lg u-padding-xs\"><\/div>\n\n\n\n<div class=\"wp-block-buttons is-layout-flex wp-block-buttons-is-layout-flex\">\n<div class=\"wp-block-button is-style-fill\"><a class=\"wp-block-button__link has-primary-background-color has-background wp-element-button\" href=\"https:\/\/fcaresystems.com\/de\/produkte\/\">Produkte ansehen<\/a><\/div>\n<\/div>\n<\/div><\/figcaption><\/figure><\/header><\/section>\n\n\n\n<div class=\"wp-block-fcs-core-container o-container\">\n<div class=\"wp-block-fcs-core-spacer u-padding-md-lg u-padding-md\"><\/div>\n\n\n\n<h2 class=\"wp-block-heading has-secondary-color has-text-color\">Spezialgebiete<\/h2>\n\n\n\n<div class=\"wp-block-fcs-core-spacer u-padding-xs-lg u-padding-xs\"><\/div>\n\n\n\n<div class=\"wp-block-fcs-core-icon-buttons c-buttons--icon\">\n<a href=\"https:\/\/fcaresystems.com\/de\/minimalinvasive-behandlungen\/proktologie\/rf-ablation-haemorrhoiden\/\" class=\"wp-block-fcs-core-icon-button c-button c-button--icon-inline\"><img loading=\"lazy\" decoding=\"async\" src=\"https:\/\/fcaresystems.com\/wp-content\/uploads\/2022\/11\/icon-proctology.svg\" width=\"34\" height=\"32\"\/>H\u00e4morrhoiden<\/a>\n\n\n\n<a href=\"https:\/\/fcaresystems.com\/de\/minimalinvasive-behandlungen\/proktologie\/rf-ablation-analfisteln\/\" class=\"wp-block-fcs-core-icon-button c-button c-button--icon-inline\"><img loading=\"lazy\" decoding=\"async\" src=\"https:\/\/fcaresystems.com\/wp-content\/uploads\/2022\/11\/icon-proctology.svg\" width=\"34\" height=\"32\"\/>Analfisteln <\/a>\n\n\n\n<a href=\"https:\/\/fcaresystems.com\/de\/minimalinvasive-behandlungen\/phlebologie\/rf-ablation-krampfadern\/\" class=\"wp-block-fcs-core-icon-button c-button c-button--icon-inline\"><img loading=\"lazy\" decoding=\"async\" src=\"https:\/\/fcaresystems.com\/wp-content\/uploads\/2022\/11\/icon-phlebology.svg\" width=\"13\" height=\"32\"\/>Krampfadern<\/a>\n\n\n\n<a href=\"https:\/\/fcaresystems.com\/de\/minimalinvasive-behandlungen\/aesthetische-dermatologie\/rf-hauttherapie\/\" class=\"wp-block-fcs-core-icon-button c-button c-button--icon-inline\"><img decoding=\"async\" src=\"https:\/\/fcaresystems.com\/wp-content\/uploads\/2022\/11\/icon-aesthetic-dermatology.svg\"\/>Hauterkrankungen<\/a>\n<\/div>\n\n\n\n<div class=\"wp-block-fcs-core-spacer u-padding-md-lg u-padding-md\"><\/div>\n<\/div>\n\n\n\n<div class=\"wp-block-group has-light-background-color has-background\"><div class=\"wp-block-group__inner-container is-layout-constrained wp-block-group-is-layout-constrained\">\n<div class=\"wp-block-fcs-core-container o-container\">\n<div class=\"wp-block-columns is-style-default is-layout-flex wp-container-core-columns-is-layout-9d6595d7 wp-block-columns-is-layout-flex\">\n<div class=\"wp-block-column is-vertically-aligned-center is-style-default is-layout-flow wp-block-column-is-layout-flow\">\n<div class=\"wp-block-fcs-core-spacer u-padding-xl-lg u-padding-md\"><\/div>\n\n\n\n<h2 class=\"wp-block-heading has-primary-color has-text-color\">Warum Radiofrequenz (RF)?<\/h2>\n\n\n\n<p>Radiofrequenzenergie geh\u00f6rt zu den vielseitigsten Werkzeugen der modernen Medizin und ist f\u00fcr Anwendungen wie die Ablation von H\u00e4morrhoiden bis hin zur Verj\u00fcngung der Haut geeignet. Bei F Care Systems entwickeln und produzieren wir monopolare RF-Generatoren und Zubeh\u00f6r f\u00fcr die minimalinvasive Behandlung zahlreicher Erkrankungen.<\/p>\n\n\n\n<div class=\"wp-block-fcs-core-spacer u-padding-sm-lg u-padding-sm\"><\/div>\n\n\n\n<div class=\"wp-block-buttons is-layout-flex wp-block-buttons-is-layout-flex\">\n<div class=\"wp-block-button\"><a class=\"wp-block-button__link has-primary-background-color has-background wp-element-button\" href=\"https:\/\/fcaresystems.com\/de\/radiofrequenz-thermokoagulation\/\">Erfahren Sie mehr<\/a><\/div>\n<\/div>\n\n\n\n<div class=\"wp-block-fcs-core-spacer u-padding-xl-lg u-padding-xs\"><\/div>\n<\/div>\n\n\n\n<div class=\"wp-block-column is-layout-flow wp-block-column-is-layout-flow\">\n<figure class=\"wp-block-gallery aligncenter has-nested-images columns-default is-cropped wp-block-gallery-1 is-layout-flex wp-block-gallery-is-layout-flex\">\n<figure class=\"wp-block-image size-large is-style-default\"><img loading=\"lazy\" decoding=\"async\" width=\"1024\" height=\"876\" data-id=\"4325\" src=\"https:\/\/fcaresystems.com\/wp-content\/uploads\/2023\/01\/Hero_Radiofrequency-page_wave-1024x876.jpg\" alt=\"\" class=\"wp-image-4325\" srcset=\"https:\/\/fcaresystems.com\/wp-content\/uploads\/2023\/01\/Hero_Radiofrequency-page_wave-1024x876.jpg 1024w, https:\/\/fcaresystems.com\/wp-content\/uploads\/2023\/01\/Hero_Radiofrequency-page_wave-300x257.jpg 300w, https:\/\/fcaresystems.com\/wp-content\/uploads\/2023\/01\/Hero_Radiofrequency-page_wave-768x657.jpg 768w, https:\/\/fcaresystems.com\/wp-content\/uploads\/2023\/01\/Hero_Radiofrequency-page_wave.jpg 1080w\" sizes=\"auto, (max-width: 1024px) 100vw, 1024px\" \/><\/figure>\n<\/figure>\n<\/div>\n<\/div>\n<\/div>\n<\/div><\/div>\n\n\n\n<div class=\"wp-block-group has-primary-background-color has-background\"><div class=\"wp-block-group__inner-container is-layout-flow wp-block-group-is-layout-flow\">\n<div class=\"wp-block-fcs-core-container o-container\">\n<div class=\"wp-block-fcs-core-spacer u-padding-md-lg u-padding-md\"><\/div>\n\n\n\n<section class=\"c-testimonials\"><div class=\"c-slider-testimonials\"><div class=\"c-slider-item c-testimonial\"><div><div class=\"c-testimonial-content\"><!-- wp:paragraph -->\n<p>Dieses minimal-invasive Verfahren f\u00fcllt die L\u00fccke zwischen Ligatur Behandlung und chirurgischer Resektion bei H\u00e4morrhoidalleiden, es eignet sich hervorragend zur ambulanten Behandlung in der proktologischen Praxis. Vor allem die sehr geringen postoperativen Schmerzen nach der Rafaelo\u00a0Therapie begeistern mich.<\/p>\n<!-- \/wp:paragraph -->\n\n<!-- wp:paragraph {\"fontSize\":\"small\"} -->\n<p class=\"has-small-font-size\"><em>Dr. Daniel Sterzing, Facharzt f\u00fcr Allgemeinchirurgie, Viszeralchirurg, Proktologisches Zentrum Berlin, Deutschland<\/em><\/p>\n<!-- \/wp:paragraph --><\/div><\/div><\/div>\n\n<div class=\"c-slider-item c-testimonial\"><div><div class=\"c-testimonial-content\"><!-- wp:paragraph -->\n<p>Rafaelo ist eine Technik, die die Palette der chirurgischen Techniken, die wir f\u00fcr die H\u00e4morrhoidalpathologie haben, vervollst\u00e4ndigt. Ich denke, sie sollten alle bekannt und verf\u00fcgbar sein, und es ist ein Instrument, das verf\u00fcgbar sein sollte, um eine angemessene Behandlung f\u00fcr jeden zu gew\u00e4hrleisten.<\/p>\n<!-- \/wp:paragraph -->\n\n<!-- wp:paragraph {\"fontSize\":\"small\"} -->\n<p class=\"has-small-font-size\"><em>Dr. Antonella Liddo, Viszeral- und Abdominalchirurgin, H\u00f4pital de la Victoire, Tourcoing<\/em>,<em> Frankreich<\/em><\/p>\n<!-- \/wp:paragraph --><\/div><\/div><\/div>\n\n<div class=\"c-slider-item c-testimonial\"><div><div class=\"c-testimonial-content\"><!-- wp:paragraph {\"align\":\"left\"} -->\n<p class=\"has-text-align-left\">Ich habe gute R\u00fcckmeldungen von Patienten, die wenig oder gar keine Schmerzen haben und innerhalb von 3 bis 5 Tagen wieder zur Arbeit gehen k\u00f6nnen.<\/p>\n<!-- \/wp:paragraph -->\n\n<!-- wp:paragraph {\"align\":\"left\",\"fontSize\":\"small\"} -->\n<p class=\"has-text-align-left has-small-font-size\"><em>Dr. Yann Redon, Viszeral- und Verdauungschirurg, Saint-Nazaire, Frankreich<\/em><\/p>\n<!-- \/wp:paragraph --><\/div><\/div><\/div><\/div><div class=\"c-testimonials-buttons\"><a href=\"#\" class=\"c-testimonials-prev\"><\/a><a href=\"#\" class=\"c-testimonials-next\"><\/a><\/div><\/section>\n\n\n\n<div class=\"wp-block-fcs-core-spacer u-padding-md-lg u-padding-md\"><\/div>\n<\/div>\n<\/div><\/div>\n\n\n\n<div class=\"wp-block-columns is-layout-flex wp-container-core-columns-is-layout-9d6595d7 wp-block-columns-is-layout-flex\">\n<div class=\"wp-block-column is-layout-flow wp-block-column-is-layout-flow\">\n<div class=\"wp-block-fcs-core-spacer u-padding-lg-lg u-padding-lg\"><\/div>\n<\/div>\n<\/div>\n\n\n\n<div class=\"wp-block-fcs-core-container o-container\">\n<div class=\"wp-block-columns is-style-largegap is-layout-flex wp-container-core-columns-is-layout-9d6595d7 wp-block-columns-is-layout-flex\">\n<div class=\"wp-block-column is-style-default is-layout-flow wp-block-column-is-layout-flow\">\n<figure class=\"wp-block-image size-large is-style-default\"><img loading=\"lazy\" decoding=\"async\" width=\"1024\" height=\"768\" src=\"https:\/\/fcaresystems.com\/wp-content\/uploads\/2022\/10\/home-patient-1024x768.jpg\" alt=\"\" class=\"wp-image-72\" srcset=\"https:\/\/fcaresystems.com\/wp-content\/uploads\/2022\/10\/home-patient-1024x768.jpg 1024w, https:\/\/fcaresystems.com\/wp-content\/uploads\/2022\/10\/home-patient-300x225.jpg 300w, https:\/\/fcaresystems.com\/wp-content\/uploads\/2022\/10\/home-patient-768x576.jpg 768w, https:\/\/fcaresystems.com\/wp-content\/uploads\/2022\/10\/home-patient.jpg 1080w\" sizes=\"auto, (max-width: 1024px) 100vw, 1024px\" \/><\/figure>\n<\/div>\n\n\n\n<div class=\"wp-block-column is-vertically-aligned-center is-style-default is-layout-flow wp-block-column-is-layout-flow\">\n<div class=\"wp-block-fcs-core-spacer u-padding-xs-lg u-padding-xs\"><\/div>\n\n\n\n<figure class=\"wp-block-image size-full\"><img decoding=\"async\" src=\"https:\/\/fcaresystems.com\/wp-content\/uploads\/2022\/11\/icon-patient-home.svg\" alt=\"\" class=\"wp-image-1025\"\/><\/figure>\n\n\n\n<div class=\"wp-block-fcs-core-spacer u-padding-xs-lg u-padding-xs\"><\/div>\n\n\n\n<h2 class=\"wp-block-heading has-quaternary-color has-text-color\">Sind Sie Patient?<\/h2>\n\n\n\n<p class=\"has-medium-font-size\"><strong>F\u00fcr Patienten und Pflegekr\u00e4fte <\/strong><\/p>\n\n\n\n<p>M\u00f6chten Sie sich \u00fcber Behandlungsoptionen f\u00fcr eine der oben aufgef\u00fchrten Erkrankungen informieren? Hat Ihr Arzt Ihnen vorgeschlagen, dass bei Ihnen eine Radiofrequenzablation in Frage kommt? In unserer Patienteninformation wird erl\u00e4utert, wie sich verschiedene Erkrankungen entwickeln und wie sie ohne invasive Chirurgie behandelt werden k\u00f6nnen.<\/p>\n\n\n\n<div class=\"wp-block-fcs-core-spacer u-padding-xs-lg u-padding-xs\"><\/div>\n\n\n\n<div class=\"wp-block-buttons is-layout-flex wp-block-buttons-is-layout-flex\">\n<div class=\"wp-block-button\"><a class=\"wp-block-button__link has-quaternary-background-color has-background wp-element-button\" href=\"https:\/\/fcaresystems.com\/de\/patienteninformation\/\">Patienteninformationen<\/a><\/div>\n<\/div>\n<\/div>\n<\/div>\n<\/div>\n\n\n\n<div class=\"wp-block-fcs-core-spacer u-padding-xl-lg u-padding-md\"><\/div>\n\n\n\n<div class=\"wp-block-fcs-core-container o-container\">\n<h2 class=\"wp-block-heading is-style-underline has-secondary-color has-text-color\">Neuigkeiten<\/h2>\n\n\n\n<div class=\"wp-block-fcs-core-spacer u-padding-xs-lg u-padding-xs\"><\/div>\n\n\n<div class='o-grid o-grid-3-lg o-grid-gap-xs'><a href=\"https:\/\/fcaresystems.com\/de\/erster-fall-einer-schilddruesenablation-in-portugal\/\" class=\"c-thumbnail\">\n    <figure>\n        <img decoding=\"async\" src=\"https:\/\/fcaresystems.com\/wp-content\/uploads\/2025\/03\/e.jpg\" alt=\"\" title=\"\" width=\"1517\" height=\"784\" loading=\"lazy\" \/>\n    <\/figure>\n    <div class=\"c-thumbnail__content\">\n        <div>\n            <h3>Erster Fall einer Schilddr\u00fcsenablation in Portugal.<\/h3>\n            <p>Erster Fall einer Schilddr\u00fcsenablation in Portugal und unsere Teilnahme am&#8230;<\/p>\n        <\/div>\n        <p class=\"c-button-link c-button-link--icon u-margin-none\">Weiterlesen<\/p>\n    <\/div>\n<\/a><a href=\"https:\/\/fcaresystems.com\/de\/sphera-eine-patientenfreundliche-behandlung-fuer-haemorrhoiden\/\" class=\"c-thumbnail\">\n    <figure>\n        <img decoding=\"async\" src=\"https:\/\/fcaresystems.com\/wp-content\/uploads\/2025\/02\/importante-Hersteld_c-kopie-1.png\" alt=\"The Sphera a patient friendly treatment\" title=\"The Sphera a patient friendly treatment\" width=\"1517\" height=\"784\" loading=\"lazy\" \/>\n    <\/figure>\n    <div class=\"c-thumbnail__content\">\n        <div>\n            <h3>Sphera, eine patientenfreundliche Behandlung f\u00fcr H\u00e4morrhoiden der Grade I und II.<\/h3>\n            <p>Erfahren Sie mehr \u00fcber Sphera Wir freuen uns, die Einf\u00fchrung&#8230;<\/p>\n        <\/div>\n        <p class=\"c-button-link c-button-link--icon u-margin-none\">Weiterlesen<\/p>\n    <\/div>\n<\/a><a href=\"https:\/\/fcaresystems.com\/de\/neuer-vertriebspartner-in-kanada\/\" class=\"c-thumbnail\">\n    <figure>\n        <img decoding=\"async\" src=\"https:\/\/fcaresystems.com\/wp-content\/uploads\/2024\/06\/POST-Sales-team-Southmedic-Canada.jpg\" alt=\"\" title=\"\" width=\"728\" height=\"376\" loading=\"lazy\" \/>\n    <\/figure>\n    <div class=\"c-thumbnail__content\">\n        <div>\n            <h3>Neuer Vertriebspartner in Kanada<\/h3>\n            <p>Wir freuen uns, Ihnen mitteilen zu k\u00f6nnen, dass wir einen neuen Vertriebspartner in Kanada haben. <\/p>\n        <\/div>\n        <p class=\"c-button-link c-button-link--icon u-margin-none\">Weiterlesen<\/p>\n    <\/div>\n<\/a><\/div>\n\n\n<div class=\"wp-block-fcs-core-spacer u-padding-md-lg u-padding-md\"><\/div>\n\n\n\n<div class=\"wp-block-buttons is-layout-flex wp-block-buttons-is-layout-flex\">\n<div class=\"wp-block-button\"><a class=\"wp-block-button__link has-primary-background-color has-background wp-element-button\" href=\"https:\/\/fcaresystems.com\/de\/neuigkeiten\/\">alle Artikel anzeigen<\/a><\/div>\n<\/div>\n\n\n\n<div class=\"wp-block-fcs-core-spacer u-padding-xl-lg u-padding-md\"><\/div>\n<\/div>\n\n\n\n<p><\/p>\n","protected":false},"excerpt":{"rendered":"","protected":false},"author":1,"featured_media":0,"parent":0,"menu_order":0,"comment_status":"closed","ping_status":"closed","template":"","meta":{"_color_hex":"","_color_slug":"","footnotes":""},"class_list":["post-7542","page","type-page","status-publish","hentry"],"yoast_head":"<!-- This site is optimized with the Yoast SEO plugin v27.0 - https:\/\/yoast.com\/product\/yoast-seo-wordpress\/ -->\n<title>F Care Systems | Hersteller von Radiofrequenz-Medizinprodukten<\/title>\n<meta name=\"description\" content=\"Die Experten f\u00fcr Radiofrequenz-Medizinprodukte bei F Care Systems entwickeln innovative L\u00f6sungen f\u00fcr proktologische, phlebologische und dermatologische Anwendungen.\" \/>\n<meta name=\"robots\" content=\"index, follow, max-snippet:-1, max-image-preview:large, max-video-preview:-1\" \/>\n<link rel=\"canonical\" href=\"https:\/\/fcaresystems.com\/de\/\" \/>\n<meta property=\"og:locale\" content=\"de_DE\" \/>\n<meta property=\"og:type\" content=\"article\" \/>\n<meta property=\"og:title\" content=\"F Care Systems | Hersteller von Radiofrequenz-Medizinprodukten\" \/>\n<meta property=\"og:description\" content=\"Die Experten f\u00fcr Radiofrequenz-Medizinprodukte bei F Care Systems entwickeln innovative L\u00f6sungen f\u00fcr proktologische, phlebologische und dermatologische Anwendungen.\" \/>\n<meta property=\"og:url\" content=\"https:\/\/fcaresystems.com\/de\/\" \/>\n<meta property=\"og:site_name\" content=\"F Care Systems\" \/>\n<meta property=\"article:modified_time\" content=\"2023-10-10T13:14:49+00:00\" \/>\n<meta property=\"og:image\" content=\"https:\/\/fcaresystems.com\/wp-content\/uploads\/2022\/10\/hero-home.jpg\" \/>\n<meta name=\"twitter:card\" content=\"summary_large_image\" \/>\n<meta name=\"twitter:label1\" content=\"Gesch\u00e4tzte Lesezeit\" \/>\n\t<meta name=\"twitter:data1\" content=\"3\u00a0Minuten\" \/>\n<script type=\"application\/ld+json\" class=\"yoast-schema-graph\">{\"@context\":\"https:\/\/schema.org\",\"@graph\":[{\"@type\":\"WebPage\",\"@id\":\"https:\/\/fcaresystems.com\/de\/\",\"url\":\"https:\/\/fcaresystems.com\/de\/\",\"name\":\"F Care Systems | Hersteller von Radiofrequenz-Medizinprodukten\",\"isPartOf\":{\"@id\":\"https:\/\/fcaresystems.com\/de\/#website\"},\"primaryImageOfPage\":{\"@id\":\"https:\/\/fcaresystems.com\/de\/#primaryimage\"},\"image\":{\"@id\":\"https:\/\/fcaresystems.com\/de\/#primaryimage\"},\"thumbnailUrl\":\"https:\/\/fcaresystems.com\/wp-content\/uploads\/2022\/10\/hero-home.jpg\",\"datePublished\":\"2022-10-06T10:57:19+00:00\",\"dateModified\":\"2023-10-10T13:14:49+00:00\",\"description\":\"Die Experten f\u00fcr Radiofrequenz-Medizinprodukte bei F Care Systems entwickeln innovative L\u00f6sungen f\u00fcr proktologische, phlebologische und dermatologische Anwendungen.\",\"breadcrumb\":{\"@id\":\"https:\/\/fcaresystems.com\/de\/#breadcrumb\"},\"inLanguage\":\"de\",\"potentialAction\":[{\"@type\":\"ReadAction\",\"target\":[\"https:\/\/fcaresystems.com\/de\/\"]}]},{\"@type\":\"ImageObject\",\"inLanguage\":\"de\",\"@id\":\"https:\/\/fcaresystems.com\/de\/#primaryimage\",\"url\":\"https:\/\/fcaresystems.com\/wp-content\/uploads\/2022\/10\/hero-home.jpg\",\"contentUrl\":\"https:\/\/fcaresystems.com\/wp-content\/uploads\/2022\/10\/hero-home.jpg\"},{\"@type\":\"BreadcrumbList\",\"@id\":\"https:\/\/fcaresystems.com\/de\/#breadcrumb\",\"itemListElement\":[{\"@type\":\"ListItem\",\"position\":1,\"name\":\"Home\",\"item\":\"https:\/\/fcaresystems.com\/de\/\"},{\"@type\":\"ListItem\",\"position\":2,\"name\":\"Startzeite\"}]},{\"@type\":\"WebSite\",\"@id\":\"https:\/\/fcaresystems.com\/de\/#website\",\"url\":\"https:\/\/fcaresystems.com\/de\/\",\"name\":\"F Care Systems\",\"description\":\"\",\"publisher\":{\"@id\":\"https:\/\/fcaresystems.com\/de\/#organization\"},\"potentialAction\":[{\"@type\":\"SearchAction\",\"target\":{\"@type\":\"EntryPoint\",\"urlTemplate\":\"https:\/\/fcaresystems.com\/de\/?s={search_term_string}\"},\"query-input\":{\"@type\":\"PropertyValueSpecification\",\"valueRequired\":true,\"valueName\":\"search_term_string\"}}],\"inLanguage\":\"de\"},{\"@type\":\"Organization\",\"@id\":\"https:\/\/fcaresystems.com\/de\/#organization\",\"name\":\"F Care Systems\",\"url\":\"https:\/\/fcaresystems.com\/de\/\",\"logo\":{\"@type\":\"ImageObject\",\"inLanguage\":\"de\",\"@id\":\"https:\/\/fcaresystems.com\/de\/#\/schema\/logo\/image\/\",\"url\":\"https:\/\/fcaresystems.com\/wp-content\/uploads\/2022\/11\/logo-2.svg\",\"contentUrl\":\"https:\/\/fcaresystems.com\/wp-content\/uploads\/2022\/11\/logo-2.svg\",\"caption\":\"F Care Systems\"},\"image\":{\"@id\":\"https:\/\/fcaresystems.com\/de\/#\/schema\/logo\/image\/\"}}]}<\/script>\n<!-- \/ Yoast SEO plugin. -->","yoast_head_json":{"title":"F Care Systems | Hersteller von Radiofrequenz-Medizinprodukten","description":"Die Experten f\u00fcr Radiofrequenz-Medizinprodukte bei F Care Systems entwickeln innovative L\u00f6sungen f\u00fcr proktologische, phlebologische und dermatologische Anwendungen.","robots":{"index":"index","follow":"follow","max-snippet":"max-snippet:-1","max-image-preview":"max-image-preview:large","max-video-preview":"max-video-preview:-1"},"canonical":"https:\/\/fcaresystems.com\/de\/","og_locale":"de_DE","og_type":"article","og_title":"F Care Systems | Hersteller von Radiofrequenz-Medizinprodukten","og_description":"Die Experten f\u00fcr Radiofrequenz-Medizinprodukte bei F Care Systems entwickeln innovative L\u00f6sungen f\u00fcr proktologische, phlebologische und dermatologische Anwendungen.","og_url":"https:\/\/fcaresystems.com\/de\/","og_site_name":"F Care Systems","article_modified_time":"2023-10-10T13:14:49+00:00","og_image":[{"url":"https:\/\/fcaresystems.com\/wp-content\/uploads\/2022\/10\/hero-home.jpg","type":"","width":"","height":""}],"twitter_card":"summary_large_image","twitter_misc":{"Gesch\u00e4tzte Lesezeit":"3\u00a0Minuten"},"schema":{"@context":"https:\/\/schema.org","@graph":[{"@type":"WebPage","@id":"https:\/\/fcaresystems.com\/de\/","url":"https:\/\/fcaresystems.com\/de\/","name":"F Care Systems | Hersteller von Radiofrequenz-Medizinprodukten","isPartOf":{"@id":"https:\/\/fcaresystems.com\/de\/#website"},"primaryImageOfPage":{"@id":"https:\/\/fcaresystems.com\/de\/#primaryimage"},"image":{"@id":"https:\/\/fcaresystems.com\/de\/#primaryimage"},"thumbnailUrl":"https:\/\/fcaresystems.com\/wp-content\/uploads\/2022\/10\/hero-home.jpg","datePublished":"2022-10-06T10:57:19+00:00","dateModified":"2023-10-10T13:14:49+00:00","description":"Die Experten f\u00fcr Radiofrequenz-Medizinprodukte bei F Care Systems entwickeln innovative L\u00f6sungen f\u00fcr proktologische, phlebologische und dermatologische Anwendungen.","breadcrumb":{"@id":"https:\/\/fcaresystems.com\/de\/#breadcrumb"},"inLanguage":"de","potentialAction":[{"@type":"ReadAction","target":["https:\/\/fcaresystems.com\/de\/"]}]},{"@type":"ImageObject","inLanguage":"de","@id":"https:\/\/fcaresystems.com\/de\/#primaryimage","url":"https:\/\/fcaresystems.com\/wp-content\/uploads\/2022\/10\/hero-home.jpg","contentUrl":"https:\/\/fcaresystems.com\/wp-content\/uploads\/2022\/10\/hero-home.jpg"},{"@type":"BreadcrumbList","@id":"https:\/\/fcaresystems.com\/de\/#breadcrumb","itemListElement":[{"@type":"ListItem","position":1,"name":"Home","item":"https:\/\/fcaresystems.com\/de\/"},{"@type":"ListItem","position":2,"name":"Startzeite"}]},{"@type":"WebSite","@id":"https:\/\/fcaresystems.com\/de\/#website","url":"https:\/\/fcaresystems.com\/de\/","name":"F Care Systems","description":"","publisher":{"@id":"https:\/\/fcaresystems.com\/de\/#organization"},"potentialAction":[{"@type":"SearchAction","target":{"@type":"EntryPoint","urlTemplate":"https:\/\/fcaresystems.com\/de\/?s={search_term_string}"},"query-input":{"@type":"PropertyValueSpecification","valueRequired":true,"valueName":"search_term_string"}}],"inLanguage":"de"},{"@type":"Organization","@id":"https:\/\/fcaresystems.com\/de\/#organization","name":"F Care Systems","url":"https:\/\/fcaresystems.com\/de\/","logo":{"@type":"ImageObject","inLanguage":"de","@id":"https:\/\/fcaresystems.com\/de\/#\/schema\/logo\/image\/","url":"https:\/\/fcaresystems.com\/wp-content\/uploads\/2022\/11\/logo-2.svg","contentUrl":"https:\/\/fcaresystems.com\/wp-content\/uploads\/2022\/11\/logo-2.svg","caption":"F Care Systems"},"image":{"@id":"https:\/\/fcaresystems.com\/de\/#\/schema\/logo\/image\/"}}]}},"_links":{"self":[{"href":"https:\/\/fcaresystems.com\/de\/wp-json\/wp\/v2\/pages\/7542","targetHints":{"allow":["GET"]}}],"collection":[{"href":"https:\/\/fcaresystems.com\/de\/wp-json\/wp\/v2\/pages"}],"about":[{"href":"https:\/\/fcaresystems.com\/de\/wp-json\/wp\/v2\/types\/page"}],"author":[{"embeddable":true,"href":"https:\/\/fcaresystems.com\/de\/wp-json\/wp\/v2\/users\/1"}],"replies":[{"embeddable":true,"href":"https:\/\/fcaresystems.com\/de\/wp-json\/wp\/v2\/comments?post=7542"}],"version-history":[{"count":18,"href":"https:\/\/fcaresystems.com\/de\/wp-json\/wp\/v2\/pages\/7542\/revisions"}],"predecessor-version":[{"id":12826,"href":"https:\/\/fcaresystems.com\/de\/wp-json\/wp\/v2\/pages\/7542\/revisions\/12826"}],"wp:attachment":[{"href":"https:\/\/fcaresystems.com\/de\/wp-json\/wp\/v2\/media?parent=7542"}],"curies":[{"name":"wp","href":"https:\/\/api.w.org\/{rel}","templated":true}]}}