{"id":7527,"date":"2023-01-09T13:05:26","date_gmt":"2023-01-09T12:05:26","guid":{"rendered":"https:\/\/fcaresystems.com\/general-conditions\/"},"modified":"2023-07-06T14:09:29","modified_gmt":"2023-07-06T12:09:29","slug":"verkaufsbedingungen","status":"publish","type":"page","link":"https:\/\/fcaresystems.com\/de\/verkaufsbedingungen\/","title":{"rendered":"Allgemeine Verkaufsbedingungen"},"content":{"rendered":"\n<div class=\"wp-block-fcs-core-container o-container\">\n<div class=\"wp-block-fcs-core-spacer u-padding-xl-lg u-padding-md\"><\/div>\n\n\n\n<h1 class=\"wp-block-heading has-secondary-color has-text-color\">Allgemeine Verkaufsbedingungen<\/h1>\n\n\n\n<p><strong>1.<\/strong> F\u00fcr alle Angebote, Verk\u00e4ufe und Eink\u00e4ufe von F Care Systems GmbH gelten die nachstehenden Bedingungen. F Care Systems GmbH geht davon aus, dass diese Bedingungen dem Vertragspartner bekannt und von ihm akzeptiert sind, unabh\u00e4ngig davon, ob er Kaufmann ist oder nicht. Wenn nicht ausdr\u00fccklich darauf hingewiesen wird, gelten ausschlie\u00dflich diese allgemeinen Gesch\u00e4ftsbedingungen, ungeachtet etwaiger gegenteiliger Angaben in Dokumenten des Vertragspartners. Abweichungen von diesen allgemeinen Bedingungen sind ung\u00fcltig, es sei denn, diese abweichenden Bedingungen wurden von F Care Systems GmbH im Voraus schriftlich genehmigt. Im Falle von Konflikten sind die vorliegenden Bedingungen ma\u00dfgebend.<br>Die Nichtigkeit eines Artikels oder einer Klausel hat nicht die Nichtigkeit der allgemeinen Gesch\u00e4ftsbedingungen insgesamt zur Folge.<\/p>\n\n\n\n<p><strong>2.<\/strong> Die Angebote von F Care Systems GmbH sind freibleibend, sofern nicht ausdr\u00fccklich etwas anderes vereinbart wurde. Jedes Angebot kann von F Care Systems GmbH bis zur Annahme des Vertragspartners zur\u00fcckgezogen werden und l\u00e4uft automatisch 20 Tage nach dem Datum ab, es sei denn, auf dem Angebot ist eine andere Frist angegeben. Jeder \u00fcbertragene Auftrag bindet die andere Vertragspartei, jedoch erst nach schriftlicher Best\u00e4tigung durch F Care Systems GmbH.<\/p>\n\n\n\n<p><strong>3.<\/strong> Die Lieferfrist wird von F Care Systems GmbH nur als Anhaltspunkt angegeben und wird so weit wie m\u00f6glich eingehalten. Verz\u00f6gerungen in der Lieferfrist berechtigen nicht zur Annullierung der Bestellung, zum Vertragsbruch, zur Preisminderung oder zu einem Schadenersatzanspruch jeglicher Art.<\/p>\n\n\n\n<p><strong>4.<\/strong> Der Versand der Waren erfolgt, au\u00dfer bei ausdr\u00fccklichen und von F Care Systems GmbH angebotenen oder akzeptierten Ausnahmen, auf Risiko und Kosten des Kunden oder K\u00e4ufers.<\/p>\n\n\n\n<p><strong>5. <\/strong>Jede Stornierung einer Bestellung muss schriftlich erfolgen und ist nur g\u00fcltig, wenn sie von F Care Systems GmbH schriftlich akzeptiert wird. Im Falle einer Stornierung der Bestellung schuldet der Vertragspartner F Care Systems GmbH neben der Erstattung der von F Care Systems GmbH get\u00e4tigten Kosten eine pauschale Entsch\u00e4digung in H\u00f6he von 25% des Kaufpreises, mindestens jedoch 125 EURO pro Stornierung.<\/p>\n\n\n\n<p><strong>6. <\/strong>Bei Betriebsst\u00f6rungen, Streik, h\u00f6herer Gewalt, Zufall und\/oder staatlichen Ma\u00dfnahmen ist F Care Systems GmbH von der Liefer- und\/oder Leistungspflicht befreit. Zu den Betriebsst\u00f6rungen geh\u00f6ren auch Ausf\u00e4lle von Zulieferern von F Care Systems GmbH, aus welchen Gr\u00fcnden auch immer. F Care Systems GmbH hat dann die Wahl zwischen der Beendigung des Vertrages von Rechts wegen ohne Zahlung einer Entsch\u00e4digung und andererseits der Verl\u00e4ngerung der Liefer- und\/oder Leistungsfrist um die Dauer der Unterbrechung. Die Beendigung der Fristverl\u00e4ngerung wird per Einschreiben mitgeteilt.<\/p>\n\n\n\n<p><strong>7.<\/strong> Der Preis ist der auf dem Angebot angegebene. Eine vom Willen des Verk\u00e4ufers unabh\u00e4ngige Preiserh\u00f6hung kann jederzeit weitergegeben werden, vorbehaltlich des Rechts des K\u00e4ufers, den Kauf &#8211; wenn die Erh\u00f6hung mehr als 5 % betr\u00e4gt &#8211; sp\u00e4testens am Tag der Lieferung gegen Zahlung einer Pauschalentsch\u00e4digung in H\u00f6he von 25% des vereinbarten Preises zu stornieren.<\/p>\n\n\n\n<p><strong>8.<\/strong> Alle von F Care Systems GmbH zur Verf\u00fcgung gestellten Informationen \u00fcber die angebotenen oder verkauften Produkte werden nach bestem Wissen und Gewissen und gem\u00e4\u00df den vom Hersteller, Produzenten und\/oder Lieferanten erhaltenen Anweisungen bereitgestellt. F Care Systems GmbH kann unter keinen Umst\u00e4nden f\u00fcr falsche Informationen haftbar gemacht werden, die sie in Bezug auf den Inhalt, die Qualit\u00e4t, die Menge und die allgemeine Beschreibung der angebotenen oder verkauften Produkte erhalten und weitergegeben hat.<\/p>\n\n\n\n<p><strong>9.<\/strong> Eventuelle Beschwerden, Bemerkungen, Anfechtungen oder Proteste in Bezug auf die Waren sind nur zul\u00e4ssig, wenn sie schriftlich und per Einschreiben innerhalb von 5 Tagen nach der Lieferung mitgeteilt werden. Nach Ablauf dieser 5-Tage-Frist wird davon ausgegangen, dass der Vertragspartner die gelieferten Waren angenommen hat, und Reklamationen werden nicht mehr akzeptiert. Nach Inbetriebnahme, Verarbeitung, Bearbeitung oder Weitergabe der gesamten oder eines Teils der Lieferung an Dritte werden von F Care Systems GmbH keine Reklamationen mehr angenommen.<br>Eine R\u00fccksendung der Waren wird ohne vorherige Zustimmung nicht akzeptiert. Die R\u00fccksendung muss immer frachtfrei sein. Wenn es sich um eine R\u00fccksendung handelt, mit der sich F Care Systems GmbH nicht einverstanden erkl\u00e4rt hat, die Waren aber dennoch annimmt, geschieht dies immer unter Vorbehalt aller Rechte und auf Kosten des Vertragspartners. Die Sendung wird dann von F Care Systems GmbH dem K\u00e4ufer zur Verf\u00fcgung gestellt und auf dessen Kosten und Risiko gelagert.<br>Eine Beanstandung einer Rechnung ist nur zul\u00e4ssig, wenn sie schriftlich und per Einschreiben innerhalb von 5 Tagen nach Rechnungsdatum erfolgt. Nach Ablauf dieser Frist wird davon ausgegangen, dass der Vertragspartner diese Rechnung akzeptiert hat.<\/p>\n\n\n\n<p><strong>10. <\/strong>Der Vertragspartner ist verpflichtet, die Waren bei der Lieferung unverz\u00fcglich und gr\u00fcndlich zu pr\u00fcfen. Jede Nicht\u00fcbereinstimmung muss innerhalb von 5 Tagen gemeldet werden, wie es in dem entsprechenden Artikel vorgesehen ist. Nach Ablauf dieser Frist wird endg\u00fcltig und unwiderlegbar angenommen, dass die gelieferten Waren konform und frei von sichtbaren M\u00e4ngeln sind.<\/p>\n\n\n\n<p><strong>11.<\/strong> Die von F Care Systems NV gew\u00e4hrte Garantie beschr\u00e4nkt sich auf Produkte, die vom Hersteller oder Importeur vorgelegt werden. In allen F\u00e4llen, und ungeachtet der strengen Anforderungen des Herstellers und \/ oder Importeurs, wird die Garantie gem\u00e4\u00df der lokalen Gesetzgebung und nach Vereinbarung definiert. Im Falle eines festgestellten Mangels muss der K\u00e4ufer\/Auftragnehmer die Ware in der Originalverpackung und mit einer Kopie der Rechnung von F Care Systems GmbH zur\u00fccksenden. Ersetzte Teile bleiben Eigentum von F Care Systems GmbH Der K\u00e4ufer\/Auftragnehmer kann, wenn F Care Systems GmbH nachtr\u00e4glich ein konformes (repariertes oder ersetztes) Produkt anbietet, keine R\u00fcckabwicklung des Kaufs oder Schadenersatz verlangen. Der Wert der Garantieverpflichtung darf in keinem Fall den Wert des Kaufs \u00fcbersteigen.<\/p>\n\n\n\n<p><strong>12. <\/strong>Alle Rechnungen sind sofort nach Erhalt der Rechnung im B\u00fcro von F Care Systems GmbH oder auf dem Bankkonto von F Care Systems GmbH in bar zu zahlen, sofern nicht ausdr\u00fccklich etwas anderes angegeben ist. Dieser Anspruch ist \u00fcbertragbar. Bei Nichtzahlung am F\u00e4lligkeitstag der Rechnung erh\u00f6ht sich der Rechnungsbetrag um eine pauschale Entsch\u00e4digung in H\u00f6he von 15 % des Rechnungsbetrags, mindestens jedoch um 125 EURO pro Rechnung. Dieser Betrag entspricht dem Schaden, der der F Care Systems GmbH durch den Zahlungsverzug und die notwendigen Verwaltungskosten entstanden ist. F Care Systems GmbH hat das Recht, einen h\u00f6heren Schaden geltend zu machen, wenn sie dies beweisen kann. Dar\u00fcber hinaus werden Zinsen in H\u00f6he von 15 % pro Jahr f\u00e4llig, ohne dass es einer Mahnung bedarf. Die Hauptsumme, der Schadenersatz und die Zinsen sind von Rechts wegen f\u00e4llig, ohne dass es einer Inverzugsetzung bedarf. Die Barzahlung ist der Kern eines jeden Vertrages, bei dem F Care Systems GmbH als Verk\u00e4ufer auftritt.<\/p>\n\n\n\n<p><strong>13.<\/strong> Die Nichtzahlung einer einzigen Rechnung am F\u00e4lligkeitstag f\u00fchrt dazu, dass der Saldo aller anderen Rechnungen, auch der noch nicht f\u00e4lligen, von Rechts wegen sofort eingefordert werden kann.<\/p>\n\n\n\n<p><strong>14.<\/strong> Wenn der K\u00e4ufer mit dem Verk\u00e4ufer einen Vertrag abschlie\u00dft, kann der Verkauf von Rechts wegen und ohne Inverzugsetzung in Form von Schadenersatz und Zinsen annulliert werden.<br>Wenn das Vertrauen von F Care Systems GmbH in die Kreditw\u00fcrdigkeit des K\u00e4ufers &#8211; Vertragspartners durch gerichtliche Vollstreckungsma\u00dfnahmen gegen den K\u00e4ufer und\/oder andere nachweisbare Ereignisse, die das Vertrauen in die ordnungsgem\u00e4\u00dfe Erf\u00fcllung der vom K\u00e4ufer &#8211; Vertragspartner eingegangenen Verpflichtungen in Frage stellen und\/oder unm\u00f6glich machen, ersch\u00fcttert wird, beh\u00e4lt sich F Care Systems GmbH das Recht vor, auch wenn die Waren bereits ganz oder teilweise versandt worden sind, die gesamte Bestellung oder einen Teil davon auszusetzen und vom K\u00e4ufer &#8211; Vertragspartner geeignete Garantien zu verlangen. Wenn der K\u00e4ufer &#8211; Vertragspartner &#8211; sich weigert, dies zu tun, beh\u00e4lt sich F Care Systems GmbH das Recht vor, die gesamte Bestellung oder einen Teil davon zu stornieren, unbeschadet ihres Rechts, Schadenersatz und Zinsen zu fordern.<\/p>\n\n\n\n<p><strong>15.<\/strong> Die verkaufte Ware bleibt bis zur vollst\u00e4ndigen Bezahlung im Eigentum des Verk\u00e4ufers. Im Falle des Weiterverkaufs beh\u00e4lt der Verk\u00e4ufer das Recht, den Betrag zu verlangen, der dem Wert der weiterverkauften Waren entspricht.<br>Der Eigentumsvorbehalt wird auf den Weiterverkaufspreis \u00fcbertragen. Nach der Lieferung der Waren tr\u00e4gt der K\u00e4ufer alle Risiken, einschlie\u00dflich der F\u00e4lle von h\u00f6herer Gewalt, Zerst\u00f6rung und Lagerung. Die Nichtbezahlung eines der f\u00e4lligen Betr\u00e4ge zum F\u00e4lligkeitsdatum kann zur R\u00fccknahme der Waren f\u00fchren.&nbsp;&nbsp;&nbsp;&nbsp;&nbsp;&nbsp;&nbsp;<\/p>\n\n\n\n<p><strong>16.<\/strong> F\u00fcr den Fall, dass der K\u00e4ufer Mitvertragspartner ist und die F Care Systems GmbH geh\u00f6renden Waren selbst weiterverarbeitet oder weiterverkauft, tritt er ab diesem Zeitpunkt alle aus diesem Weiterverkauf resultierenden Forderungen an F Care Systems GmbH ab. <br>Im Streitfall ist nur das Gericht von Antwerpen oder der Vredegerecht (Friedensrichter) zust\u00e4ndig.<br>Auf den vorliegenden Vertrag ist ausschlie\u00dflich belgisches Recht anwendbar.<br>Alle mit der gerichtlichen Beitreibung verbundenen Kosten gehen zu Lasten des Kunden.<\/p>\n\n\n\n<div class=\"wp-block-fcs-core-spacer u-padding-xl-lg u-padding-md\"><\/div>\n<\/div>\n","protected":false},"excerpt":{"rendered":"","protected":false},"author":1,"featured_media":0,"parent":0,"menu_order":0,"comment_status":"closed","ping_status":"closed","template":"","meta":{"_color_hex":"","_color_slug":"","footnotes":""},"class_list":["post-7527","page","type-page","status-publish","hentry"],"yoast_head":"<!-- This site is optimized with the Yoast SEO plugin v27.0 - https:\/\/yoast.com\/product\/yoast-seo-wordpress\/ -->\n<title>Allgemeine Verkaufsbedingungen | F Care Systems<\/title>\n<meta name=\"description\" content=\"Diese allgemeinen Gesch\u00e4ftsbedingungen gelten f\u00fcr alle Angebote und Offerten von F Care Systems.\" \/>\n<meta name=\"robots\" content=\"index, follow, max-snippet:-1, max-image-preview:large, max-video-preview:-1\" \/>\n<link rel=\"canonical\" href=\"https:\/\/fcaresystems.com\/de\/verkaufsbedingungen\/\" \/>\n<meta property=\"og:locale\" content=\"de_DE\" \/>\n<meta property=\"og:type\" content=\"article\" \/>\n<meta property=\"og:title\" content=\"Allgemeine Verkaufsbedingungen | F Care Systems\" \/>\n<meta property=\"og:description\" content=\"Diese allgemeinen Gesch\u00e4ftsbedingungen gelten f\u00fcr alle Angebote und Offerten von F Care Systems.\" \/>\n<meta property=\"og:url\" content=\"https:\/\/fcaresystems.com\/de\/verkaufsbedingungen\/\" \/>\n<meta property=\"og:site_name\" content=\"F Care Systems\" \/>\n<meta property=\"article:modified_time\" content=\"2023-07-06T12:09:29+00:00\" \/>\n<meta name=\"twitter:card\" content=\"summary_large_image\" \/>\n<meta name=\"twitter:label1\" content=\"Gesch\u00e4tzte Lesezeit\" \/>\n\t<meta name=\"twitter:data1\" content=\"6\u00a0Minuten\" \/>\n<script type=\"application\/ld+json\" class=\"yoast-schema-graph\">{\"@context\":\"https:\/\/schema.org\",\"@graph\":[{\"@type\":\"WebPage\",\"@id\":\"https:\/\/fcaresystems.com\/de\/verkaufsbedingungen\/\",\"url\":\"https:\/\/fcaresystems.com\/de\/verkaufsbedingungen\/\",\"name\":\"Allgemeine Verkaufsbedingungen | F Care Systems\",\"isPartOf\":{\"@id\":\"https:\/\/fcaresystems.com\/de\/#website\"},\"datePublished\":\"2023-01-09T12:05:26+00:00\",\"dateModified\":\"2023-07-06T12:09:29+00:00\",\"description\":\"Diese allgemeinen Gesch\u00e4ftsbedingungen gelten f\u00fcr alle Angebote und Offerten von F Care Systems.\",\"breadcrumb\":{\"@id\":\"https:\/\/fcaresystems.com\/de\/verkaufsbedingungen\/#breadcrumb\"},\"inLanguage\":\"de\",\"potentialAction\":[{\"@type\":\"ReadAction\",\"target\":[\"https:\/\/fcaresystems.com\/de\/verkaufsbedingungen\/\"]}]},{\"@type\":\"BreadcrumbList\",\"@id\":\"https:\/\/fcaresystems.com\/de\/verkaufsbedingungen\/#breadcrumb\",\"itemListElement\":[{\"@type\":\"ListItem\",\"position\":1,\"name\":\"Home\",\"item\":\"https:\/\/fcaresystems.com\/de\/\"},{\"@type\":\"ListItem\",\"position\":2,\"name\":\"Allgemeine Verkaufsbedingungen\"}]},{\"@type\":\"WebSite\",\"@id\":\"https:\/\/fcaresystems.com\/de\/#website\",\"url\":\"https:\/\/fcaresystems.com\/de\/\",\"name\":\"F Care Systems\",\"description\":\"\",\"publisher\":{\"@id\":\"https:\/\/fcaresystems.com\/de\/#organization\"},\"potentialAction\":[{\"@type\":\"SearchAction\",\"target\":{\"@type\":\"EntryPoint\",\"urlTemplate\":\"https:\/\/fcaresystems.com\/de\/?s={search_term_string}\"},\"query-input\":{\"@type\":\"PropertyValueSpecification\",\"valueRequired\":true,\"valueName\":\"search_term_string\"}}],\"inLanguage\":\"de\"},{\"@type\":\"Organization\",\"@id\":\"https:\/\/fcaresystems.com\/de\/#organization\",\"name\":\"F Care Systems\",\"url\":\"https:\/\/fcaresystems.com\/de\/\",\"logo\":{\"@type\":\"ImageObject\",\"inLanguage\":\"de\",\"@id\":\"https:\/\/fcaresystems.com\/de\/#\/schema\/logo\/image\/\",\"url\":\"https:\/\/fcaresystems.com\/wp-content\/uploads\/2022\/11\/logo-2.svg\",\"contentUrl\":\"https:\/\/fcaresystems.com\/wp-content\/uploads\/2022\/11\/logo-2.svg\",\"caption\":\"F Care Systems\"},\"image\":{\"@id\":\"https:\/\/fcaresystems.com\/de\/#\/schema\/logo\/image\/\"}}]}<\/script>\n<!-- \/ Yoast SEO plugin. -->","yoast_head_json":{"title":"Allgemeine Verkaufsbedingungen | F Care Systems","description":"Diese allgemeinen Gesch\u00e4ftsbedingungen gelten f\u00fcr alle Angebote und Offerten von F Care Systems.","robots":{"index":"index","follow":"follow","max-snippet":"max-snippet:-1","max-image-preview":"max-image-preview:large","max-video-preview":"max-video-preview:-1"},"canonical":"https:\/\/fcaresystems.com\/de\/verkaufsbedingungen\/","og_locale":"de_DE","og_type":"article","og_title":"Allgemeine Verkaufsbedingungen | F Care Systems","og_description":"Diese allgemeinen Gesch\u00e4ftsbedingungen gelten f\u00fcr alle Angebote und Offerten von F Care Systems.","og_url":"https:\/\/fcaresystems.com\/de\/verkaufsbedingungen\/","og_site_name":"F Care Systems","article_modified_time":"2023-07-06T12:09:29+00:00","twitter_card":"summary_large_image","twitter_misc":{"Gesch\u00e4tzte Lesezeit":"6\u00a0Minuten"},"schema":{"@context":"https:\/\/schema.org","@graph":[{"@type":"WebPage","@id":"https:\/\/fcaresystems.com\/de\/verkaufsbedingungen\/","url":"https:\/\/fcaresystems.com\/de\/verkaufsbedingungen\/","name":"Allgemeine Verkaufsbedingungen | F Care Systems","isPartOf":{"@id":"https:\/\/fcaresystems.com\/de\/#website"},"datePublished":"2023-01-09T12:05:26+00:00","dateModified":"2023-07-06T12:09:29+00:00","description":"Diese allgemeinen Gesch\u00e4ftsbedingungen gelten f\u00fcr alle Angebote und Offerten von F Care Systems.","breadcrumb":{"@id":"https:\/\/fcaresystems.com\/de\/verkaufsbedingungen\/#breadcrumb"},"inLanguage":"de","potentialAction":[{"@type":"ReadAction","target":["https:\/\/fcaresystems.com\/de\/verkaufsbedingungen\/"]}]},{"@type":"BreadcrumbList","@id":"https:\/\/fcaresystems.com\/de\/verkaufsbedingungen\/#breadcrumb","itemListElement":[{"@type":"ListItem","position":1,"name":"Home","item":"https:\/\/fcaresystems.com\/de\/"},{"@type":"ListItem","position":2,"name":"Allgemeine Verkaufsbedingungen"}]},{"@type":"WebSite","@id":"https:\/\/fcaresystems.com\/de\/#website","url":"https:\/\/fcaresystems.com\/de\/","name":"F Care Systems","description":"","publisher":{"@id":"https:\/\/fcaresystems.com\/de\/#organization"},"potentialAction":[{"@type":"SearchAction","target":{"@type":"EntryPoint","urlTemplate":"https:\/\/fcaresystems.com\/de\/?s={search_term_string}"},"query-input":{"@type":"PropertyValueSpecification","valueRequired":true,"valueName":"search_term_string"}}],"inLanguage":"de"},{"@type":"Organization","@id":"https:\/\/fcaresystems.com\/de\/#organization","name":"F Care Systems","url":"https:\/\/fcaresystems.com\/de\/","logo":{"@type":"ImageObject","inLanguage":"de","@id":"https:\/\/fcaresystems.com\/de\/#\/schema\/logo\/image\/","url":"https:\/\/fcaresystems.com\/wp-content\/uploads\/2022\/11\/logo-2.svg","contentUrl":"https:\/\/fcaresystems.com\/wp-content\/uploads\/2022\/11\/logo-2.svg","caption":"F Care Systems"},"image":{"@id":"https:\/\/fcaresystems.com\/de\/#\/schema\/logo\/image\/"}}]}},"_links":{"self":[{"href":"https:\/\/fcaresystems.com\/de\/wp-json\/wp\/v2\/pages\/7527","targetHints":{"allow":["GET"]}}],"collection":[{"href":"https:\/\/fcaresystems.com\/de\/wp-json\/wp\/v2\/pages"}],"about":[{"href":"https:\/\/fcaresystems.com\/de\/wp-json\/wp\/v2\/types\/page"}],"author":[{"embeddable":true,"href":"https:\/\/fcaresystems.com\/de\/wp-json\/wp\/v2\/users\/1"}],"replies":[{"embeddable":true,"href":"https:\/\/fcaresystems.com\/de\/wp-json\/wp\/v2\/comments?post=7527"}],"version-history":[{"count":9,"href":"https:\/\/fcaresystems.com\/de\/wp-json\/wp\/v2\/pages\/7527\/revisions"}],"predecessor-version":[{"id":12177,"href":"https:\/\/fcaresystems.com\/de\/wp-json\/wp\/v2\/pages\/7527\/revisions\/12177"}],"wp:attachment":[{"href":"https:\/\/fcaresystems.com\/de\/wp-json\/wp\/v2\/media?parent=7527"}],"curies":[{"name":"wp","href":"https:\/\/api.w.org\/{rel}","templated":true}]}}