{"id":14904,"date":"2022-11-18T15:38:38","date_gmt":"2022-11-18T14:38:38","guid":{"rendered":"https:\/\/fcaresystems.com\/rfa-tumours\/"},"modified":"2026-02-11T13:13:14","modified_gmt":"2026-02-11T12:13:14","slug":"rfa-von-tumoren","status":"publish","type":"page","link":"https:\/\/fcaresystems.com\/de\/rfa-von-tumoren\/","title":{"rendered":"RFA von Tumoren"},"content":{"rendered":"\n<section class=\"wp-block-fcs-core-header is-style-gradient\"><header class=\"c-header c-header-wrapper c-header-wrapper-s\"><figure class=\"c-header-img \"><img loading=\"lazy\" decoding=\"async\" src=\"https:\/\/fcaresystems.com\/wp-content\/uploads\/2024\/08\/Banner-AJ-500A.jpg\" width=\"2160\" height=\"450\" class=\"c-header-img\"\/><figcaption class=\"c-header-content\"><div class=\"o-container\">\n<div class=\"wp-block-fcs-core-spacer u-padding-sm-lg u-padding-sm\"><\/div>\n\n\n\n<div class=\"wp-block-group c-breadcrumb\"><div class=\"wp-block-group__inner-container is-layout-flow wp-block-group-is-layout-flow\"><span><span><a href=\"https:\/\/fcaresystems.com\/de\/\">Home<\/a><\/span><\/span>\n<\/div><\/div>\n\n\n\n<div class=\"wp-block-fcs-core-spacer u-padding-md-lg u-padding-md\"><\/div>\n\n\n\n<h1 class=\"wp-block-heading has-white-color has-text-color\" style=\"text-transform:none\">Radiofrequenzablation von Tumoren | AJ-500A<\/h1>\n<\/div><\/figcaption><\/figure><\/header><\/section>\n\n\n\n<div class=\"wp-block-fcs-core-container o-container\">\n<div class=\"wp-block-fcs-core-spacer u-padding-xl-lg u-padding-md\"><\/div>\n\n\n\n<div class=\"wp-block-columns is-layout-flex wp-container-core-columns-is-layout-9d6595d7 wp-block-columns-is-layout-flex\">\n<div class=\"wp-block-column is-layout-flow wp-block-column-is-layout-flow\">\n<h2 class=\"wp-block-heading is-style-default has-secondary-color has-text-color\">Perkutane Radiofrequenzablation (RFA) von Tumoren<\/h2>\n\n\n\n<p class=\"has-primary-color has-text-color has-medium-font-size\"><strong><strong>Die zuverl\u00e4ssige L\u00f6sung.<\/strong><\/strong><\/p>\n\n\n\n<p>Laserablation, irreversible Elektroporation, Argon-Helium-Kryoablation \u2026 In den letzten zwei Jahrzehnten haben dramatische Fortschritte in der Bildgebungstechnologie die Erkennungsraten f\u00fcr Neoplasien aller Art stetig verbessert, sodass die Verbreitung von Tumorablationsoptionen auf dem Markt wenig \u00fcberraschend ist. Dennoch bleibt die bew\u00e4hrte Radiofrequenzmethode die am weitesten verbreitete \u2013 \u00c4rzte auf der ganzen Welt vertrauen auf sie als vorhersagbare und bew\u00e4hrte Technik, die sich f\u00fcr minimalinvasive, laparoskopische oder offene chirurgische Eingriffe eignet.<\/p>\n\n\n\n<div class=\"wp-block-fcs-core-spacer u-padding-xs-lg u-padding-xs\"><\/div>\n\n\n\n<div class=\"wp-block-buttons is-layout-flex wp-block-buttons-is-layout-flex\">\n<div class=\"wp-block-button\"><a class=\"wp-block-button__link has-primary-background-color has-background wp-element-button\" href=\"https:\/\/fcaresystems.com\/de\/radiofrequenz-thermokoagulation\/\">Erfahren Sie mehr \u00fcber die Radiofrequenzablation<\/a><\/div>\n<\/div>\n\n\n\n<div class=\"wp-block-fcs-core-spacer u-padding-sm-lg u-padding-xs\"><\/div>\n\n\n\n<p>Als eines der vielseitigsten Radiofrequenz-Tumorablationssysteme auf dem Markt bietet das <mark style=\"background-color:rgba(0, 0, 0, 0)\" class=\"has-inline-color has-primary-color\">AJ-500A<\/mark> eine Reihe ergonomischer Aufs\u00e4tze f\u00fcr die Plug-and-Play-Behandlung von Leberneoplasmen, Schilddr\u00fcsenknoten und Lungentumoren. Die d\u00fcnnen, flexiblen Nadelsonden verf\u00fcgen \u00fcber eine spezielle ungiftige Antihaftbeschichtung, und ihre patentierten dreiseitigen Spitzen dringen reibungslos in feste Massen ein, ohne dass vorbereitende Schnitte erforderlich sind. Bis zu drei Sonden k\u00f6nnen gleichzeitig angeschlossen werden, was zus\u00e4tzliche Flexibilit\u00e4t bei der Behandlung gr\u00f6\u00dferer Massen bietet. Das System erkennt jede Sonde automatisch und ruft die entsprechende(n) Schnittstelle(n) auf.<\/p>\n\n\n\n<div class=\"wp-block-fcs-core-spacer u-padding-sm-lg u-padding-sm\"><\/div>\n<\/div>\n\n\n\n<div class=\"wp-block-column is-layout-flow wp-block-column-is-layout-flow\">\n<div class=\"wp-block-fcs-core-spacer u-padding-xs-lg\"><\/div>\n\n\n\n<figure class=\"wp-block-image size-large\"><img loading=\"lazy\" decoding=\"async\" width=\"1024\" height=\"768\" src=\"https:\/\/fcaresystems.com\/wp-content\/uploads\/2024\/08\/RFA-tumours-1024x768.png\" alt=\"\" class=\"wp-image-13630\" srcset=\"https:\/\/fcaresystems.com\/wp-content\/uploads\/2024\/08\/RFA-tumours-1024x768.png 1024w, https:\/\/fcaresystems.com\/wp-content\/uploads\/2024\/08\/RFA-tumours-300x225.png 300w, https:\/\/fcaresystems.com\/wp-content\/uploads\/2024\/08\/RFA-tumours-768x576.png 768w, https:\/\/fcaresystems.com\/wp-content\/uploads\/2024\/08\/RFA-tumours.png 1080w\" sizes=\"auto, (max-width: 1024px) 100vw, 1024px\" \/><\/figure>\n<\/div>\n<\/div>\n<\/div>\n\n\n\n<div class=\"wp-block-group has-light-background-color has-background\"><div class=\"wp-block-group__inner-container is-layout-constrained wp-block-group-is-layout-constrained\">\n<div class=\"wp-block-fcs-core-spacer u-padding-xl-lg u-padding-md\"><\/div>\n\n\n\n<div class=\"wp-block-fcs-core-container o-container\">\n<div class=\"wp-block-columns is-layout-flex wp-container-core-columns-is-layout-9d6595d7 wp-block-columns-is-layout-flex\">\n<div class=\"wp-block-column is-layout-flow wp-block-column-is-layout-flow\">\n<figure class=\"wp-block-image size-full is-resized\"><img decoding=\"async\" src=\"https:\/\/fcaresystems.com\/wp-content\/uploads\/2022\/11\/icon-patient.svg\" alt=\"\" class=\"wp-image-335\" style=\"width:32px;height:40px\"\/><\/figure>\n\n\n\n<div class=\"wp-block-fcs-core-spacer u-padding-xs-lg u-padding-xs\"><\/div>\n\n\n\n<h3 class=\"wp-block-heading has-quaternary-color has-text-color\">Vorteile f\u00fcr Patienten<\/h3>\n\n\n\n<ul class=\"wp-block-list is-style-patient\">\n<li>Erm\u00f6glicht eine nicht-chirurgische Behandlung \u2013 keine Schnitte, keine Narbenbildung<\/li>\n\n\n\n<li>Schnelle Methode, geeignet f\u00fcr ambulante oder tagesklinische Behandlungen<\/li>\n\n\n\n<li>Stimuliert die nat\u00fcrliche Immunantwort des K\u00f6rpers und verst\u00e4rkt die Wirkung im Laufe der Zeit<\/li>\n\n\n\n<li>Minimiert Beschwerden und f\u00f6rdert eine schnellere Genesung<\/li>\n<\/ul>\n<\/div>\n\n\n\n<div class=\"wp-block-column is-layout-flow wp-block-column-is-layout-flow\">\n<figure class=\"wp-block-image size-full is-resized\"><img decoding=\"async\" src=\"https:\/\/fcaresystems.com\/wp-content\/uploads\/2022\/11\/icon-docter.svg\" alt=\"\" class=\"wp-image-334\" style=\"width:32px;height:40px\"\/><\/figure>\n\n\n\n<div class=\"wp-block-fcs-core-spacer u-padding-xs-lg u-padding-xs\"><\/div>\n\n\n\n<h3 class=\"wp-block-heading is-style-default has-primary-color has-text-color\"><strong>Vorteile f\u00fcr \u00c4rzte<\/strong><\/h3>\n\n\n\n<ul class=\"wp-block-list is-style-doctor\">\n<li>Einfach zu bedienender, geneigter Touchscreen mit voreingestellten Parametern<\/li>\n\n\n\n<li>Zugschutzvorrichtung verhindert versehentliche Besch\u00e4digungen des Kabels oder das Eindringen von Wasser<\/li>\n\n\n\n<li>Temperatur- und Impedanzsensoren verhindern Adh\u00e4sion und Karbonisierung.<\/li>\n\n\n\n<li>Erm\u00f6glicht einseitige Ablation f\u00fcr noch pr\u00e4zisere Kontrolle.<\/li>\n<\/ul>\n<\/div>\n<\/div>\n<\/div>\n\n\n\n<div class=\"wp-block-fcs-core-spacer u-padding-xl-lg u-padding-md\"><\/div>\n<\/div><\/div>\n\n\n\n<div class=\"wp-block-group has-primary-background-color has-background\"><div class=\"wp-block-group__inner-container is-layout-flow wp-block-group-is-layout-flow\">\n<div class=\"wp-block-fcs-core-container o-container\">\n<div class=\"wp-block-fcs-core-spacer u-padding-md-lg u-padding-md\"><\/div>\n\n\n\n<div class=\"wp-block-fcs-core-spacer u-padding-md-lg u-padding-md\"><\/div>\n<\/div>\n<\/div><\/div>\n\n\n\n<div class=\"wp-block-fcs-core-container o-container\">\n<div class=\"wp-block-fcs-core-spacer u-padding-xl-lg u-padding-md\"><\/div>\n\n\n\n<h2 class=\"wp-block-heading is-style-underline has-secondary-color has-text-color\">Behandlungsprotokoll<\/h2>\n\n\n\n<div class=\"wp-block-fcs-core-spacer u-padding-sm-lg u-padding-sm\"><\/div>\n\n\n\n<div class=\"wp-block-columns is-layout-flex wp-container-core-columns-is-layout-9d6595d7 wp-block-columns-is-layout-flex\">\n<div class=\"wp-block-column is-layout-flow wp-block-column-is-layout-flow\" style=\"flex-basis:60%\">\n<p>Beispiel f\u00fcr ein Behandlungsprotokoll f\u00fcr die CT-gesteuerte RFA der Leber<\/p>\n<\/div>\n\n\n\n<div class=\"wp-block-column is-layout-flow wp-block-column-is-layout-flow\" style=\"flex-basis:33.33%\">\n<div class=\"wp-block-buttons is-content-justification-right is-layout-flex wp-container-core-buttons-is-layout-765c4724 wp-block-buttons-is-layout-flex\">\n<div class=\"wp-block-button is-style-download popmake-14828\"><a class=\"wp-block-button__link has-primary-background-color has-background wp-element-button\">Brosch\u00fcre AJ-500A herunterladen<\/a><\/div>\n<\/div>\n<\/div>\n<\/div>\n\n\n\n<div class=\"wp-block-fcs-core-spacer u-padding-xl-lg u-padding-md\"><\/div>\n<\/div>\n\n\n\n<div class=\"wp-block-group has-secondary-background-color has-background\"><div class=\"wp-block-group__inner-container is-layout-constrained wp-block-group-is-layout-constrained\">\n<div class=\"wp-block-fcs-core-spacer u-padding-md-lg u-padding-md\"><\/div>\n\n\n\n<div class=\"wp-block-fcs-core-container o-container\">\n<div class=\"wp-block-fcs-core-spacer u-padding-xxs-lg u-padding-sm\"><\/div>\n\n\n\n<div class=\"wp-block-columns are-vertically-aligned-bottom is-layout-flex wp-container-core-columns-is-layout-9d6595d7 wp-block-columns-is-layout-flex\">\n<div class=\"wp-block-column is-vertically-aligned-bottom is-layout-flow wp-block-column-is-layout-flow\">\n<figure class=\"wp-block-image size-full is-resized\"><img decoding=\"async\" src=\"https:\/\/fcaresystems.com\/wp-content\/uploads\/2022\/11\/icon-doctor-white.svg\" alt=\"\" class=\"wp-image-392\" style=\"width:46px;height:48px\"\/><\/figure>\n\n\n\n<div class=\"wp-block-fcs-core-spacer u-padding-xxs-lg u-padding-sm\"><\/div>\n\n\n\n<h2 class=\"wp-block-heading u-margin-none has-white-color has-text-color\"><strong><strong>Erleben Sie den AJ-500A selbst<\/strong><\/strong><\/h2>\n<\/div>\n\n\n\n<div class=\"wp-block-column is-vertically-aligned-bottom is-layout-flow wp-block-column-is-layout-flow\">\n<div class=\"wp-block-buttons is-content-justification-right is-layout-flex wp-container-core-buttons-is-layout-765c4724 wp-block-buttons-is-layout-flex\">\n<div class=\"wp-block-button alignright\"><a class=\"wp-block-button__link has-primary-background-color has-background wp-element-button\" href=\"https:\/\/fcaresystems.com\/de\/workshops\/\">Informationen zum Workshop<\/a><\/div>\n\n\n\n<div class=\"wp-block-button alignright is-style-outline is-style-outline--1\"><a class=\"wp-block-button__link has-white-color has-text-color wp-element-button\" href=\"https:\/\/fcaresystems.com\/de\/kontakt\/\">Kontaktieren Sie uns<\/a><\/div>\n<\/div>\n<\/div>\n<\/div>\n\n\n\n<div class=\"wp-block-fcs-core-spacer u-padding-sm-lg u-padding-sm\"><\/div>\n\n\n\n<hr class=\"wp-block-separator has-text-color has-white-color has-alpha-channel-opacity has-white-background-color has-background is-style-wide\"\/>\n\n\n\n<div class=\"wp-block-fcs-core-spacer u-padding-xs-lg u-padding-sm\"><\/div>\n\n\n\n<div class=\"wp-block-columns is-style-smallgap is-layout-flex wp-container-core-columns-is-layout-9d6595d7 wp-block-columns-is-layout-flex\">\n<div class=\"wp-block-column is-layout-flow wp-block-column-is-layout-flow\" style=\"flex-basis:170px\">\n<p class=\"has-white-color has-text-color\">Diese Behandlung teilen<\/p>\n<\/div>\n\n\n\n<div class=\"wp-block-column is-layout-flow wp-block-column-is-layout-flow\">\n<figure class=\"wp-block-image is-resized o-inline-block u-margin-right-sm\"><a href=\"https:\/\/linkedin.com\/\"><img decoding=\"async\" src=\"https:\/\/fcaresystems.com\/wp-content\/uploads\/2022\/11\/icon-linkedin.png\" alt=\"\" class=\"wp-image-421\" style=\"width:20px;height:20px\"\/><\/a><\/figure>\n\n\n\n<figure class=\"wp-block-image size-full is-resized o-inline-block\"><img loading=\"lazy\" decoding=\"async\" width=\"46\" height=\"36\" src=\"https:\/\/fcaresystems.com\/wp-content\/uploads\/2022\/11\/icon-twitter.png\" alt=\"\" class=\"wp-image-437\" style=\"width:23px;height:18px\"\/><\/figure>\n<\/div>\n<\/div>\n<\/div>\n\n\n\n<div class=\"wp-block-fcs-core-spacer u-padding-md-lg u-padding-md\"><\/div>\n<\/div><\/div>\n\n\n\n<div class=\"wp-block-fcs-core-container o-container\">\n<div class=\"wp-block-fcs-core-spacer u-padding-xl-lg u-padding-md\"><\/div>\n\n\n\n<h2 class=\"wp-block-heading is-style-underline has-secondary-color has-text-color\">Zugeh\u00f6rige Verbrauchsmaterialien<\/h2>\n\n\n\n<div class=\"wp-block-fcs-core-spacer u-padding-sm-lg u-padding-sm\"><\/div>\n\n\n\n<div class=\"o-grid o-grid-3-lg o-grid-gap-s\"><div class=\"c-card__wrapper\">\n    <a href=\"https:\/\/fcaresystems.com\/de\/produkte\/verbrauchsmaterialien\/rf-electrodes-aj-500a\/\" class=\"c-card c-card--product\">\n    <figure>\n    <img decoding=\"async\" src=\"https:\/\/fcaresystems.com\/wp-content\/uploads\/2022\/11\/percutaneous-rf-needle-electrodes.jpg\" alt=\"\" title=\"\" width=\"1080\" height=\"810\" loading=\"lazy\" \/>\n    <\/figure>\n        <div class=\"u-padding-sm o-flex o-flex-column o-flex-justify-content-between o-flex-grow\">\n            <div>\n                <h3>AJ-500A RF-Elektroden<\/h3>\n                <p>Ein Trio wassergek\u00fchlter Nadelelektroden f\u00fcr pr\u00e4zise temperatur- oder impedanzgesteuerte Thermokoagulation.<\/p>\n            <\/div>\n            <p class=\"c-button-link c-button-link--icon u-margin-none\">Weiterlesen<\/p>\n        <\/div>\n    <\/a>\n<\/div><\/div>\n\n\n\n<div class=\"wp-block-fcs-core-spacer u-padding-lg-lg u-padding-md\"><\/div>\n\n\n\n<h2 class=\"wp-block-heading is-style-underline has-secondary-color has-text-color\">Zugeh\u00f6riger Generator<\/h2>\n\n\n\n<div class=\"wp-block-fcs-core-spacer u-padding-sm-lg u-padding-sm\"><\/div>\n\n\n\n<div class=\"o-grid o-grid-3-lg o-grid-gap-s\"><div class=\"c-card__wrapper\">\n    <a href=\"https:\/\/fcaresystems.com\/de\/produkte\/generatoren\/aj-500a-rf-generator\/\" class=\"c-card c-card--product\">\n    <figure>\n    <img decoding=\"async\" src=\"https:\/\/fcaresystems.com\/wp-content\/uploads\/2022\/11\/MedRF5000-percuteaneous-radiofrequency-coagulation.jpg\" alt=\"\" title=\"\" width=\"1080\" height=\"810\" loading=\"lazy\" \/>\n    <\/figure>\n        <div class=\"u-padding-sm o-flex o-flex-column o-flex-justify-content-between o-flex-grow\">\n            <div>\n                <h3>Generator AJ-500A<\/h3>\n                <p>Dedicated to precise water-cooled thermocoagulation of tumours.<\/p>\n            <\/div>\n            <p class=\"c-button-link c-button-link--icon u-margin-none\">Weiterlesen<\/p>\n        <\/div>\n    <\/a>\n<\/div><\/div>\n\n\n\n<div class=\"wp-block-fcs-core-spacer u-padding-xl-lg u-padding-md\"><\/div>\n<\/div>\n\n\n\n<p><\/p>\n","protected":false},"excerpt":{"rendered":"","protected":false},"author":1,"featured_media":13633,"parent":0,"menu_order":0,"comment_status":"closed","ping_status":"closed","template":"","meta":{"_color_hex":"","_color_slug":"","footnotes":""},"class_list":["post-14904","page","type-page","status-publish","has-post-thumbnail","hentry"],"yoast_head":"<!-- This site is optimized with the Yoast SEO plugin v27.0 - https:\/\/yoast.com\/product\/yoast-seo-wordpress\/ -->\n<title>F Care Systems | Perkutane Radiofrequenzablation (RFA) von Tumoren<\/title>\n<meta name=\"description\" content=\"Die perkutane Radiofrequenzablation (RFA) von Leber-, Schilddr\u00fcsen- und Lungenwachstum war noch nie so einfach wie mit dem vielseitigen AJ-500A-System.\" \/>\n<meta name=\"robots\" content=\"index, follow, max-snippet:-1, max-image-preview:large, max-video-preview:-1\" \/>\n<link rel=\"canonical\" href=\"https:\/\/fcaresystems.com\/de\/rfa-von-tumoren\/\" \/>\n<meta property=\"og:locale\" content=\"de_DE\" \/>\n<meta property=\"og:type\" content=\"article\" \/>\n<meta property=\"og:title\" content=\"F Care Systems | Perkutane Radiofrequenzablation (RFA) von Tumoren\" \/>\n<meta property=\"og:description\" content=\"Die perkutane Radiofrequenzablation (RFA) von Leber-, Schilddr\u00fcsen- und Lungenwachstum war noch nie so einfach wie mit dem vielseitigen AJ-500A-System.\" \/>\n<meta property=\"og:url\" content=\"https:\/\/fcaresystems.com\/de\/rfa-von-tumoren\/\" \/>\n<meta property=\"og:site_name\" content=\"F Care Systems\" \/>\n<meta property=\"article:modified_time\" content=\"2026-02-11T12:13:14+00:00\" \/>\n<meta property=\"og:image\" content=\"https:\/\/fcaresystems.com\/wp-content\/uploads\/2024\/08\/RFA-tumours.png\" \/>\n\t<meta property=\"og:image:width\" content=\"1080\" \/>\n\t<meta property=\"og:image:height\" content=\"810\" \/>\n\t<meta property=\"og:image:type\" content=\"image\/png\" \/>\n<meta name=\"twitter:card\" content=\"summary_large_image\" \/>\n<meta name=\"twitter:label1\" content=\"Gesch\u00e4tzte Lesezeit\" \/>\n\t<meta name=\"twitter:data1\" content=\"3\u00a0Minuten\" \/>\n<script type=\"application\/ld+json\" class=\"yoast-schema-graph\">{\"@context\":\"https:\/\/schema.org\",\"@graph\":[{\"@type\":\"WebPage\",\"@id\":\"https:\/\/fcaresystems.com\/de\/rfa-von-tumoren\/\",\"url\":\"https:\/\/fcaresystems.com\/de\/rfa-von-tumoren\/\",\"name\":\"F Care Systems | Perkutane Radiofrequenzablation (RFA) von Tumoren\",\"isPartOf\":{\"@id\":\"https:\/\/fcaresystems.com\/de\/#website\"},\"primaryImageOfPage\":{\"@id\":\"https:\/\/fcaresystems.com\/de\/rfa-von-tumoren\/#primaryimage\"},\"image\":{\"@id\":\"https:\/\/fcaresystems.com\/de\/rfa-von-tumoren\/#primaryimage\"},\"thumbnailUrl\":\"https:\/\/fcaresystems.com\/wp-content\/uploads\/2024\/08\/RFA-tumours.png\",\"datePublished\":\"2022-11-18T14:38:38+00:00\",\"dateModified\":\"2026-02-11T12:13:14+00:00\",\"description\":\"Die perkutane Radiofrequenzablation (RFA) von Leber-, Schilddr\u00fcsen- und Lungenwachstum war noch nie so einfach wie mit dem vielseitigen AJ-500A-System.\",\"breadcrumb\":{\"@id\":\"https:\/\/fcaresystems.com\/de\/rfa-von-tumoren\/#breadcrumb\"},\"inLanguage\":\"de\",\"potentialAction\":[{\"@type\":\"ReadAction\",\"target\":[\"https:\/\/fcaresystems.com\/de\/rfa-von-tumoren\/\"]}]},{\"@type\":\"ImageObject\",\"inLanguage\":\"de\",\"@id\":\"https:\/\/fcaresystems.com\/de\/rfa-von-tumoren\/#primaryimage\",\"url\":\"https:\/\/fcaresystems.com\/wp-content\/uploads\/2024\/08\/RFA-tumours.png\",\"contentUrl\":\"https:\/\/fcaresystems.com\/wp-content\/uploads\/2024\/08\/RFA-tumours.png\",\"width\":1080,\"height\":810},{\"@type\":\"BreadcrumbList\",\"@id\":\"https:\/\/fcaresystems.com\/de\/rfa-von-tumoren\/#breadcrumb\",\"itemListElement\":[{\"@type\":\"ListItem\",\"position\":1,\"name\":\"Home\",\"item\":\"https:\/\/fcaresystems.com\/de\/\"},{\"@type\":\"ListItem\",\"position\":2,\"name\":\"RFA von Tumoren\"}]},{\"@type\":\"WebSite\",\"@id\":\"https:\/\/fcaresystems.com\/de\/#website\",\"url\":\"https:\/\/fcaresystems.com\/de\/\",\"name\":\"F Care Systems\",\"description\":\"\",\"publisher\":{\"@id\":\"https:\/\/fcaresystems.com\/de\/#organization\"},\"potentialAction\":[{\"@type\":\"SearchAction\",\"target\":{\"@type\":\"EntryPoint\",\"urlTemplate\":\"https:\/\/fcaresystems.com\/de\/?s={search_term_string}\"},\"query-input\":{\"@type\":\"PropertyValueSpecification\",\"valueRequired\":true,\"valueName\":\"search_term_string\"}}],\"inLanguage\":\"de\"},{\"@type\":\"Organization\",\"@id\":\"https:\/\/fcaresystems.com\/de\/#organization\",\"name\":\"F Care Systems\",\"url\":\"https:\/\/fcaresystems.com\/de\/\",\"logo\":{\"@type\":\"ImageObject\",\"inLanguage\":\"de\",\"@id\":\"https:\/\/fcaresystems.com\/de\/#\/schema\/logo\/image\/\",\"url\":\"https:\/\/fcaresystems.com\/wp-content\/uploads\/2022\/11\/logo-2.svg\",\"contentUrl\":\"https:\/\/fcaresystems.com\/wp-content\/uploads\/2022\/11\/logo-2.svg\",\"caption\":\"F Care Systems\"},\"image\":{\"@id\":\"https:\/\/fcaresystems.com\/de\/#\/schema\/logo\/image\/\"}}]}<\/script>\n<!-- \/ Yoast SEO plugin. -->","yoast_head_json":{"title":"F Care Systems | Perkutane Radiofrequenzablation (RFA) von Tumoren","description":"Die perkutane Radiofrequenzablation (RFA) von Leber-, Schilddr\u00fcsen- und Lungenwachstum war noch nie so einfach wie mit dem vielseitigen AJ-500A-System.","robots":{"index":"index","follow":"follow","max-snippet":"max-snippet:-1","max-image-preview":"max-image-preview:large","max-video-preview":"max-video-preview:-1"},"canonical":"https:\/\/fcaresystems.com\/de\/rfa-von-tumoren\/","og_locale":"de_DE","og_type":"article","og_title":"F Care Systems | Perkutane Radiofrequenzablation (RFA) von Tumoren","og_description":"Die perkutane Radiofrequenzablation (RFA) von Leber-, Schilddr\u00fcsen- und Lungenwachstum war noch nie so einfach wie mit dem vielseitigen AJ-500A-System.","og_url":"https:\/\/fcaresystems.com\/de\/rfa-von-tumoren\/","og_site_name":"F Care Systems","article_modified_time":"2026-02-11T12:13:14+00:00","og_image":[{"width":1080,"height":810,"url":"https:\/\/fcaresystems.com\/wp-content\/uploads\/2024\/08\/RFA-tumours.png","type":"image\/png"}],"twitter_card":"summary_large_image","twitter_misc":{"Gesch\u00e4tzte Lesezeit":"3\u00a0Minuten"},"schema":{"@context":"https:\/\/schema.org","@graph":[{"@type":"WebPage","@id":"https:\/\/fcaresystems.com\/de\/rfa-von-tumoren\/","url":"https:\/\/fcaresystems.com\/de\/rfa-von-tumoren\/","name":"F Care Systems | Perkutane Radiofrequenzablation (RFA) von Tumoren","isPartOf":{"@id":"https:\/\/fcaresystems.com\/de\/#website"},"primaryImageOfPage":{"@id":"https:\/\/fcaresystems.com\/de\/rfa-von-tumoren\/#primaryimage"},"image":{"@id":"https:\/\/fcaresystems.com\/de\/rfa-von-tumoren\/#primaryimage"},"thumbnailUrl":"https:\/\/fcaresystems.com\/wp-content\/uploads\/2024\/08\/RFA-tumours.png","datePublished":"2022-11-18T14:38:38+00:00","dateModified":"2026-02-11T12:13:14+00:00","description":"Die perkutane Radiofrequenzablation (RFA) von Leber-, Schilddr\u00fcsen- und Lungenwachstum war noch nie so einfach wie mit dem vielseitigen AJ-500A-System.","breadcrumb":{"@id":"https:\/\/fcaresystems.com\/de\/rfa-von-tumoren\/#breadcrumb"},"inLanguage":"de","potentialAction":[{"@type":"ReadAction","target":["https:\/\/fcaresystems.com\/de\/rfa-von-tumoren\/"]}]},{"@type":"ImageObject","inLanguage":"de","@id":"https:\/\/fcaresystems.com\/de\/rfa-von-tumoren\/#primaryimage","url":"https:\/\/fcaresystems.com\/wp-content\/uploads\/2024\/08\/RFA-tumours.png","contentUrl":"https:\/\/fcaresystems.com\/wp-content\/uploads\/2024\/08\/RFA-tumours.png","width":1080,"height":810},{"@type":"BreadcrumbList","@id":"https:\/\/fcaresystems.com\/de\/rfa-von-tumoren\/#breadcrumb","itemListElement":[{"@type":"ListItem","position":1,"name":"Home","item":"https:\/\/fcaresystems.com\/de\/"},{"@type":"ListItem","position":2,"name":"RFA von Tumoren"}]},{"@type":"WebSite","@id":"https:\/\/fcaresystems.com\/de\/#website","url":"https:\/\/fcaresystems.com\/de\/","name":"F Care Systems","description":"","publisher":{"@id":"https:\/\/fcaresystems.com\/de\/#organization"},"potentialAction":[{"@type":"SearchAction","target":{"@type":"EntryPoint","urlTemplate":"https:\/\/fcaresystems.com\/de\/?s={search_term_string}"},"query-input":{"@type":"PropertyValueSpecification","valueRequired":true,"valueName":"search_term_string"}}],"inLanguage":"de"},{"@type":"Organization","@id":"https:\/\/fcaresystems.com\/de\/#organization","name":"F Care Systems","url":"https:\/\/fcaresystems.com\/de\/","logo":{"@type":"ImageObject","inLanguage":"de","@id":"https:\/\/fcaresystems.com\/de\/#\/schema\/logo\/image\/","url":"https:\/\/fcaresystems.com\/wp-content\/uploads\/2022\/11\/logo-2.svg","contentUrl":"https:\/\/fcaresystems.com\/wp-content\/uploads\/2022\/11\/logo-2.svg","caption":"F Care Systems"},"image":{"@id":"https:\/\/fcaresystems.com\/de\/#\/schema\/logo\/image\/"}}]}},"_links":{"self":[{"href":"https:\/\/fcaresystems.com\/de\/wp-json\/wp\/v2\/pages\/14904","targetHints":{"allow":["GET"]}}],"collection":[{"href":"https:\/\/fcaresystems.com\/de\/wp-json\/wp\/v2\/pages"}],"about":[{"href":"https:\/\/fcaresystems.com\/de\/wp-json\/wp\/v2\/types\/page"}],"author":[{"embeddable":true,"href":"https:\/\/fcaresystems.com\/de\/wp-json\/wp\/v2\/users\/1"}],"replies":[{"embeddable":true,"href":"https:\/\/fcaresystems.com\/de\/wp-json\/wp\/v2\/comments?post=14904"}],"version-history":[{"count":7,"href":"https:\/\/fcaresystems.com\/de\/wp-json\/wp\/v2\/pages\/14904\/revisions"}],"predecessor-version":[{"id":16030,"href":"https:\/\/fcaresystems.com\/de\/wp-json\/wp\/v2\/pages\/14904\/revisions\/16030"}],"wp:featuredmedia":[{"embeddable":true,"href":"https:\/\/fcaresystems.com\/de\/wp-json\/wp\/v2\/media\/13633"}],"wp:attachment":[{"href":"https:\/\/fcaresystems.com\/de\/wp-json\/wp\/v2\/media?parent=14904"}],"curies":[{"name":"wp","href":"https:\/\/api.w.org\/{rel}","templated":true}]}}