{"id":14855,"date":"2022-11-18T10:17:51","date_gmt":"2022-11-18T09:17:51","guid":{"rendered":"https:\/\/fcaresystems.com\/produkte\/generatoren\/aj-500a-rf-generator\/"},"modified":"2026-02-11T12:36:22","modified_gmt":"2026-02-11T11:36:22","slug":"aj-500a-rf-generator","status":"publish","type":"page","link":"https:\/\/fcaresystems.com\/de\/produkte\/generatoren\/aj-500a-rf-generator\/","title":{"rendered":"Generator AJ-500A"},"content":{"rendered":"\n<div class=\"wp-block-fcs-core-container o-container\">\n<div class=\"wp-block-fcs-core-spacer u-padding-md-lg u-padding-md\"><\/div>\n\n\n\n<div class=\"wp-block-group c-breadcrumb\"><div class=\"wp-block-group__inner-container is-layout-flow wp-block-group-is-layout-flow\"><span><span><a href=\"https:\/\/fcaresystems.com\/de\/\">Home<\/a><\/span><\/span>\n<\/div><\/div>\n\n\n\n<div class=\"wp-block-fcs-core-spacer u-padding-md-lg u-padding-md\"><\/div>\n\n\n\n<div class=\"wp-block-columns is-style-largegap is-layout-flex wp-container-core-columns-is-layout-9d6595d7 wp-block-columns-is-layout-flex\">\n<div class=\"wp-block-column is-layout-flow wp-block-column-is-layout-flow\"><div class=\"c-slider-gallery\"><div class=\"c-slider-wrapper\"><div class=\"c-slider c-slider-slick c-slider-slick-for o-block\" ref=\"slickSlide\"><a data-fancybox=\"gallery\" data-caption=\"MedRF5000 generator and peristaltic cooling pump\" href=\"https:\/\/fcaresystems.com\/wp-content\/uploads\/2022\/11\/MedRF5000-generator-and-peristaltic-cooling-pump.jpg\"><img decoding=\"async\" src=\"https:\/\/fcaresystems.com\/wp-content\/uploads\/2022\/11\/MedRF5000-generator-and-peristaltic-cooling-pump.jpg\" title=\"MedRF5000 generator and peristaltic cooling pump\"  \/><\/a><a data-fancybox=\"gallery\" data-caption=\"MedRF5000 percuteaneous radiofrequency coagulation\" href=\"https:\/\/fcaresystems.com\/wp-content\/uploads\/2022\/11\/MedRF5000-percuteaneous-radiofrequency-coagulation.jpg\"><img decoding=\"async\" src=\"https:\/\/fcaresystems.com\/wp-content\/uploads\/2022\/11\/MedRF5000-percuteaneous-radiofrequency-coagulation.jpg\" title=\"MedRF5000 percuteaneous radiofrequency coagulation\"  \/><\/a><\/div><\/div><div class=\"c-slider-nav-container\"><div class=\"c-slider c-slider-slick c-slider-slick-nav u-margin-top-sm\" ref=\"slickNav\"><div><img decoding=\"async\" class=\"\" src=\"https:\/\/fcaresystems.com\/wp-content\/uploads\/2022\/11\/MedRF5000-generator-and-peristaltic-cooling-pump.jpg\" srcset=\"\" alt=\"\" \/><\/div><div><img decoding=\"async\" class=\"\" src=\"https:\/\/fcaresystems.com\/wp-content\/uploads\/2022\/11\/MedRF5000-percuteaneous-radiofrequency-coagulation.jpg\" srcset=\"\" alt=\"\" \/><\/div><\/div><\/div><\/div>\n\n\n<div class=\"wp-block-fcs-core-spacer u-padding-md-lg u-padding-md\"><\/div>\n\n\n\n<div class=\"wp-block-fcs-core-icon-buttons c-buttons--icon popmake-14828\">\n<a href=\"#\" class=\"wp-block-fcs-core-icon-button c-button c-button--icon-inline is-style-small popmake-14828\"><img decoding=\"async\" src=\"https:\/\/fcaresystems.com\/wp-content\/uploads\/2022\/11\/icon-download.svg\"\/>AJ-500A Brosch\u00fcre herunterladen<\/a>\n<\/div>\n\n\n\n<div class=\"wp-block-fcs-core-spacer u-padding-md-lg u-padding-md\"><\/div>\n<\/div>\n\n\n\n<div class=\"wp-block-column is-layout-flow wp-block-column-is-layout-flow\">\n<h1 class=\"wp-block-heading has-secondary-color has-text-color\"><strong>AJ-500A Radiofrequenz-Ablationssystem f\u00fcr Tumore<\/strong><\/h1>\n\n\n\n<p>Die Radiofrequenz-Thermokoagulation ist effektiv, vielseitig und relativ kosteng\u00fcnstig und bleibt damit die erste Wahl unter den vielen minimalinvasiven Tumorablationsverfahren, die derzeit auf dem Markt erh\u00e4ltlich sind. In den letzten Jahren wurden verschiedene M\u00f6glichkeiten zur Kontrolle und Verbesserung der Ablationseffekte untersucht, darunter die interne K\u00fchlung der Sonde, langsame oder gepulste Erw\u00e4rmung, die Infusion von Kochsalzl\u00f6sung und Multisonden-Arrays.<br><\/p>\n\n\n\n<p>Gl\u00fccklicherweise unterst\u00fctzt das AJ-500A alle diese Optionen.<\/p>\n\n\n\n<p>Schlie\u00dfen Sie einfach die <strong>Peristaltikpumpe<\/strong> an und stecken Sie bis zu drei <strong>Nadelelektroden<\/strong> ein, und die entsprechenden Anzeigen erscheinen automatisch auf dem intuitiven, geneigten Touchscreen:<br><\/p>\n\n\n\n<h3 class=\"wp-block-heading has-primary-color has-text-color has-link-color wp-elements-157f5a9d368b8eb39b751aa6b524feaf\">Modi<\/h3>\n\n\n\n<p><br><strong>Pulsmodus (P):<\/strong> Sobald ein bestimmter Vielfacher des anf\u00e4nglichen Impedanzwertes erreicht ist, schaltet die HF-Energie automatisch ab, um eine Abk\u00fchlung zu erm\u00f6glichen, bis die Impedanz unter den definierten Schwellenwert f\u00e4llt. Diese impedanzgesteuerte Umgebung ist ideal f\u00fcr die Behandlung gr\u00f6\u00dferer Tumoren, wie z. B. <strong>Leberneoplasmen<\/strong>.<\/p>\n\n\n\n<p><em>H\u00e4ufig verwendet mit<\/em> der <strong>L-f\u00f6rmigen, intern gek\u00fchlten Elektrode:<\/strong> verf\u00fcgt \u00fcber einen Hohlnadelschaft, durch den pro Minute bis zu 130 ml Wasser aus der <strong>peristaltischen Pumpe<\/strong> zirkulieren, was Adh\u00e4sionen und Karbonisierung verhindert.<\/p>\n\n\n\n<p><strong>Manueller (M) Modus<\/strong>: Die HF-Energie wird kontinuierlich abgegeben; sobald ein definierter Impedanzschwellenwert erreicht ist, fordert ein Signalton den Anwender auf, die Sonde neu zu positionieren, beispielsweise bei der Mehrpunktablation.<\/p>\n\n\n\n<p><em>H\u00e4ufig verwendet mit<\/em> der <strong>geraden, intern gek\u00fchlten Elektrode<\/strong>: verf\u00fcgt \u00fcber einen ergonomischen Griff, der eine schnelle Neupositionierung bei der Ablation mehrerer oberfl\u00e4chlicher Wucherungen erm\u00f6glicht. Wie ihr L-f\u00f6rmiges Pendant verf\u00fcgt sie \u00fcber eine integrierte Hohlnadelstange mit Umw\u00e4lzk\u00fchlung.<\/p>\n\n\n\n<p><a href=\"TEMP-Modus: Beide intern gek\u00fchlten Elektroden k\u00f6nnen auch im Temperaturregelungsmodus verwendet werden, bei dem die RF-Energie bei Erreichen einer bestimmten Temperatur abgeschaltet wird. Der Anwender kann die Zieltemperatur je nach gew\u00fcnschter Ablationsbreite einstellen. Dieser Modus ist besonders n\u00fctzlich bei der \u201eMoving Shot\u201c-Ablation von Schilddr\u00fcsenknoten.\"><strong>TEMP mode:<\/strong> both <strong>internally cooled electrodes<\/strong> can also be used in temperature-control mode, in which the RF energy cuts off when a certain temperature is reached. Users can adjust the target temperature depending on the desired ablation width. This mode is particularly useful in \u201cMoving Shot\u201d ablation of <strong>thyroid<\/strong> nodules.<\/a><\/p>\n\n\n\n<p><a href=\"C-Track-Modus: Ein spezieller Modus, der eine pr\u00e4zise Cool Needle-Ablation gew\u00e4hrleistet und eine Tumoraussaat verhindert. Wenn die Temperatur unter einen bestimmten Schwellenwert f\u00e4llt, fordert das Ger\u00e4t den Anwender auf, das Zur\u00fcckziehen der Nadel zu stoppen und zu warten, bis die Zieltemperatur wieder erreicht ist.\"><strong>C-track mode:<\/strong> a special mode to ensure accurate <strong>Cool Needle<\/strong> <strong>tract ablation<\/strong> and prevent tumour seeding. When the temperature drops below a specified threshold, the generator prompts the user to stop withdrawing the needle and wait until the target temperature has been re-established.<\/a><\/p>\n\n\n\n<p><strong>A-Track-Modus (Affusion):<\/strong> Bietet eine pr\u00e4zise Temperaturkontrolle bei gleichzeitiger allm\u00e4hlicher Abgabe von Fl\u00fcssigkeit an die Umgebung.<\/p>\n\n\n\n<p><em>Verwendung mit: <\/em><strong>Wasserinjektions-Nadelelektroden<\/strong> mit einstellbarer L\u00e4nge verf\u00fcgen \u00fcber kleine L\u00f6cher in einem Abstand von ca. 5 mm von der Spitze, um eine mit Kochsalzl\u00f6sung modulierte Ablation zu erm\u00f6glichen, die die Ablationsform und den Ablationsbereich bei der Ablation von soliden Tumoren mit h\u00f6herer Impedanz, wie z. B. <strong>Lungen<\/strong>-Wucherungen, verbessert.<\/p>\n\n\n\n<div class=\"wp-block-fcs-core-spacer u-padding-xs-lg u-padding-xs\"><\/div>\n\n\n\n<div class=\"wp-block-fcs-core-spacer u-padding-xs-lg u-padding-xs\"><\/div>\n\n\n\n<h3 class=\"wp-block-heading has-secondary-color has-text-color\"><strong><strong>Technische Daten<\/strong><\/strong><\/h3>\n\n\n\n<p><strong>Technologie<\/strong>: monopolare HF-Generator<\/p>\n\n\n\n<p><strong>Klassifizierung der angewandten Teile<\/strong>: Typ CF<\/p>\n\n\n\n<p><strong>Abmessungen des Generators<\/strong>: L 444 mm \u00d7 B 387 mm \u00d7 H 153 mm<\/p>\n\n\n\n<p><strong>Gewicht des Generators<\/strong>: 9,4 kg<\/p>\n\n\n\n<p><strong>Abmessungen der Peristaltikpumpe<\/strong>: L 335 mm \u00d7 B 172 mm \u00d7 H 253 mm<\/p>\n\n\n\n<p><strong>Gewicht der Peristaltikpumpe<\/strong>: 6,3 kg<\/p>\n\n\n\n<p><strong>Arbeitsfrequenz<\/strong>: 471 kHz \u00b110 %<\/p>\n\n\n\n<p><strong>Eingangsspannung<\/strong>: 230 V AC<\/p>\n\n\n\n<p><strong>Eingangsleistung<\/strong>: 500 V A<\/p>\n\n\n\n<p><strong>Nennlast<\/strong>: 50 \u03a9<\/p>\n\n\n\n<div class=\"wp-block-fcs-core-spacer u-padding-xs-lg u-padding-xs\"><\/div>\n\n\n\n<div class=\"wp-block-fcs-core-spacer u-padding-xs-lg u-padding-xs\"><\/div>\n\n\n\n<h3 class=\"wp-block-heading has-secondary-color has-text-color\"><strong><strong><strong>Ausgangsspezifikationen<\/strong><\/strong><\/strong><\/h3>\n\n\n\n<p><\/p>\n\n\n\n<figure class=\"wp-block-table\"><table><tbody><tr><td><strong><strong>Arbeitsmodus<\/strong><\/strong><\/td><td><strong><strong>Nennleistung<\/strong><\/strong><\/td><td><strong><strong>Max. Leistung<\/strong><\/strong><\/td><\/tr><tr><td>Affusion<\/td><td>200 W<\/td><td>450 V<\/td><\/tr><tr><td>A-track<\/td><td>50 W<\/td><td>450 V<\/td><\/tr><tr><td>Cool Needle(M)<\/td><td>150 W<\/td><td>670 V<\/td><\/tr><tr><td>Cool Needle (P)<\/td><td>150 W<\/td><td>670 V<\/td><\/tr><tr><td>Cool Needle (TEMP)<\/td><td>80 W<\/td><td>550 V<\/td><\/tr><tr><td>C-track<\/td><td>50 W<\/td><td>330 V<\/td><\/tr><\/tbody><\/table><\/figure>\n<\/div>\n<\/div>\n\n\n\n<div class=\"wp-block-fcs-core-spacer u-padding-xl-lg u-padding-md\"><\/div>\n<\/div>\n\n\n\n<div class=\"wp-block-group has-secondary-background-color has-background\"><div class=\"wp-block-group__inner-container is-layout-constrained wp-block-group-is-layout-constrained\">\n<div class=\"wp-block-fcs-core-spacer u-padding-md-lg u-padding-md\"><\/div>\n\n\n\n<div class=\"wp-block-fcs-core-container o-container\">\n<figure class=\"wp-block-image size-full is-resized\"><img decoding=\"async\" src=\"https:\/\/fcaresystems.com\/wp-content\/uploads\/2022\/11\/icon-doctor-white.svg\" alt=\"\" class=\"wp-image-392\" style=\"width:46px;height:48px\"\/><\/figure>\n\n\n\n<div class=\"wp-block-fcs-core-spacer u-padding-xxs-lg u-padding-sm\"><\/div>\n\n\n\n<div class=\"wp-block-columns is-layout-flex wp-container-core-columns-is-layout-9d6595d7 wp-block-columns-is-layout-flex\">\n<div class=\"wp-block-column is-layout-flow wp-block-column-is-layout-flow\" style=\"flex-basis:56%\">\n<h2 class=\"wp-block-heading u-margin-none has-white-color has-text-color\">Ich brauche dies f\u00fcr meine Praxis<\/h2>\n<\/div>\n\n\n\n<div class=\"wp-block-column is-vertically-aligned-bottom is-layout-flow wp-block-column-is-layout-flow\">\n<div class=\"wp-block-buttons is-content-justification-left is-layout-flex wp-container-core-buttons-is-layout-fdcfc74e wp-block-buttons-is-layout-flex\">\n<div class=\"wp-block-button alignright\"><a class=\"wp-block-button__link has-primary-background-color has-background wp-element-button\" href=\"https:\/\/fcaresystems.com\/de\/produkte\/bestellungen\/\">dieses Produkt bestellen<\/a><\/div>\n\n\n\n<div class=\"wp-block-button alignright is-style-outline is-style-outline--1\"><a class=\"wp-block-button__link has-white-color has-text-color has-link-color wp-element-button\" href=\"https:\/\/fcaresystems.com\/de\/produkte\/\">alle Produkte anziegen<\/a><\/div>\n<\/div>\n<\/div>\n<\/div>\n<\/div>\n\n\n\n<div class=\"wp-block-fcs-core-spacer u-padding-md-lg u-padding-md\"><\/div>\n<\/div><\/div>\n\n\n\n<div class=\"wp-block-fcs-core-spacer u-padding-xl-lg u-padding-md\"><\/div>\n\n\n\n<div class=\"wp-block-fcs-core-container o-container\">\n<h2 class=\"wp-block-heading is-style-underline has-secondary-color has-text-color\">Zugeh\u00f6rige Verbrauchsmaterialien<\/h2>\n\n\n\n<div class=\"wp-block-fcs-core-spacer u-padding-xs-lg u-padding-xs\"><\/div>\n\n\n\n<div class=\"o-grid o-grid-3-lg o-grid-gap-s\"><div class=\"c-card__wrapper\">\n    <a href=\"https:\/\/fcaresystems.com\/de\/produkte\/verbrauchsmaterialien\/rf-electrodes-aj-500a\/\" class=\"c-card c-card--product\">\n    <figure>\n    <img decoding=\"async\" src=\"https:\/\/fcaresystems.com\/wp-content\/uploads\/2022\/11\/percutaneous-rf-needle-electrodes.jpg\" alt=\"\" title=\"\" width=\"1080\" height=\"810\" loading=\"lazy\" \/>\n    <\/figure>\n        <div class=\"u-padding-sm o-flex o-flex-column o-flex-justify-content-between o-flex-grow\">\n            <div>\n                <h3>AJ-500A RF-Elektroden<\/h3>\n                <p>Ein Trio wassergek\u00fchlter Nadelelektroden f\u00fcr pr\u00e4zise temperatur- oder impedanzgesteuerte Thermokoagulation.<\/p>\n            <\/div>\n            <p class=\"c-button-link c-button-link--icon u-margin-none\">Weiterlesen<\/p>\n        <\/div>\n    <\/a>\n<\/div><\/div>\n\n\n\n<div class=\"wp-block-fcs-core-spacer u-padding-xl-lg u-padding-md\"><\/div>\n\n\n\n<h2 class=\"wp-block-heading is-style-underline has-secondary-color has-text-color\">Verwandte Behandlungen<\/h2>\n\n\n\n<div class=\"wp-block-fcs-core-spacer u-padding-xs-lg u-padding-xs\"><\/div>\n\n\n\n<div class=\"o-grid o-grid-3-lg o-grid-gap-s\"><div class=\"c-card__wrapper\">\n    <a href=\"https:\/\/fcaresystems.com\/de\/rfa-von-tumoren\/\" class=\"c-card c-card--product\">\n    <figure>\n    <img decoding=\"async\" src=\"https:\/\/fcaresystems.com\/wp-content\/uploads\/2024\/08\/RFA-tumours.png\" alt=\"\" title=\"\" width=\"1080\" height=\"810\" loading=\"lazy\" \/>\n    <\/figure>\n        <div class=\"u-padding-sm o-flex o-flex-column o-flex-justify-content-between o-flex-grow\">\n            <div>\n                <h3>RFA von Tumoren<\/h3>\n                            <\/div>\n            <p class=\"c-button-link c-button-link--icon u-margin-none\">Weiterlesen<\/p>\n        <\/div>\n    <\/a>\n<\/div><\/div>\n\n\n\n<div class=\"wp-block-fcs-core-spacer u-padding-xl-lg u-padding-md\"><\/div>\n\n\n\n<div class=\"wp-block-fcs-core-spacer u-padding-xl-lg u-padding-md\"><\/div>\n\n\n\n<div class=\"wp-block-fcs-core-spacer u-padding-xs-lg u-padding-sm\"><\/div>\n<\/div>\n\n\n\n<div class=\"wp-block-fcs-core-spacer u-padding-xs-lg u-padding-sm\"><\/div>\n\n\n\n<div class=\"wp-block-fcs-core-spacer u-padding-xl-lg u-padding-md\"><\/div>\n\n\n\n<div class=\"wp-block-fcs-core-spacer u-padding-xxl-lg u-padding-md\"><\/div>\n","protected":false},"excerpt":{"rendered":"<p>Dedicated to precise water-cooled thermocoagulation of tumours.<\/p>\n","protected":false},"author":1,"featured_media":4943,"parent":7734,"menu_order":0,"comment_status":"closed","ping_status":"closed","template":"","meta":{"_color_hex":"","_color_slug":"","footnotes":""},"class_list":["post-14855","page","type-page","status-publish","has-post-thumbnail","hentry"],"yoast_head":"<!-- This site is optimized with the Yoast SEO plugin v27.0 - https:\/\/yoast.com\/product\/yoast-seo-wordpress\/ -->\n<title>F Care Systems | AJ-500A Generator f\u00fcr Tumore<\/title>\n<meta name=\"description\" content=\"Entdecken Sie das AJ-500A, das benutzerfreundlichste Radiofrequenz-Ablationssystem auf dem Markt zur Ablation von gutartigen Tumoren in Leber, Schilddr\u00fcse und Lunge.\" \/>\n<meta name=\"robots\" content=\"index, follow, max-snippet:-1, max-image-preview:large, max-video-preview:-1\" \/>\n<link rel=\"canonical\" href=\"https:\/\/fcaresystems.com\/de\/produkte\/generatoren\/aj-500a-rf-generator\/\" \/>\n<meta property=\"og:locale\" content=\"de_DE\" \/>\n<meta property=\"og:type\" content=\"article\" \/>\n<meta property=\"og:title\" content=\"F Care Systems | AJ-500A Generator f\u00fcr Tumore\" \/>\n<meta property=\"og:description\" content=\"Entdecken Sie das AJ-500A, das benutzerfreundlichste Radiofrequenz-Ablationssystem auf dem Markt zur Ablation von gutartigen Tumoren in Leber, Schilddr\u00fcse und Lunge.\" \/>\n<meta property=\"og:url\" content=\"https:\/\/fcaresystems.com\/de\/produkte\/generatoren\/aj-500a-rf-generator\/\" \/>\n<meta property=\"og:site_name\" content=\"F Care Systems\" \/>\n<meta property=\"article:modified_time\" content=\"2026-02-11T11:36:22+00:00\" \/>\n<meta property=\"og:image\" content=\"https:\/\/fcaresystems.com\/wp-content\/uploads\/2022\/11\/MedRF5000-percuteaneous-radiofrequency-coagulation.jpg\" \/>\n\t<meta property=\"og:image:width\" content=\"1080\" \/>\n\t<meta property=\"og:image:height\" content=\"810\" \/>\n\t<meta property=\"og:image:type\" content=\"image\/jpeg\" \/>\n<meta name=\"twitter:card\" content=\"summary_large_image\" \/>\n<meta name=\"twitter:label1\" content=\"Gesch\u00e4tzte Lesezeit\" \/>\n\t<meta name=\"twitter:data1\" content=\"3\u00a0Minuten\" \/>\n<script type=\"application\/ld+json\" class=\"yoast-schema-graph\">{\"@context\":\"https:\/\/schema.org\",\"@graph\":[{\"@type\":\"WebPage\",\"@id\":\"https:\/\/fcaresystems.com\/de\/produkte\/generatoren\/aj-500a-rf-generator\/\",\"url\":\"https:\/\/fcaresystems.com\/de\/produkte\/generatoren\/aj-500a-rf-generator\/\",\"name\":\"F Care Systems | AJ-500A Generator f\u00fcr Tumore\",\"isPartOf\":{\"@id\":\"https:\/\/fcaresystems.com\/de\/#website\"},\"primaryImageOfPage\":{\"@id\":\"https:\/\/fcaresystems.com\/de\/produkte\/generatoren\/aj-500a-rf-generator\/#primaryimage\"},\"image\":{\"@id\":\"https:\/\/fcaresystems.com\/de\/produkte\/generatoren\/aj-500a-rf-generator\/#primaryimage\"},\"thumbnailUrl\":\"https:\/\/fcaresystems.com\/wp-content\/uploads\/2022\/11\/MedRF5000-percuteaneous-radiofrequency-coagulation.jpg\",\"datePublished\":\"2022-11-18T09:17:51+00:00\",\"dateModified\":\"2026-02-11T11:36:22+00:00\",\"description\":\"Entdecken Sie das AJ-500A, das benutzerfreundlichste Radiofrequenz-Ablationssystem auf dem Markt zur Ablation von gutartigen Tumoren in Leber, Schilddr\u00fcse und Lunge.\",\"breadcrumb\":{\"@id\":\"https:\/\/fcaresystems.com\/de\/produkte\/generatoren\/aj-500a-rf-generator\/#breadcrumb\"},\"inLanguage\":\"de\",\"potentialAction\":[{\"@type\":\"ReadAction\",\"target\":[\"https:\/\/fcaresystems.com\/de\/produkte\/generatoren\/aj-500a-rf-generator\/\"]}]},{\"@type\":\"ImageObject\",\"inLanguage\":\"de\",\"@id\":\"https:\/\/fcaresystems.com\/de\/produkte\/generatoren\/aj-500a-rf-generator\/#primaryimage\",\"url\":\"https:\/\/fcaresystems.com\/wp-content\/uploads\/2022\/11\/MedRF5000-percuteaneous-radiofrequency-coagulation.jpg\",\"contentUrl\":\"https:\/\/fcaresystems.com\/wp-content\/uploads\/2022\/11\/MedRF5000-percuteaneous-radiofrequency-coagulation.jpg\",\"width\":1080,\"height\":810,\"caption\":\"MedRF5000 percuteaneous radiofrequency coagulation\"},{\"@type\":\"BreadcrumbList\",\"@id\":\"https:\/\/fcaresystems.com\/de\/produkte\/generatoren\/aj-500a-rf-generator\/#breadcrumb\",\"itemListElement\":[{\"@type\":\"ListItem\",\"position\":1,\"name\":\"Home\",\"item\":\"https:\/\/fcaresystems.com\/de\/\"},{\"@type\":\"ListItem\",\"position\":2,\"name\":\"Produkte\",\"item\":\"https:\/\/fcaresystems.com\/de\/produkte\/\"},{\"@type\":\"ListItem\",\"position\":3,\"name\":\"Generatoren\",\"item\":\"https:\/\/fcaresystems.com\/de\/produkte\/generatoren\/\"},{\"@type\":\"ListItem\",\"position\":4,\"name\":\"Generator AJ-500A\"}]},{\"@type\":\"WebSite\",\"@id\":\"https:\/\/fcaresystems.com\/de\/#website\",\"url\":\"https:\/\/fcaresystems.com\/de\/\",\"name\":\"F Care Systems\",\"description\":\"\",\"publisher\":{\"@id\":\"https:\/\/fcaresystems.com\/de\/#organization\"},\"potentialAction\":[{\"@type\":\"SearchAction\",\"target\":{\"@type\":\"EntryPoint\",\"urlTemplate\":\"https:\/\/fcaresystems.com\/de\/?s={search_term_string}\"},\"query-input\":{\"@type\":\"PropertyValueSpecification\",\"valueRequired\":true,\"valueName\":\"search_term_string\"}}],\"inLanguage\":\"de\"},{\"@type\":\"Organization\",\"@id\":\"https:\/\/fcaresystems.com\/de\/#organization\",\"name\":\"F Care Systems\",\"url\":\"https:\/\/fcaresystems.com\/de\/\",\"logo\":{\"@type\":\"ImageObject\",\"inLanguage\":\"de\",\"@id\":\"https:\/\/fcaresystems.com\/de\/#\/schema\/logo\/image\/\",\"url\":\"https:\/\/fcaresystems.com\/wp-content\/uploads\/2022\/11\/logo-2.svg\",\"contentUrl\":\"https:\/\/fcaresystems.com\/wp-content\/uploads\/2022\/11\/logo-2.svg\",\"caption\":\"F Care Systems\"},\"image\":{\"@id\":\"https:\/\/fcaresystems.com\/de\/#\/schema\/logo\/image\/\"}}]}<\/script>\n<!-- \/ Yoast SEO plugin. -->","yoast_head_json":{"title":"F Care Systems | AJ-500A Generator f\u00fcr Tumore","description":"Entdecken Sie das AJ-500A, das benutzerfreundlichste Radiofrequenz-Ablationssystem auf dem Markt zur Ablation von gutartigen Tumoren in Leber, Schilddr\u00fcse und Lunge.","robots":{"index":"index","follow":"follow","max-snippet":"max-snippet:-1","max-image-preview":"max-image-preview:large","max-video-preview":"max-video-preview:-1"},"canonical":"https:\/\/fcaresystems.com\/de\/produkte\/generatoren\/aj-500a-rf-generator\/","og_locale":"de_DE","og_type":"article","og_title":"F Care Systems | AJ-500A Generator f\u00fcr Tumore","og_description":"Entdecken Sie das AJ-500A, das benutzerfreundlichste Radiofrequenz-Ablationssystem auf dem Markt zur Ablation von gutartigen Tumoren in Leber, Schilddr\u00fcse und Lunge.","og_url":"https:\/\/fcaresystems.com\/de\/produkte\/generatoren\/aj-500a-rf-generator\/","og_site_name":"F Care Systems","article_modified_time":"2026-02-11T11:36:22+00:00","og_image":[{"width":1080,"height":810,"url":"https:\/\/fcaresystems.com\/wp-content\/uploads\/2022\/11\/MedRF5000-percuteaneous-radiofrequency-coagulation.jpg","type":"image\/jpeg"}],"twitter_card":"summary_large_image","twitter_misc":{"Gesch\u00e4tzte Lesezeit":"3\u00a0Minuten"},"schema":{"@context":"https:\/\/schema.org","@graph":[{"@type":"WebPage","@id":"https:\/\/fcaresystems.com\/de\/produkte\/generatoren\/aj-500a-rf-generator\/","url":"https:\/\/fcaresystems.com\/de\/produkte\/generatoren\/aj-500a-rf-generator\/","name":"F Care Systems | AJ-500A Generator f\u00fcr Tumore","isPartOf":{"@id":"https:\/\/fcaresystems.com\/de\/#website"},"primaryImageOfPage":{"@id":"https:\/\/fcaresystems.com\/de\/produkte\/generatoren\/aj-500a-rf-generator\/#primaryimage"},"image":{"@id":"https:\/\/fcaresystems.com\/de\/produkte\/generatoren\/aj-500a-rf-generator\/#primaryimage"},"thumbnailUrl":"https:\/\/fcaresystems.com\/wp-content\/uploads\/2022\/11\/MedRF5000-percuteaneous-radiofrequency-coagulation.jpg","datePublished":"2022-11-18T09:17:51+00:00","dateModified":"2026-02-11T11:36:22+00:00","description":"Entdecken Sie das AJ-500A, das benutzerfreundlichste Radiofrequenz-Ablationssystem auf dem Markt zur Ablation von gutartigen Tumoren in Leber, Schilddr\u00fcse und Lunge.","breadcrumb":{"@id":"https:\/\/fcaresystems.com\/de\/produkte\/generatoren\/aj-500a-rf-generator\/#breadcrumb"},"inLanguage":"de","potentialAction":[{"@type":"ReadAction","target":["https:\/\/fcaresystems.com\/de\/produkte\/generatoren\/aj-500a-rf-generator\/"]}]},{"@type":"ImageObject","inLanguage":"de","@id":"https:\/\/fcaresystems.com\/de\/produkte\/generatoren\/aj-500a-rf-generator\/#primaryimage","url":"https:\/\/fcaresystems.com\/wp-content\/uploads\/2022\/11\/MedRF5000-percuteaneous-radiofrequency-coagulation.jpg","contentUrl":"https:\/\/fcaresystems.com\/wp-content\/uploads\/2022\/11\/MedRF5000-percuteaneous-radiofrequency-coagulation.jpg","width":1080,"height":810,"caption":"MedRF5000 percuteaneous radiofrequency coagulation"},{"@type":"BreadcrumbList","@id":"https:\/\/fcaresystems.com\/de\/produkte\/generatoren\/aj-500a-rf-generator\/#breadcrumb","itemListElement":[{"@type":"ListItem","position":1,"name":"Home","item":"https:\/\/fcaresystems.com\/de\/"},{"@type":"ListItem","position":2,"name":"Produkte","item":"https:\/\/fcaresystems.com\/de\/produkte\/"},{"@type":"ListItem","position":3,"name":"Generatoren","item":"https:\/\/fcaresystems.com\/de\/produkte\/generatoren\/"},{"@type":"ListItem","position":4,"name":"Generator AJ-500A"}]},{"@type":"WebSite","@id":"https:\/\/fcaresystems.com\/de\/#website","url":"https:\/\/fcaresystems.com\/de\/","name":"F Care Systems","description":"","publisher":{"@id":"https:\/\/fcaresystems.com\/de\/#organization"},"potentialAction":[{"@type":"SearchAction","target":{"@type":"EntryPoint","urlTemplate":"https:\/\/fcaresystems.com\/de\/?s={search_term_string}"},"query-input":{"@type":"PropertyValueSpecification","valueRequired":true,"valueName":"search_term_string"}}],"inLanguage":"de"},{"@type":"Organization","@id":"https:\/\/fcaresystems.com\/de\/#organization","name":"F Care Systems","url":"https:\/\/fcaresystems.com\/de\/","logo":{"@type":"ImageObject","inLanguage":"de","@id":"https:\/\/fcaresystems.com\/de\/#\/schema\/logo\/image\/","url":"https:\/\/fcaresystems.com\/wp-content\/uploads\/2022\/11\/logo-2.svg","contentUrl":"https:\/\/fcaresystems.com\/wp-content\/uploads\/2022\/11\/logo-2.svg","caption":"F Care Systems"},"image":{"@id":"https:\/\/fcaresystems.com\/de\/#\/schema\/logo\/image\/"}}]}},"_links":{"self":[{"href":"https:\/\/fcaresystems.com\/de\/wp-json\/wp\/v2\/pages\/14855","targetHints":{"allow":["GET"]}}],"collection":[{"href":"https:\/\/fcaresystems.com\/de\/wp-json\/wp\/v2\/pages"}],"about":[{"href":"https:\/\/fcaresystems.com\/de\/wp-json\/wp\/v2\/types\/page"}],"author":[{"embeddable":true,"href":"https:\/\/fcaresystems.com\/de\/wp-json\/wp\/v2\/users\/1"}],"replies":[{"embeddable":true,"href":"https:\/\/fcaresystems.com\/de\/wp-json\/wp\/v2\/comments?post=14855"}],"version-history":[{"count":2,"href":"https:\/\/fcaresystems.com\/de\/wp-json\/wp\/v2\/pages\/14855\/revisions"}],"predecessor-version":[{"id":14860,"href":"https:\/\/fcaresystems.com\/de\/wp-json\/wp\/v2\/pages\/14855\/revisions\/14860"}],"up":[{"embeddable":true,"href":"https:\/\/fcaresystems.com\/de\/wp-json\/wp\/v2\/pages\/7734"}],"wp:featuredmedia":[{"embeddable":true,"href":"https:\/\/fcaresystems.com\/de\/wp-json\/wp\/v2\/media\/4943"}],"wp:attachment":[{"href":"https:\/\/fcaresystems.com\/de\/wp-json\/wp\/v2\/media?parent=14855"}],"curies":[{"name":"wp","href":"https:\/\/api.w.org\/{rel}","templated":true}]}}